{"id":741775,"date":"2025-03-03T18:17:21","date_gmt":"2025-03-03T17:17:21","guid":{"rendered":"https:\/\/stoic-curie.212-227-153-4.plesk.page\/producto\/dock-edge-preklopna-bitva-216x30mm\/"},"modified":"2026-02-25T00:00:56","modified_gmt":"2026-02-25T00:00:56","slug":"dock-edge-preklopna-bitva-216x30mm","status":"publish","type":"product","link":"https:\/\/stoic-curie.212-227-153-4.plesk.page\/hr\/product\/dock-edge-preklopna-bitva-216x30mm\/","title":{"rendered":"Dock Edge preklopna bitva 216x30mm"},"content":{"rendered":"<p>Dock Edge preklopna bitva 216x30mm &#8211; <\/p>\n<p>Nehr\u0111aju\u0107i Almag 35 oblo\u017een prahom bijeli aluminijski sklopivi \u010dep za pristani\u0161ta, pontone i ribarske \u010damce. Osnova s 2 ili 3 monta\u017ena rupa.<\/p>\n","protected":false},"excerpt":{"rendered":"<p>Dock Edge preklopna bitva 216x30mm &#8211; Nehr\u0111aju\u0107i Almag 35 oblo\u017een prahom bijeli aluminijski sklopivi \u010dep za pristani\u0161ta, pontone i ribarske<\/p>\n","protected":false},"featured_media":5942743,"comment_status":"open","ping_status":"closed","template":"","meta":[],"product_brand":[2886],"product_cat":[1712],"product_tag":[],"class_list":{"0":"post-741775","1":"product","2":"type-product","3":"status-publish","4":"has-post-thumbnail","6":"product_brand-dock-edge-hr","7":"product_cat-brodske-bitve","9":"first","10":"instock","11":"shipping-taxable","12":"purchasable","13":"product-type-simple"},"_links":{"self":[{"href":"https:\/\/stoic-curie.212-227-153-4.plesk.page\/hr\/wp-json\/wp\/v2\/product\/741775","targetHints":{"allow":["GET"]}}],"collection":[{"href":"https:\/\/stoic-curie.212-227-153-4.plesk.page\/hr\/wp-json\/wp\/v2\/product"}],"about":[{"href":"https:\/\/stoic-curie.212-227-153-4.plesk.page\/hr\/wp-json\/wp\/v2\/types\/product"}],"replies":[{"embeddable":true,"href":"https:\/\/stoic-curie.212-227-153-4.plesk.page\/hr\/wp-json\/wp\/v2\/comments?post=741775"}],"version-history":[{"count":0,"href":"https:\/\/stoic-curie.212-227-153-4.plesk.page\/hr\/wp-json\/wp\/v2\/product\/741775\/revisions"}],"wp:featuredmedia":[{"embeddable":true,"href":"https:\/\/stoic-curie.212-227-153-4.plesk.page\/hr\/wp-json\/wp\/v2\/media\/5942743"}],"wp:attachment":[{"href":"https:\/\/stoic-curie.212-227-153-4.plesk.page\/hr\/wp-json\/wp\/v2\/media?parent=741775"}],"wp:term":[{"taxonomy":"product_brand","embeddable":true,"href":"https:\/\/stoic-curie.212-227-153-4.plesk.page\/hr\/wp-json\/wp\/v2\/product_brand?post=741775"},{"taxonomy":"product_cat","embeddable":true,"href":"https:\/\/stoic-curie.212-227-153-4.plesk.page\/hr\/wp-json\/wp\/v2\/product_cat?post=741775"},{"taxonomy":"product_tag","embeddable":true,"href":"https:\/\/stoic-curie.212-227-153-4.plesk.page\/hr\/wp-json\/wp\/v2\/product_tag?post=741775"}],"curies":[{"name":"wp","href":"https:\/\/api.w.org\/{rel}","templated":true}]}}