{"id":741776,"date":"2025-03-03T18:17:21","date_gmt":"2025-03-03T17:17:21","guid":{"rendered":"https:\/\/stoic-curie.212-227-153-4.plesk.page\/producto\/par-skene-zjevaca-200x38mm-nehrdajuci-celik\/"},"modified":"2026-02-25T00:00:56","modified_gmt":"2026-02-25T00:00:56","slug":"par-skene-zjevaca-200x38mm-nehrdajuci-celik","status":"publish","type":"product","link":"https:\/\/stoic-curie.212-227-153-4.plesk.page\/hr\/product\/par-skene-zjevaca-200x38mm-nehrdajuci-celik\/","title":{"rendered":"Par Skene zjeva\u010da 200x38mm nehr\u0111aju\u0107i \u010delik"},"content":{"rendered":"<p>Par Skene zjeva\u010da 200x38mm nehr\u0111aju\u0107i \u010delik &#8211; <\/p>\n<p>Parni (desni i lijevi) Skene \u010damci od nehr\u0111aju\u0107eg \u010delika. 2 monta\u017ene rupe u bazi.<\/p>\n","protected":false},"excerpt":{"rendered":"<p>Par Skene zjeva\u010da 200x38mm nehr\u0111aju\u0107i \u010delik &#8211; Parni (desni i lijevi) Skene \u010damci od nehr\u0111aju\u0107eg \u010delika. 2 monta\u017ene rupe u<\/p>\n","protected":false},"featured_media":5938411,"comment_status":"open","ping_status":"closed","template":"","meta":[],"product_brand":[3121,2172],"product_cat":[1677],"product_tag":[],"class_list":{"0":"post-741776","1":"product","2":"type-product","3":"status-publish","4":"has-post-thumbnail","6":"product_brand-marinetech-hr","7":"product_brand-nova-argonautica","8":"product_cat-palubne-zjevace","10":"first","11":"instock","12":"shipping-taxable","13":"purchasable","14":"product-type-simple"},"_links":{"self":[{"href":"https:\/\/stoic-curie.212-227-153-4.plesk.page\/hr\/wp-json\/wp\/v2\/product\/741776","targetHints":{"allow":["GET"]}}],"collection":[{"href":"https:\/\/stoic-curie.212-227-153-4.plesk.page\/hr\/wp-json\/wp\/v2\/product"}],"about":[{"href":"https:\/\/stoic-curie.212-227-153-4.plesk.page\/hr\/wp-json\/wp\/v2\/types\/product"}],"replies":[{"embeddable":true,"href":"https:\/\/stoic-curie.212-227-153-4.plesk.page\/hr\/wp-json\/wp\/v2\/comments?post=741776"}],"version-history":[{"count":0,"href":"https:\/\/stoic-curie.212-227-153-4.plesk.page\/hr\/wp-json\/wp\/v2\/product\/741776\/revisions"}],"wp:featuredmedia":[{"embeddable":true,"href":"https:\/\/stoic-curie.212-227-153-4.plesk.page\/hr\/wp-json\/wp\/v2\/media\/5938411"}],"wp:attachment":[{"href":"https:\/\/stoic-curie.212-227-153-4.plesk.page\/hr\/wp-json\/wp\/v2\/media?parent=741776"}],"wp:term":[{"taxonomy":"product_brand","embeddable":true,"href":"https:\/\/stoic-curie.212-227-153-4.plesk.page\/hr\/wp-json\/wp\/v2\/product_brand?post=741776"},{"taxonomy":"product_cat","embeddable":true,"href":"https:\/\/stoic-curie.212-227-153-4.plesk.page\/hr\/wp-json\/wp\/v2\/product_cat?post=741776"},{"taxonomy":"product_tag","embeddable":true,"href":"https:\/\/stoic-curie.212-227-153-4.plesk.page\/hr\/wp-json\/wp\/v2\/product_tag?post=741776"}],"curies":[{"name":"wp","href":"https:\/\/api.w.org\/{rel}","templated":true}]}}