{"id":741778,"date":"2025-03-03T18:17:22","date_gmt":"2025-03-03T17:17:22","guid":{"rendered":"https:\/\/stoic-curie.212-227-153-4.plesk.page\/producto\/hidraulicno-crijevo-vetus-r7-5-16-x-10mt\/"},"modified":"2026-02-25T00:00:56","modified_gmt":"2026-02-25T00:00:56","slug":"hidraulicno-crijevo-vetus-r7-5-16-x-10mt","status":"publish","type":"product","link":"https:\/\/stoic-curie.212-227-153-4.plesk.page\/hr\/product\/hidraulicno-crijevo-vetus-r7-5-16-x-10mt\/","title":{"rendered":"Hidraulicno crijevo Vetus R7 5\/16 x 10mt"},"content":{"rendered":"<p>Hidraulicno crijevo Vetus R7 5\/16 x 10mt &#8211; <\/p>\n<p>Rezervni dijelovi i dodaci za Vetus hidrauli\u010dke upravlja\u010dke sustave. Ventili protiv povratka koriste se i za dvostrane stanice. Utonuli prirubnice su od nehr\u0111aju\u0107eg \u010delika i odgovaraju starim Vetus pumpama. Zaobi\u0111ite ventil montira se na hidrauli\u010dki sustav kako bi se do\u0161lo do kormila.<\/p>\n","protected":false},"excerpt":{"rendered":"<p>Hidraulicno crijevo Vetus R7 5\/16 x 10mt &#8211; Rezervni dijelovi i dodaci za Vetus hidrauli\u010dke upravlja\u010dke sustave. Ventili protiv povratka<\/p>\n","protected":false},"featured_media":5942748,"comment_status":"open","ping_status":"closed","template":"","meta":[],"product_brand":[3521],"product_cat":[1823],"product_tag":[],"class_list":{"0":"post-741778","1":"product","2":"type-product","3":"status-publish","4":"has-post-thumbnail","6":"product_brand-vetus-hr","7":"product_cat-hidraulicno-kormilarenje","9":"first","10":"instock","11":"shipping-taxable","12":"purchasable","13":"product-type-simple"},"_links":{"self":[{"href":"https:\/\/stoic-curie.212-227-153-4.plesk.page\/hr\/wp-json\/wp\/v2\/product\/741778","targetHints":{"allow":["GET"]}}],"collection":[{"href":"https:\/\/stoic-curie.212-227-153-4.plesk.page\/hr\/wp-json\/wp\/v2\/product"}],"about":[{"href":"https:\/\/stoic-curie.212-227-153-4.plesk.page\/hr\/wp-json\/wp\/v2\/types\/product"}],"replies":[{"embeddable":true,"href":"https:\/\/stoic-curie.212-227-153-4.plesk.page\/hr\/wp-json\/wp\/v2\/comments?post=741778"}],"version-history":[{"count":0,"href":"https:\/\/stoic-curie.212-227-153-4.plesk.page\/hr\/wp-json\/wp\/v2\/product\/741778\/revisions"}],"wp:featuredmedia":[{"embeddable":true,"href":"https:\/\/stoic-curie.212-227-153-4.plesk.page\/hr\/wp-json\/wp\/v2\/media\/5942748"}],"wp:attachment":[{"href":"https:\/\/stoic-curie.212-227-153-4.plesk.page\/hr\/wp-json\/wp\/v2\/media?parent=741778"}],"wp:term":[{"taxonomy":"product_brand","embeddable":true,"href":"https:\/\/stoic-curie.212-227-153-4.plesk.page\/hr\/wp-json\/wp\/v2\/product_brand?post=741778"},{"taxonomy":"product_cat","embeddable":true,"href":"https:\/\/stoic-curie.212-227-153-4.plesk.page\/hr\/wp-json\/wp\/v2\/product_cat?post=741778"},{"taxonomy":"product_tag","embeddable":true,"href":"https:\/\/stoic-curie.212-227-153-4.plesk.page\/hr\/wp-json\/wp\/v2\/product_tag?post=741778"}],"curies":[{"name":"wp","href":"https:\/\/api.w.org\/{rel}","templated":true}]}}