{"id":741783,"date":"2025-03-03T18:17:24","date_gmt":"2025-03-03T17:17:24","guid":{"rendered":"https:\/\/stoic-curie.212-227-153-4.plesk.page\/producto\/jedrilicarske-hlace-helly-hansen-pier-2-siva-velicina-xxl\/"},"modified":"2026-02-25T00:00:56","modified_gmt":"2026-02-25T00:00:56","slug":"jedrilicarske-hlace-helly-hansen-pier-2-siva-velicina-xxl","status":"publish","type":"product","link":"https:\/\/stoic-curie.212-227-153-4.plesk.page\/hr\/product\/jedrilicarske-hlace-helly-hansen-pier-2-siva-velicina-xxl\/","title":{"rendered":"Jedrili\u010darske hla\u010de Helly Hansen Pier 2 Siva &#8211; Velicina XXL"},"content":{"rendered":"<p>Jedrili\u010darske hla\u010de Helly Hansen Pier 2 Siva &#8211; Velicina XXL &#8211; <\/p>\n<p>Helly Hansen Pier 3.0 Hla\u010de idealne su za svaku obalnu ili brodsku aktivnost. Izra\u0111ene su od HellyTech Performance dvostrukog materijala, obra\u0111ene za dugotrajnu vodoodbojnost (DWR), \u0161to ih \u010dini vodootpornim, vjetrootpornim i prozra\u010dnim. S potpuno zape\u010da\u0107enim \u0161avovima, brzo su\u0161e\u0107om mre\u017eastom podlogom, oja\u010danjima na sjedi\u0161tu i koljenima, visokim le\u0111ima s podesivim naramenicama, podesivim strukom, dvosmjernim prednjim zatvara\u010dem, cargo d\u017eepom, podesivim otvorima za noge, kao i artikuliranim sjede\u0107im i koljenskim dijelovima.<\/p>\n","protected":false},"excerpt":{"rendered":"<p>Jedrili\u010darske hla\u010de Helly Hansen Pier 2 Siva &#8211; Velicina XXL &#8211; Helly Hansen Pier 3.0 Hla\u010de idealne su za svaku<\/p>\n","protected":false},"featured_media":5942751,"comment_status":"open","ping_status":"closed","template":"","meta":[],"product_brand":[3001],"product_cat":[1857],"product_tag":[],"class_list":{"0":"post-741783","1":"product","2":"type-product","3":"status-publish","4":"has-post-thumbnail","6":"product_brand-helly-hansen-hr","7":"product_cat-jedrilicarska-odjeca-helly-hansen","9":"first","10":"instock","11":"shipping-taxable","12":"purchasable","13":"product-type-simple"},"_links":{"self":[{"href":"https:\/\/stoic-curie.212-227-153-4.plesk.page\/hr\/wp-json\/wp\/v2\/product\/741783","targetHints":{"allow":["GET"]}}],"collection":[{"href":"https:\/\/stoic-curie.212-227-153-4.plesk.page\/hr\/wp-json\/wp\/v2\/product"}],"about":[{"href":"https:\/\/stoic-curie.212-227-153-4.plesk.page\/hr\/wp-json\/wp\/v2\/types\/product"}],"replies":[{"embeddable":true,"href":"https:\/\/stoic-curie.212-227-153-4.plesk.page\/hr\/wp-json\/wp\/v2\/comments?post=741783"}],"version-history":[{"count":0,"href":"https:\/\/stoic-curie.212-227-153-4.plesk.page\/hr\/wp-json\/wp\/v2\/product\/741783\/revisions"}],"wp:featuredmedia":[{"embeddable":true,"href":"https:\/\/stoic-curie.212-227-153-4.plesk.page\/hr\/wp-json\/wp\/v2\/media\/5942751"}],"wp:attachment":[{"href":"https:\/\/stoic-curie.212-227-153-4.plesk.page\/hr\/wp-json\/wp\/v2\/media?parent=741783"}],"wp:term":[{"taxonomy":"product_brand","embeddable":true,"href":"https:\/\/stoic-curie.212-227-153-4.plesk.page\/hr\/wp-json\/wp\/v2\/product_brand?post=741783"},{"taxonomy":"product_cat","embeddable":true,"href":"https:\/\/stoic-curie.212-227-153-4.plesk.page\/hr\/wp-json\/wp\/v2\/product_cat?post=741783"},{"taxonomy":"product_tag","embeddable":true,"href":"https:\/\/stoic-curie.212-227-153-4.plesk.page\/hr\/wp-json\/wp\/v2\/product_tag?post=741783"}],"curies":[{"name":"wp","href":"https:\/\/api.w.org\/{rel}","templated":true}]}}