{"id":741786,"date":"2025-03-03T18:17:25","date_gmt":"2025-03-03T17:17:25","guid":{"rendered":"https:\/\/stoic-curie.212-227-153-4.plesk.page\/producto\/jakna-helly-hansen-pier-3-0-plava-zena-velicina-l\/"},"modified":"2026-02-25T00:00:56","modified_gmt":"2026-02-25T00:00:56","slug":"jakna-helly-hansen-pier-3-0-plava-zena-velicina-l","status":"publish","type":"product","link":"https:\/\/stoic-curie.212-227-153-4.plesk.page\/hr\/product\/jakna-helly-hansen-pier-3-0-plava-zena-velicina-l\/","title":{"rendered":"Jakna Helly Hansen Pier 3.0 Plava \u017eena &#8211; Velicina L"},"content":{"rendered":"<p>Jakna Helly Hansen Pier 3.0 Plava \u017eena &#8211; Velicina L &#8211; <\/p>\n<p>Jakna Helly Hansen Pier 3.0 idealna je za sve aktivnosti na obali ili na \u010damcu. Izra\u0111ena je od HellyTech Performance dvostruko slo\u017eenog materijala koji je tretiran sa trajnom vodoodbojno\u0161\u0107u (DWR), vodootporna je, vjetrootporna i prozra\u010dna. Sadr\u017ei potpuno zape\u010da\u0107ene \u0161avove, brzo suhe mre\u017easte obloge, za\u0161titu od oluje, dvostruko podesive man\u0161ete, podesivi rub i struk, d\u017eepove za grijanje ruku, oblikovane rukave, visoki za\u0161titni ovratnik od flisa, podesivu kapu visoke vidljivosti prema EN471 i reflektore u skladu sa Solas standardima.<\/p>\n","protected":false},"excerpt":{"rendered":"<p>Jakna Helly Hansen Pier 3.0 Plava \u017eena &#8211; Velicina L &#8211; Jakna Helly Hansen Pier 3.0 idealna je za sve<\/p>\n","protected":false},"featured_media":5942758,"comment_status":"open","ping_status":"closed","template":"","meta":[],"product_brand":[3001],"product_cat":[1857],"product_tag":[],"class_list":{"0":"post-741786","1":"product","2":"type-product","3":"status-publish","4":"has-post-thumbnail","6":"product_brand-helly-hansen-hr","7":"product_cat-jedrilicarska-odjeca-helly-hansen","9":"first","10":"instock","11":"shipping-taxable","12":"purchasable","13":"product-type-simple"},"_links":{"self":[{"href":"https:\/\/stoic-curie.212-227-153-4.plesk.page\/hr\/wp-json\/wp\/v2\/product\/741786","targetHints":{"allow":["GET"]}}],"collection":[{"href":"https:\/\/stoic-curie.212-227-153-4.plesk.page\/hr\/wp-json\/wp\/v2\/product"}],"about":[{"href":"https:\/\/stoic-curie.212-227-153-4.plesk.page\/hr\/wp-json\/wp\/v2\/types\/product"}],"replies":[{"embeddable":true,"href":"https:\/\/stoic-curie.212-227-153-4.plesk.page\/hr\/wp-json\/wp\/v2\/comments?post=741786"}],"version-history":[{"count":0,"href":"https:\/\/stoic-curie.212-227-153-4.plesk.page\/hr\/wp-json\/wp\/v2\/product\/741786\/revisions"}],"wp:featuredmedia":[{"embeddable":true,"href":"https:\/\/stoic-curie.212-227-153-4.plesk.page\/hr\/wp-json\/wp\/v2\/media\/5942758"}],"wp:attachment":[{"href":"https:\/\/stoic-curie.212-227-153-4.plesk.page\/hr\/wp-json\/wp\/v2\/media?parent=741786"}],"wp:term":[{"taxonomy":"product_brand","embeddable":true,"href":"https:\/\/stoic-curie.212-227-153-4.plesk.page\/hr\/wp-json\/wp\/v2\/product_brand?post=741786"},{"taxonomy":"product_cat","embeddable":true,"href":"https:\/\/stoic-curie.212-227-153-4.plesk.page\/hr\/wp-json\/wp\/v2\/product_cat?post=741786"},{"taxonomy":"product_tag","embeddable":true,"href":"https:\/\/stoic-curie.212-227-153-4.plesk.page\/hr\/wp-json\/wp\/v2\/product_tag?post=741786"}],"curies":[{"name":"wp","href":"https:\/\/api.w.org\/{rel}","templated":true}]}}