{"id":741789,"date":"2025-03-03T18:17:26","date_gmt":"2025-03-03T17:17:26","guid":{"rendered":"https:\/\/stoic-curie.212-227-153-4.plesk.page\/producto\/jedrilicarske-hlace-helly-hansen-pier-2-plava-zena-velicina-m\/"},"modified":"2026-02-25T00:00:56","modified_gmt":"2026-02-25T00:00:56","slug":"jedrilicarske-hlace-helly-hansen-pier-2-plava-zena-velicina-m","status":"publish","type":"product","link":"https:\/\/stoic-curie.212-227-153-4.plesk.page\/hr\/product\/jedrilicarske-hlace-helly-hansen-pier-2-plava-zena-velicina-m\/","title":{"rendered":"Jedrili\u010darske hla\u010de Helly Hansen Pier 2 Plava \u017eena &#8211; Velicina M"},"content":{"rendered":"<p>Jedrili\u010darske hla\u010de Helly Hansen Pier 2 Plava \u017eena &#8211; Velicina M &#8211; <\/p>\n<p>Helly Hansen Pier 3.0 hla\u010de su idealne za svaku obalnu ili brodsku aktivnost. S HellyTech Performance dvoslojnim sustavom koji je obra\u0111en za trajnu vodoodbojnost (DWR), hla\u010de su vodootporne, vjetrootporn\u00e9 i prozra\u010dne. Imaju potpuno zape\u010da\u0107ene \u0161avove, brzosu\u0161e\u0107u mre\u017eastu podstavu, oja\u010danja na sjedi\u0161tu i koljenima, visoki struk s podesivim naramenicama, podesiv struk, dvostruki prednji zip, cargo d\u017eep, podesive otvore za noge te artikulirano sjedi\u0161te i koljena.<\/p>\n","protected":false},"excerpt":{"rendered":"<p>Jedrili\u010darske hla\u010de Helly Hansen Pier 2 Plava \u017eena &#8211; Velicina M &#8211; Helly Hansen Pier 3.0 hla\u010de su idealne za<\/p>\n","protected":false},"featured_media":5942763,"comment_status":"open","ping_status":"closed","template":"","meta":[],"product_brand":[3001],"product_cat":[1857],"product_tag":[],"class_list":{"0":"post-741789","1":"product","2":"type-product","3":"status-publish","4":"has-post-thumbnail","6":"product_brand-helly-hansen-hr","7":"product_cat-jedrilicarska-odjeca-helly-hansen","9":"first","10":"instock","11":"shipping-taxable","12":"purchasable","13":"product-type-simple"},"_links":{"self":[{"href":"https:\/\/stoic-curie.212-227-153-4.plesk.page\/hr\/wp-json\/wp\/v2\/product\/741789","targetHints":{"allow":["GET"]}}],"collection":[{"href":"https:\/\/stoic-curie.212-227-153-4.plesk.page\/hr\/wp-json\/wp\/v2\/product"}],"about":[{"href":"https:\/\/stoic-curie.212-227-153-4.plesk.page\/hr\/wp-json\/wp\/v2\/types\/product"}],"replies":[{"embeddable":true,"href":"https:\/\/stoic-curie.212-227-153-4.plesk.page\/hr\/wp-json\/wp\/v2\/comments?post=741789"}],"version-history":[{"count":0,"href":"https:\/\/stoic-curie.212-227-153-4.plesk.page\/hr\/wp-json\/wp\/v2\/product\/741789\/revisions"}],"wp:featuredmedia":[{"embeddable":true,"href":"https:\/\/stoic-curie.212-227-153-4.plesk.page\/hr\/wp-json\/wp\/v2\/media\/5942763"}],"wp:attachment":[{"href":"https:\/\/stoic-curie.212-227-153-4.plesk.page\/hr\/wp-json\/wp\/v2\/media?parent=741789"}],"wp:term":[{"taxonomy":"product_brand","embeddable":true,"href":"https:\/\/stoic-curie.212-227-153-4.plesk.page\/hr\/wp-json\/wp\/v2\/product_brand?post=741789"},{"taxonomy":"product_cat","embeddable":true,"href":"https:\/\/stoic-curie.212-227-153-4.plesk.page\/hr\/wp-json\/wp\/v2\/product_cat?post=741789"},{"taxonomy":"product_tag","embeddable":true,"href":"https:\/\/stoic-curie.212-227-153-4.plesk.page\/hr\/wp-json\/wp\/v2\/product_tag?post=741789"}],"curies":[{"name":"wp","href":"https:\/\/api.w.org\/{rel}","templated":true}]}}