{"id":741801,"date":"2025-03-03T18:17:30","date_gmt":"2025-03-03T17:17:30","guid":{"rendered":"https:\/\/stoic-curie.212-227-153-4.plesk.page\/producto\/boatasy-ghook-kuka-za-prihvat-muringa\/"},"modified":"2026-02-25T00:00:56","modified_gmt":"2026-02-25T00:00:56","slug":"boatasy-ghook-kuka-za-prihvat-muringa","status":"publish","type":"product","link":"https:\/\/stoic-curie.212-227-153-4.plesk.page\/hr\/product\/boatasy-ghook-kuka-za-prihvat-muringa\/","title":{"rendered":"Boatasy Ghook kuka za prihvat muringa"},"content":{"rendered":"<p>Boatasy Ghook kuka za prihvat muringa &#8211; <\/p>\n<p>Oja\u010dana plasti\u010dna Boatasy GHook sidrena u\u017ead za jednostavno, brzo i \u010disto vezivanje. Omogu\u0107ava lako i sigurno vra\u0107anje u\u017eeta, izbjegavaju\u0107i prljav\u0161tinu i o\u0161te\u0107enja ruku. Zahvaljuju\u0107i rotiraju\u0107em kota\u010du \u0161irine 7 cm, svaka u\u017ee ili konopac mo\u017ee se lako podi\u0107i iz vode i prenijeti na vezno mjesto samo jednom rukom.<\/p>\n","protected":false},"excerpt":{"rendered":"<p>Boatasy Ghook kuka za prihvat muringa &#8211; Oja\u010dana plasti\u010dna Boatasy GHook sidrena u\u017ead za jednostavno, brzo i \u010disto vezivanje. Omogu\u0107ava<\/p>\n","protected":false},"featured_media":5942789,"comment_status":"open","ping_status":"closed","template":"","meta":[],"product_brand":[2836],"product_cat":[1616],"product_tag":[],"class_list":{"0":"post-741801","1":"product","2":"type-product","3":"status-publish","4":"has-post-thumbnail","6":"product_brand-boatasy-hr","7":"product_cat-kuke-za-privez-i-pristajanje","9":"first","10":"outofstock","11":"shipping-taxable","12":"purchasable","13":"product-type-simple"},"_links":{"self":[{"href":"https:\/\/stoic-curie.212-227-153-4.plesk.page\/hr\/wp-json\/wp\/v2\/product\/741801","targetHints":{"allow":["GET"]}}],"collection":[{"href":"https:\/\/stoic-curie.212-227-153-4.plesk.page\/hr\/wp-json\/wp\/v2\/product"}],"about":[{"href":"https:\/\/stoic-curie.212-227-153-4.plesk.page\/hr\/wp-json\/wp\/v2\/types\/product"}],"replies":[{"embeddable":true,"href":"https:\/\/stoic-curie.212-227-153-4.plesk.page\/hr\/wp-json\/wp\/v2\/comments?post=741801"}],"version-history":[{"count":0,"href":"https:\/\/stoic-curie.212-227-153-4.plesk.page\/hr\/wp-json\/wp\/v2\/product\/741801\/revisions"}],"wp:featuredmedia":[{"embeddable":true,"href":"https:\/\/stoic-curie.212-227-153-4.plesk.page\/hr\/wp-json\/wp\/v2\/media\/5942789"}],"wp:attachment":[{"href":"https:\/\/stoic-curie.212-227-153-4.plesk.page\/hr\/wp-json\/wp\/v2\/media?parent=741801"}],"wp:term":[{"taxonomy":"product_brand","embeddable":true,"href":"https:\/\/stoic-curie.212-227-153-4.plesk.page\/hr\/wp-json\/wp\/v2\/product_brand?post=741801"},{"taxonomy":"product_cat","embeddable":true,"href":"https:\/\/stoic-curie.212-227-153-4.plesk.page\/hr\/wp-json\/wp\/v2\/product_cat?post=741801"},{"taxonomy":"product_tag","embeddable":true,"href":"https:\/\/stoic-curie.212-227-153-4.plesk.page\/hr\/wp-json\/wp\/v2\/product_tag?post=741801"}],"curies":[{"name":"wp","href":"https:\/\/api.w.org\/{rel}","templated":true}]}}