{"id":741803,"date":"2025-03-03T18:17:30","date_gmt":"2025-03-03T17:17:30","guid":{"rendered":"https:\/\/stoic-curie.212-227-153-4.plesk.page\/producto\/bijelo-okno-fl-sea-okruglo-d260-mm\/"},"modified":"2026-02-25T00:00:56","modified_gmt":"2026-02-25T00:00:56","slug":"bijelo-okno-fl-sea-okruglo-d260-mm","status":"publish","type":"product","link":"https:\/\/stoic-curie.212-227-153-4.plesk.page\/hr\/product\/bijelo-okno-fl-sea-okruglo-d260-mm\/","title":{"rendered":"Bijelo okno FL-Sea okruglo D260 mm"},"content":{"rendered":"<p>Bijelo okno FL-Sea okruglo D260 mm &#8211; <\/p>\n<p>Kompletno s obodom i priborom od nehr\u0111aju\u0107eg \u010delika 316.<\/p>\n","protected":false},"excerpt":{"rendered":"<p>Bijelo okno FL-Sea okruglo D260 mm &#8211; Kompletno s obodom i priborom od nehr\u0111aju\u0107eg \u010delika 316.<\/p>\n","protected":false},"featured_media":5942798,"comment_status":"open","ping_status":"closed","template":"","meta":[],"product_brand":[2229,3036],"product_cat":[1697,1702],"product_tag":[],"class_list":{"0":"post-741803","1":"product","2":"type-product","3":"status-publish","4":"has-post-thumbnail","6":"product_brand-jba-marine","7":"product_brand-jba-marine-hr","8":"product_cat-brodska-okna","9":"product_cat-brodske-grotlasca-i-otvori","11":"first","12":"instock","13":"shipping-taxable","14":"purchasable","15":"product-type-simple"},"_links":{"self":[{"href":"https:\/\/stoic-curie.212-227-153-4.plesk.page\/hr\/wp-json\/wp\/v2\/product\/741803","targetHints":{"allow":["GET"]}}],"collection":[{"href":"https:\/\/stoic-curie.212-227-153-4.plesk.page\/hr\/wp-json\/wp\/v2\/product"}],"about":[{"href":"https:\/\/stoic-curie.212-227-153-4.plesk.page\/hr\/wp-json\/wp\/v2\/types\/product"}],"replies":[{"embeddable":true,"href":"https:\/\/stoic-curie.212-227-153-4.plesk.page\/hr\/wp-json\/wp\/v2\/comments?post=741803"}],"version-history":[{"count":0,"href":"https:\/\/stoic-curie.212-227-153-4.plesk.page\/hr\/wp-json\/wp\/v2\/product\/741803\/revisions"}],"wp:featuredmedia":[{"embeddable":true,"href":"https:\/\/stoic-curie.212-227-153-4.plesk.page\/hr\/wp-json\/wp\/v2\/media\/5942798"}],"wp:attachment":[{"href":"https:\/\/stoic-curie.212-227-153-4.plesk.page\/hr\/wp-json\/wp\/v2\/media?parent=741803"}],"wp:term":[{"taxonomy":"product_brand","embeddable":true,"href":"https:\/\/stoic-curie.212-227-153-4.plesk.page\/hr\/wp-json\/wp\/v2\/product_brand?post=741803"},{"taxonomy":"product_cat","embeddable":true,"href":"https:\/\/stoic-curie.212-227-153-4.plesk.page\/hr\/wp-json\/wp\/v2\/product_cat?post=741803"},{"taxonomy":"product_tag","embeddable":true,"href":"https:\/\/stoic-curie.212-227-153-4.plesk.page\/hr\/wp-json\/wp\/v2\/product_tag?post=741803"}],"curies":[{"name":"wp","href":"https:\/\/api.w.org\/{rel}","templated":true}]}}