{"id":741807,"date":"2025-03-03T18:17:31","date_gmt":"2025-03-03T17:17:31","guid":{"rendered":"https:\/\/stoic-curie.212-227-153-4.plesk.page\/producto\/bijeli-plasticni-otvori-can-marine-606-x-243mm\/"},"modified":"2026-02-25T00:00:56","modified_gmt":"2026-02-25T00:00:56","slug":"bijeli-plasticni-otvori-can-marine-606-x-243mm","status":"publish","type":"product","link":"https:\/\/stoic-curie.212-227-153-4.plesk.page\/hr\/product\/bijeli-plasticni-otvori-can-marine-606-x-243mm\/","title":{"rendered":"Bijeli plasticni otvori Can Marine 606 x 243mm"},"content":{"rendered":"<p>Bijeli plasticni otvori Can Marine 606 x 243mm &#8211; <\/p>\n<p>Pristupna rupa otporna na UV zrake i begehbar, izra\u0111ena od ABS ASA, s otvaranjem od 180\u00b0. Rupa ima dvostruki sustav otvaranja: klasi\u010dni i izvla\u010divi. Sustav izvla\u010denja omogu\u0107ava otvaranje rupe u uskim prostorima. Za monta\u017eu na palubi ili pregradi.<\/p>\n","protected":false},"excerpt":{"rendered":"<p>Bijeli plasticni otvori Can Marine 606 x 243mm &#8211; Pristupna rupa otporna na UV zrake i begehbar, izra\u0111ena od ABS<\/p>\n","protected":false},"featured_media":5942810,"comment_status":"open","ping_status":"closed","template":"","meta":[],"product_brand":[2856,2161],"product_cat":[1695],"product_tag":[],"class_list":{"0":"post-741807","1":"product","2":"type-product","3":"status-publish","4":"has-post-thumbnail","6":"product_brand-can-marine-hr","7":"product_brand-can-marine","8":"product_cat-brodski-plasticni-otvori","10":"first","11":"instock","12":"shipping-taxable","13":"purchasable","14":"product-type-simple"},"_links":{"self":[{"href":"https:\/\/stoic-curie.212-227-153-4.plesk.page\/hr\/wp-json\/wp\/v2\/product\/741807","targetHints":{"allow":["GET"]}}],"collection":[{"href":"https:\/\/stoic-curie.212-227-153-4.plesk.page\/hr\/wp-json\/wp\/v2\/product"}],"about":[{"href":"https:\/\/stoic-curie.212-227-153-4.plesk.page\/hr\/wp-json\/wp\/v2\/types\/product"}],"replies":[{"embeddable":true,"href":"https:\/\/stoic-curie.212-227-153-4.plesk.page\/hr\/wp-json\/wp\/v2\/comments?post=741807"}],"version-history":[{"count":0,"href":"https:\/\/stoic-curie.212-227-153-4.plesk.page\/hr\/wp-json\/wp\/v2\/product\/741807\/revisions"}],"wp:featuredmedia":[{"embeddable":true,"href":"https:\/\/stoic-curie.212-227-153-4.plesk.page\/hr\/wp-json\/wp\/v2\/media\/5942810"}],"wp:attachment":[{"href":"https:\/\/stoic-curie.212-227-153-4.plesk.page\/hr\/wp-json\/wp\/v2\/media?parent=741807"}],"wp:term":[{"taxonomy":"product_brand","embeddable":true,"href":"https:\/\/stoic-curie.212-227-153-4.plesk.page\/hr\/wp-json\/wp\/v2\/product_brand?post=741807"},{"taxonomy":"product_cat","embeddable":true,"href":"https:\/\/stoic-curie.212-227-153-4.plesk.page\/hr\/wp-json\/wp\/v2\/product_cat?post=741807"},{"taxonomy":"product_tag","embeddable":true,"href":"https:\/\/stoic-curie.212-227-153-4.plesk.page\/hr\/wp-json\/wp\/v2\/product_tag?post=741807"}],"curies":[{"name":"wp","href":"https:\/\/api.w.org\/{rel}","templated":true}]}}