{"id":741808,"date":"2025-03-03T18:17:31","date_gmt":"2025-03-03T17:17:31","guid":{"rendered":"https:\/\/stoic-curie.212-227-153-4.plesk.page\/producto\/koloturnik-master-windrider-dvostruki-57-mm-za-konop-do-10-mm\/"},"modified":"2026-02-25T00:00:56","modified_gmt":"2026-02-25T00:00:56","slug":"koloturnik-master-windrider-dvostruki-57-mm-za-konop-do-10-mm","status":"publish","type":"product","link":"https:\/\/stoic-curie.212-227-153-4.plesk.page\/hr\/product\/koloturnik-master-windrider-dvostruki-57-mm-za-konop-do-10-mm\/","title":{"rendered":"Koloturnik Master Windrider dvostruki 57 mm za konop do 10 mm"},"content":{"rendered":"<p>Koloturnik Master Windrider dvostruki 57 mm za konop do 10 mm &#8211; <\/p>\n<p>Master kompozitni blokovi s niskim trenjem su dizajnirani za natjecateljsko jedrenje. Visoko postojane kompozitne bo\u010dne plo\u010de pru\u017eaju vrhunske performanse za radne optere\u0107enja. Lijep dizajn i jednostavna upotreba.<br \/>Kugli\u010dni le\u017eajevi: samo podmazivani acetalni kompozit<br \/>Promjer jarmene 57 mm: samo podmazivani acetalni kompozit<br \/>Cijela: oja\u010dani najlon kompozit od staklenih vlakana, UV stabiliziran<br \/>Rotiraju\u0107i stezni spoj: kovani nehr\u0111aju\u0107i \u010delik razreda 316<br \/>WL: Radno optere\u0107enje<br \/>BL: Optere\u0107enje pucanja<br \/>NAPOMENA: Radno\/pucanje optere\u0107enja blokova s kamenom temelji se na \u010dvrsto\u0107i kamena.<\/p>\n","protected":false},"excerpt":{"rendered":"<p>Koloturnik Master Windrider dvostruki 57 mm za konop do 10 mm &#8211; Master kompozitni blokovi s niskim trenjem su dizajnirani<\/p>\n","protected":false},"featured_media":5942814,"comment_status":"open","ping_status":"closed","template":"","meta":[],"product_brand":[3131],"product_cat":[1770],"product_tag":[],"class_list":{"0":"post-741808","1":"product","2":"type-product","3":"status-publish","4":"has-post-thumbnail","6":"product_brand-master-hr","7":"product_cat-master-koloture-za-jedrilice","9":"first","10":"instock","11":"shipping-taxable","12":"purchasable","13":"product-type-simple"},"_links":{"self":[{"href":"https:\/\/stoic-curie.212-227-153-4.plesk.page\/hr\/wp-json\/wp\/v2\/product\/741808","targetHints":{"allow":["GET"]}}],"collection":[{"href":"https:\/\/stoic-curie.212-227-153-4.plesk.page\/hr\/wp-json\/wp\/v2\/product"}],"about":[{"href":"https:\/\/stoic-curie.212-227-153-4.plesk.page\/hr\/wp-json\/wp\/v2\/types\/product"}],"replies":[{"embeddable":true,"href":"https:\/\/stoic-curie.212-227-153-4.plesk.page\/hr\/wp-json\/wp\/v2\/comments?post=741808"}],"version-history":[{"count":0,"href":"https:\/\/stoic-curie.212-227-153-4.plesk.page\/hr\/wp-json\/wp\/v2\/product\/741808\/revisions"}],"wp:featuredmedia":[{"embeddable":true,"href":"https:\/\/stoic-curie.212-227-153-4.plesk.page\/hr\/wp-json\/wp\/v2\/media\/5942814"}],"wp:attachment":[{"href":"https:\/\/stoic-curie.212-227-153-4.plesk.page\/hr\/wp-json\/wp\/v2\/media?parent=741808"}],"wp:term":[{"taxonomy":"product_brand","embeddable":true,"href":"https:\/\/stoic-curie.212-227-153-4.plesk.page\/hr\/wp-json\/wp\/v2\/product_brand?post=741808"},{"taxonomy":"product_cat","embeddable":true,"href":"https:\/\/stoic-curie.212-227-153-4.plesk.page\/hr\/wp-json\/wp\/v2\/product_cat?post=741808"},{"taxonomy":"product_tag","embeddable":true,"href":"https:\/\/stoic-curie.212-227-153-4.plesk.page\/hr\/wp-json\/wp\/v2\/product_tag?post=741808"}],"curies":[{"name":"wp","href":"https:\/\/api.w.org\/{rel}","templated":true}]}}