{"id":741809,"date":"2025-03-03T18:17:32","date_gmt":"2025-03-03T17:17:32","guid":{"rendered":"https:\/\/stoic-curie.212-227-153-4.plesk.page\/producto\/koloturnik-master-windrider-dvostruki-75-mm-za-konop-do-14-mm\/"},"modified":"2026-02-25T00:00:56","modified_gmt":"2026-02-25T00:00:56","slug":"koloturnik-master-windrider-dvostruki-75-mm-za-konop-do-14-mm","status":"publish","type":"product","link":"https:\/\/stoic-curie.212-227-153-4.plesk.page\/hr\/product\/koloturnik-master-windrider-dvostruki-75-mm-za-konop-do-14-mm\/","title":{"rendered":"Koloturnik Master Windrider dvostruki 75 mm za konop do 14 mm"},"content":{"rendered":"<p>Koloturnik Master Windrider dvostruki 75 mm za konop do 14 mm &#8211; <\/p>\n<p>Master kompozitne blokove s kugli\u010dnim le\u017eajevima s niskim trenjem dizajnirani su za natjecateljsko jedrenje. Sna\u017ene kompozitne bo\u010dne plo\u010de osiguravaju vrhunske performanse radnih optere\u0107enja. Prekrasan dizajn i jednostavna upotreba. Kugli\u010dni le\u017eajevi: samolubrikantni acetalni kompozit. Promjer kolotura 75 mm: samolubrikantni acetalni kompozit. Plo\u010de: oja\u010dani stakloplasti\u010dni najlon kompozit, UV stabiliziran. Rotiraju\u0107a kuka: kovana nehr\u0111aju\u0107a \u010delik razreda 316. WL: Radno optere\u0107enje. BL: Grani\u010dno optere\u0107enje. NAPOMENA: Radno\/grani\u010dno optere\u0107enje blokova s kukom temelji se na \u010dvrsto\u0107i kuke.<\/p>\n","protected":false},"excerpt":{"rendered":"<p>Koloturnik Master Windrider dvostruki 75 mm za konop do 14 mm &#8211; Master kompozitne blokove s kugli\u010dnim le\u017eajevima s niskim<\/p>\n","protected":false},"featured_media":5942818,"comment_status":"open","ping_status":"closed","template":"","meta":[],"product_brand":[3131],"product_cat":[1770],"product_tag":[],"class_list":{"0":"post-741809","1":"product","2":"type-product","3":"status-publish","4":"has-post-thumbnail","6":"product_brand-master-hr","7":"product_cat-master-koloture-za-jedrilice","9":"first","10":"instock","11":"shipping-taxable","12":"purchasable","13":"product-type-simple"},"_links":{"self":[{"href":"https:\/\/stoic-curie.212-227-153-4.plesk.page\/hr\/wp-json\/wp\/v2\/product\/741809","targetHints":{"allow":["GET"]}}],"collection":[{"href":"https:\/\/stoic-curie.212-227-153-4.plesk.page\/hr\/wp-json\/wp\/v2\/product"}],"about":[{"href":"https:\/\/stoic-curie.212-227-153-4.plesk.page\/hr\/wp-json\/wp\/v2\/types\/product"}],"replies":[{"embeddable":true,"href":"https:\/\/stoic-curie.212-227-153-4.plesk.page\/hr\/wp-json\/wp\/v2\/comments?post=741809"}],"version-history":[{"count":0,"href":"https:\/\/stoic-curie.212-227-153-4.plesk.page\/hr\/wp-json\/wp\/v2\/product\/741809\/revisions"}],"wp:featuredmedia":[{"embeddable":true,"href":"https:\/\/stoic-curie.212-227-153-4.plesk.page\/hr\/wp-json\/wp\/v2\/media\/5942818"}],"wp:attachment":[{"href":"https:\/\/stoic-curie.212-227-153-4.plesk.page\/hr\/wp-json\/wp\/v2\/media?parent=741809"}],"wp:term":[{"taxonomy":"product_brand","embeddable":true,"href":"https:\/\/stoic-curie.212-227-153-4.plesk.page\/hr\/wp-json\/wp\/v2\/product_brand?post=741809"},{"taxonomy":"product_cat","embeddable":true,"href":"https:\/\/stoic-curie.212-227-153-4.plesk.page\/hr\/wp-json\/wp\/v2\/product_cat?post=741809"},{"taxonomy":"product_tag","embeddable":true,"href":"https:\/\/stoic-curie.212-227-153-4.plesk.page\/hr\/wp-json\/wp\/v2\/product_tag?post=741809"}],"curies":[{"name":"wp","href":"https:\/\/api.w.org\/{rel}","templated":true}]}}