{"id":741811,"date":"2025-03-03T18:17:32","date_gmt":"2025-03-03T17:17:32","guid":{"rendered":"https:\/\/stoic-curie.212-227-153-4.plesk.page\/producto\/hladnjak-vitrifrigo-dw42rfx-42lt-12-24v\/"},"modified":"2026-02-25T00:00:56","modified_gmt":"2026-02-25T00:00:56","slug":"hladnjak-vitrifrigo-dw42rfx-42lt-12-24v","status":"publish","type":"product","link":"https:\/\/stoic-curie.212-227-153-4.plesk.page\/hr\/product\/hladnjak-vitrifrigo-dw42rfx-42lt-12-24v\/","title":{"rendered":"Hladnjak Vitrifrigo DW42LP"},"content":{"rendered":"<p>Hladnjak Vitrifrigo DW42LP &#8211; <\/p>\n<p style=\"color: rgb(34, 34, 34); font-family: Arial, Helvetica, sans-serif; font-size: small;\">Predstavljamo DW42LP OCX2 hladnjak od nehr\u0111aju\u0107eg \u010delika iz Vitrifriga, premium izbor za vlasnike brodova koji tra\u017ee pouzdana rje\u0161enja za hla\u0111enje. Ovaj model ima robusno ku\u0107i\u0161te od nehr\u0111aju\u0107eg \u010delika i opremljen je vanjskom Danfoss hladnjom jedinicom od 12\/24V, koju je mogu\u0107e postaviti do 2 metra udaljenosti (0,5 metara za DW35). Dizajn uklju\u010duje ladicu koja se mo\u017ee ventilirati tijekom razdoblja neupotrebe, osiguravaju\u0107i optimalne performanse.<\/p>\n<p style=\"color: rgb(34, 34, 34); font-family: Arial, Helvetica, sans-serif; font-size: small;\">S ukupnim kapacitetom od 42 litre, DW42 OCX2 RFX hladnjak dio je OCX2 serije i idealan je za one koji zahtijevaju u\u010dinkovito skladi\u0161tenje. Posjeduje pozitivnu klik-mehanizam zatvaranja na ladici, koja je posebno dizajnirana kako bi se sprije\u010dila slu\u010dajna otvaranja. Osim toga, vrata uklju\u010duju inovativni sustav &#8220;Ventilacija&#8221; unutar ru\u010dke, koji omogu\u0107ava djelomi\u010dno otvaranje kada se ne koristi. Ova funkcija poma\u017ee ne samo u sprje\u010davanju plijesni i neugodnih mirisa, ve\u0107 i pobolj\u0161ava o\u010duvanje hrane.<\/p>\n<p style=\"color: rgb(34, 34, 34); font-family: Arial, Helvetica, sans-serif; font-size: small;\">Klju\u010dne specifikacije:<\/p>\n<ul style=\"color: rgb(34, 34, 34); font-family: Arial, Helvetica, sans-serif; font-size: small;\">\n<li>Zavr\u0161na obrada vrata: Nehr\u0111aju\u0107i \u010delik<\/li>\n<li>Kapacitet: 42 litre<\/li>\n<li>Visina: 545 mm<\/li>\n<li>Duljina: 443 mm<\/li>\n<li>Dubina: 380 mm<\/li>\n<li>Serija: DW OCX2<\/li>\n<li>Obrnuta vrata: Ne<\/li>\n<li>Termostat: Mehani\u010dki<\/li>\n<li>Tehnologija hla\u0111enja: Kompresor<\/li>\n<li>Hladnjak: Vanjski<\/li>\n<li>Otvor za vrata: Ladica<\/li>\n<li>Napon: 12\/24 VDC<\/li>\n<\/ul>\n<p style=\"color: rgb(34, 34, 34); font-family: Arial, Helvetica, sans-serif; font-size: small;\">Ovaj hladnjak kombinira funkcionalnost s naprednim zna\u010dajkama, \u010dine\u0107i ga izvrsnim dodatkom opremi va\u0161eg broda.<\/p>\n","protected":false},"excerpt":{"rendered":"<p>Hladnjak Vitrifrigo DW42LP &#8211; Predstavljamo DW42LP OCX2 hladnjak od nehr\u0111aju\u0107eg \u010delika iz Vitrifriga, premium izbor za vlasnike brodova koji tra\u017ee<\/p>\n","protected":false},"featured_media":5942823,"comment_status":"open","ping_status":"closed","template":"","meta":[],"product_brand":[3526],"product_cat":[1751],"product_tag":[],"class_list":{"0":"post-741811","1":"product","2":"type-product","3":"status-publish","4":"has-post-thumbnail","6":"product_brand-vitrifrigo-hr","7":"product_cat-hladnjaci-i-zamrzivaci","9":"first","10":"instock","11":"shipping-taxable","12":"purchasable","13":"product-type-simple"},"_links":{"self":[{"href":"https:\/\/stoic-curie.212-227-153-4.plesk.page\/hr\/wp-json\/wp\/v2\/product\/741811","targetHints":{"allow":["GET"]}}],"collection":[{"href":"https:\/\/stoic-curie.212-227-153-4.plesk.page\/hr\/wp-json\/wp\/v2\/product"}],"about":[{"href":"https:\/\/stoic-curie.212-227-153-4.plesk.page\/hr\/wp-json\/wp\/v2\/types\/product"}],"replies":[{"embeddable":true,"href":"https:\/\/stoic-curie.212-227-153-4.plesk.page\/hr\/wp-json\/wp\/v2\/comments?post=741811"}],"version-history":[{"count":0,"href":"https:\/\/stoic-curie.212-227-153-4.plesk.page\/hr\/wp-json\/wp\/v2\/product\/741811\/revisions"}],"wp:featuredmedia":[{"embeddable":true,"href":"https:\/\/stoic-curie.212-227-153-4.plesk.page\/hr\/wp-json\/wp\/v2\/media\/5942823"}],"wp:attachment":[{"href":"https:\/\/stoic-curie.212-227-153-4.plesk.page\/hr\/wp-json\/wp\/v2\/media?parent=741811"}],"wp:term":[{"taxonomy":"product_brand","embeddable":true,"href":"https:\/\/stoic-curie.212-227-153-4.plesk.page\/hr\/wp-json\/wp\/v2\/product_brand?post=741811"},{"taxonomy":"product_cat","embeddable":true,"href":"https:\/\/stoic-curie.212-227-153-4.plesk.page\/hr\/wp-json\/wp\/v2\/product_cat?post=741811"},{"taxonomy":"product_tag","embeddable":true,"href":"https:\/\/stoic-curie.212-227-153-4.plesk.page\/hr\/wp-json\/wp\/v2\/product_tag?post=741811"}],"curies":[{"name":"wp","href":"https:\/\/api.w.org\/{rel}","templated":true}]}}