{"id":741812,"date":"2025-03-03T18:17:32","date_gmt":"2025-03-03T17:17:32","guid":{"rendered":"https:\/\/stoic-curie.212-227-153-4.plesk.page\/producto\/mostic-od-karbonskih-vlakana-220x39-cm\/"},"modified":"2026-02-25T00:00:56","modified_gmt":"2026-02-25T00:00:56","slug":"mostic-od-karbonskih-vlakana-220x39-cm","status":"publish","type":"product","link":"https:\/\/stoic-curie.212-227-153-4.plesk.page\/hr\/product\/mostic-od-karbonskih-vlakana-220x39-cm\/","title":{"rendered":"Mosti\u0107 od karbonskih vlakana 220&#215;39 cm"},"content":{"rendered":"<p>Mosti\u0107 od karbonskih vlakana 220&#215;39 cm &#8211; <\/p>\n<p style=\"color: rgb(34, 34, 34); font-family: Arial, Helvetica, sans-serif; font-size: small;\">Predstavljamo \u010dvrstu mosti\u010dku od karbonskih vlakana, robusno, a opet lagano rje\u0161enje za va\u0161e potrebe plovidbe. Izra\u0111ena je od jednog komada karbonskih vlakana i polimernog kompozita, ovaj most je dizajniran bez lijepljenja, osiguravaju\u0107i trajnost i pouzdanost. Ima iglicu i zakretni uti\u010dnicu za jednostavnu instalaciju.<\/p>\n<p style=\"color: rgb(34, 34, 34); font-family: Arial, Helvetica, sans-serif; font-size: small;\">Ova most nije samo plove\u0107a i otporna na koroziju, ve\u0107 je i otporna na UV razgradnju, \u0161to je \u010dini idealnom za produljeno izlaganje elementima. Antislip povr\u0161ina pobolj\u0161ava sigurnost, dok elasti\u010dna za\u0161titna traka sprje\u010dava ogrebotine tijekom kori\u0161tenja.<\/p>\n<p style=\"color: rgb(34, 34, 34); font-family: Arial, Helvetica, sans-serif; font-size: small;\">Model 220 mo\u017ee se savijati otprilike 2,5 cm za svakih 100 kg primijenjene te\u017eine i te\u017ei samo 4,4 kg. Opremljena je mu\u0161ke iglice, kota\u010dima montiranim na \u010dvrstom rigidnom kota\u010du i u\u0161ima za trapez i konope. Most ima prepoznatljivu finish od karbonskih vlakana za\u0161ti\u0107enih UV zra\u010denjem, dopunjen sivoj antislip povr\u0161inom.<\/p>\n<p style=\"color: rgb(34, 34, 34); font-family: Arial, Helvetica, sans-serif; font-size: small;\"><strong>Tehni\u010dki podaci:<\/strong><\/p>\n<ul style=\"color: rgb(34, 34, 34); font-family: Arial, Helvetica, sans-serif; font-size: small;\">\n<li><strong>Duljina:<\/strong>\u00a0220 cm<\/li>\n<li><strong>\u0160irina:<\/strong>\u00a039 cm<\/li>\n<li><strong>Pretpovez te\u017eina:<\/strong>\u00a03,5 kg<\/li>\n<li><strong>Ukupna te\u017eina:<\/strong>\u00a04,4 kg<\/li>\n<li><strong>Maksimalna optere\u0107enja:<\/strong>\u00a0350 kg<\/li>\n<\/ul>\n<p style=\"color: rgb(34, 34, 34); font-family: Arial, Helvetica, sans-serif; font-size: small;\">Uklju\u010duju\u0107i kota\u010de za kori\u0161tenje na obali, gumeni jastu\u010di\u0107 za stranu \u010damca i u\u0161ice za trapez i konope. Sjajni fini\u0161 od karbonskih vlakana ima prozirni anti-UV premaz, osiguravaju\u0107i kako estetsku privla\u010dnost, tako i dugotrajne performanse. Svijetlosiva antislip povr\u0161ina pru\u017ea dodatnu sigurnost i stabilnost.<\/p>\n","protected":false},"excerpt":{"rendered":"<p>Mosti\u0107 od karbonskih vlakana 220&#215;39 cm &#8211; Predstavljamo \u010dvrstu mosti\u010dku od karbonskih vlakana, robusno, a opet lagano rje\u0161enje za va\u0161e<\/p>\n","protected":false},"featured_media":5942832,"comment_status":"open","ping_status":"closed","template":"","meta":[],"product_brand":[3491],"product_cat":[1612],"product_tag":[],"class_list":{"0":"post-741812","1":"product","2":"type-product","3":"status-publish","4":"has-post-thumbnail","6":"product_brand-trem-hr","7":"product_cat-gangways-za-brodove","9":"first","10":"instock","11":"shipping-taxable","12":"purchasable","13":"product-type-simple"},"_links":{"self":[{"href":"https:\/\/stoic-curie.212-227-153-4.plesk.page\/hr\/wp-json\/wp\/v2\/product\/741812","targetHints":{"allow":["GET"]}}],"collection":[{"href":"https:\/\/stoic-curie.212-227-153-4.plesk.page\/hr\/wp-json\/wp\/v2\/product"}],"about":[{"href":"https:\/\/stoic-curie.212-227-153-4.plesk.page\/hr\/wp-json\/wp\/v2\/types\/product"}],"replies":[{"embeddable":true,"href":"https:\/\/stoic-curie.212-227-153-4.plesk.page\/hr\/wp-json\/wp\/v2\/comments?post=741812"}],"version-history":[{"count":0,"href":"https:\/\/stoic-curie.212-227-153-4.plesk.page\/hr\/wp-json\/wp\/v2\/product\/741812\/revisions"}],"wp:featuredmedia":[{"embeddable":true,"href":"https:\/\/stoic-curie.212-227-153-4.plesk.page\/hr\/wp-json\/wp\/v2\/media\/5942832"}],"wp:attachment":[{"href":"https:\/\/stoic-curie.212-227-153-4.plesk.page\/hr\/wp-json\/wp\/v2\/media?parent=741812"}],"wp:term":[{"taxonomy":"product_brand","embeddable":true,"href":"https:\/\/stoic-curie.212-227-153-4.plesk.page\/hr\/wp-json\/wp\/v2\/product_brand?post=741812"},{"taxonomy":"product_cat","embeddable":true,"href":"https:\/\/stoic-curie.212-227-153-4.plesk.page\/hr\/wp-json\/wp\/v2\/product_cat?post=741812"},{"taxonomy":"product_tag","embeddable":true,"href":"https:\/\/stoic-curie.212-227-153-4.plesk.page\/hr\/wp-json\/wp\/v2\/product_tag?post=741812"}],"curies":[{"name":"wp","href":"https:\/\/api.w.org\/{rel}","templated":true}]}}