{"id":741813,"date":"2025-03-03T18:17:33","date_gmt":"2025-03-03T17:17:33","guid":{"rendered":"https:\/\/stoic-curie.212-227-153-4.plesk.page\/producto\/sklopivi-mostic-od-karbonskih-vlakana-220x39-cm\/"},"modified":"2026-02-25T00:00:56","modified_gmt":"2026-02-25T00:00:56","slug":"sklopivi-mostic-od-karbonskih-vlakana-220x39-cm","status":"publish","type":"product","link":"https:\/\/stoic-curie.212-227-153-4.plesk.page\/hr\/product\/sklopivi-mostic-od-karbonskih-vlakana-220x39-cm\/","title":{"rendered":"Sklopivi mosti\u0107 od karbonskih vlakana 220&#215;39 cm"},"content":{"rendered":"<p>Sklopivi mosti\u0107 od karbonskih vlakana 220&#215;39 cm &#8211; <\/p>\n<p>Radosno vam predstavljamo vrlo izdr\u017eljivu, ali izuzetno laganu gangway, pomno dizajniranu od sofisticirane kompozitne mje\u0161avine ugljikovih vlakana i polimera. Ovaj inovativni dizajn rezultira ukupnom te\u017einom od samo 11 kg, \u0161to ga \u010dini izuzetno lako upravljivim i manevriranim. Gangway je konstruirana kao jedna, be\u0161avna jedinica, \u0161to zna\u010dajno pojednostavljuje proces sklapanja jer eliminira potrebu za lijepljenjem, osiguravaju\u0107i bezbri\u017enu postavu. Dolazi opremljena sjenilom i uspravnom utika\u010dem, \u0161to olak\u0161ava jednostavnu instalaciju koja se mo\u017ee izvr\u0161iti s minimalnim trudom.<\/p>\n<p>Osim svoje lagane naravi, ova gangway se mo\u017ee pohvaliti impresivnom nosivo\u0161\u0107u, \u0161to je \u010dini idealnim izborom za razne pomorske primjene. Tako\u0111er je otporna na hr\u0111u i neosjetljiva na UV degradaciju, \u0161to jam\u010di njezinu dugovje\u010dnost i performanse u raznim morskim okru\u017eenjima. Povr\u0161ina gangwaya je pomno dizajnirana s antiskliznom teksturom, osiguravaju\u0107i pove\u0107anu sigurnost korisnicima. Nadalje, sadr\u017ei elasti\u010dne za\u0161titne bo\u010dne trake, koje sprje\u010davaju ogrebotine i odr\u017eavaju estetski izgled gangwaya tijekom vremena.<\/p>\n<p>Za one koji tra\u017ee dodatnu svestranost, nudimo mogu\u0107nost monta\u017ee kompatibilnog sklopa od karbonskih vlakana, koji pobolj\u0161ava funkcionalnost ove gangway i \u010dini je prikladnom za sve va\u0161e plovidbene potrebe. Ovaj set stupa dostupna je kao dodatak, omogu\u0107uju\u0107i vam prilagodbu va\u0161e gangway prema va\u0161im specifi\u010dnim potrebama. S ovom kombinacijom kvalitete, izdr\u017eljivosti i prilagodljivosti, na\u0161 gangway je izvrstan potez za svakog vlasnika \u010damca koji \u017eeli unaprijediti svoje iskustvo plovidbe.<\/p>\n","protected":false},"excerpt":{"rendered":"<p>Sklopivi mosti\u0107 od karbonskih vlakana 220&#215;39 cm &#8211; Radosno vam predstavljamo vrlo izdr\u017eljivu, ali izuzetno laganu gangway, pomno dizajniranu od<\/p>\n","protected":false},"featured_media":5942837,"comment_status":"open","ping_status":"closed","template":"","meta":[],"product_brand":[3491],"product_cat":[1612],"product_tag":[],"class_list":{"0":"post-741813","1":"product","2":"type-product","3":"status-publish","4":"has-post-thumbnail","6":"product_brand-trem-hr","7":"product_cat-gangways-za-brodove","9":"first","10":"instock","11":"shipping-taxable","12":"purchasable","13":"product-type-simple"},"_links":{"self":[{"href":"https:\/\/stoic-curie.212-227-153-4.plesk.page\/hr\/wp-json\/wp\/v2\/product\/741813","targetHints":{"allow":["GET"]}}],"collection":[{"href":"https:\/\/stoic-curie.212-227-153-4.plesk.page\/hr\/wp-json\/wp\/v2\/product"}],"about":[{"href":"https:\/\/stoic-curie.212-227-153-4.plesk.page\/hr\/wp-json\/wp\/v2\/types\/product"}],"replies":[{"embeddable":true,"href":"https:\/\/stoic-curie.212-227-153-4.plesk.page\/hr\/wp-json\/wp\/v2\/comments?post=741813"}],"version-history":[{"count":0,"href":"https:\/\/stoic-curie.212-227-153-4.plesk.page\/hr\/wp-json\/wp\/v2\/product\/741813\/revisions"}],"wp:featuredmedia":[{"embeddable":true,"href":"https:\/\/stoic-curie.212-227-153-4.plesk.page\/hr\/wp-json\/wp\/v2\/media\/5942837"}],"wp:attachment":[{"href":"https:\/\/stoic-curie.212-227-153-4.plesk.page\/hr\/wp-json\/wp\/v2\/media?parent=741813"}],"wp:term":[{"taxonomy":"product_brand","embeddable":true,"href":"https:\/\/stoic-curie.212-227-153-4.plesk.page\/hr\/wp-json\/wp\/v2\/product_brand?post=741813"},{"taxonomy":"product_cat","embeddable":true,"href":"https:\/\/stoic-curie.212-227-153-4.plesk.page\/hr\/wp-json\/wp\/v2\/product_cat?post=741813"},{"taxonomy":"product_tag","embeddable":true,"href":"https:\/\/stoic-curie.212-227-153-4.plesk.page\/hr\/wp-json\/wp\/v2\/product_tag?post=741813"}],"curies":[{"name":"wp","href":"https:\/\/api.w.org\/{rel}","templated":true}]}}