{"id":741817,"date":"2025-03-03T18:17:34","date_gmt":"2025-03-03T17:17:34","guid":{"rendered":"https:\/\/stoic-curie.212-227-153-4.plesk.page\/producto\/marine-stereo-fusion-ms-ra70n\/"},"modified":"2026-02-25T00:00:56","modified_gmt":"2026-02-25T00:00:56","slug":"marine-stereo-fusion-ms-ra70n","status":"publish","type":"product","link":"https:\/\/stoic-curie.212-227-153-4.plesk.page\/hr\/product\/marine-stereo-fusion-ms-ra70n\/","title":{"rendered":"Marine Stereo Fusion Ms-RA70n"},"content":{"rendered":"<p>Marine Stereo Fusion Ms-RA70n &#8211; <\/p>\n<p>Fusion MS-RA70N dashboard morski stereo s ekranom od stakla s pozadinskim osvjetljenjem LCD-a. RDS FM\/AM DAB spreman radio, USB i stra\u017enji AUX ulaz. Ugra\u0111en Bluetooth za streamanje audio sadr\u017eaja sa pametnih telefona i kompatibilnih ure\u0111aja. Opremljen Fusion-Link daljinskim upravlja\u010dem koji omogu\u0107uje upravljanje stereo ure\u0111ajem putem Garmin sata ili kompatibilnog NMEA2000 multifunkcijskog prikaza. Neovisna kontrola postavki za vi\u0161e zona za dva odvojena audio podru\u010dja. Vodootporan IPx7, mo\u017ee se montirati ravno ili udubljeno. D=debljina<\/p>\n","protected":false},"excerpt":{"rendered":"<p>Marine Stereo Fusion Ms-RA70n &#8211; Fusion MS-RA70N dashboard morski stereo s ekranom od stakla s pozadinskim osvjetljenjem LCD-a. RDS FM\/AM<\/p>\n","protected":false},"featured_media":5942875,"comment_status":"open","ping_status":"closed","template":"","meta":[],"product_brand":[2961],"product_cat":[1733],"product_tag":[],"class_list":{"0":"post-741817","1":"product","2":"type-product","3":"status-publish","4":"has-post-thumbnail","6":"product_brand-fusion-hr","7":"product_cat-stereo-i-zvucnici","9":"first","10":"instock","11":"shipping-taxable","12":"purchasable","13":"product-type-simple"},"_links":{"self":[{"href":"https:\/\/stoic-curie.212-227-153-4.plesk.page\/hr\/wp-json\/wp\/v2\/product\/741817","targetHints":{"allow":["GET"]}}],"collection":[{"href":"https:\/\/stoic-curie.212-227-153-4.plesk.page\/hr\/wp-json\/wp\/v2\/product"}],"about":[{"href":"https:\/\/stoic-curie.212-227-153-4.plesk.page\/hr\/wp-json\/wp\/v2\/types\/product"}],"replies":[{"embeddable":true,"href":"https:\/\/stoic-curie.212-227-153-4.plesk.page\/hr\/wp-json\/wp\/v2\/comments?post=741817"}],"version-history":[{"count":0,"href":"https:\/\/stoic-curie.212-227-153-4.plesk.page\/hr\/wp-json\/wp\/v2\/product\/741817\/revisions"}],"wp:featuredmedia":[{"embeddable":true,"href":"https:\/\/stoic-curie.212-227-153-4.plesk.page\/hr\/wp-json\/wp\/v2\/media\/5942875"}],"wp:attachment":[{"href":"https:\/\/stoic-curie.212-227-153-4.plesk.page\/hr\/wp-json\/wp\/v2\/media?parent=741817"}],"wp:term":[{"taxonomy":"product_brand","embeddable":true,"href":"https:\/\/stoic-curie.212-227-153-4.plesk.page\/hr\/wp-json\/wp\/v2\/product_brand?post=741817"},{"taxonomy":"product_cat","embeddable":true,"href":"https:\/\/stoic-curie.212-227-153-4.plesk.page\/hr\/wp-json\/wp\/v2\/product_cat?post=741817"},{"taxonomy":"product_tag","embeddable":true,"href":"https:\/\/stoic-curie.212-227-153-4.plesk.page\/hr\/wp-json\/wp\/v2\/product_tag?post=741817"}],"curies":[{"name":"wp","href":"https:\/\/api.w.org\/{rel}","templated":true}]}}