{"id":741818,"date":"2025-03-03T18:17:34","date_gmt":"2025-03-03T17:17:34","guid":{"rendered":"https:\/\/stoic-curie.212-227-153-4.plesk.page\/producto\/marine-stereo-fusion-ms-srx400\/"},"modified":"2026-02-25T00:00:56","modified_gmt":"2026-02-25T00:00:56","slug":"marine-stereo-fusion-ms-srx400","status":"publish","type":"product","link":"https:\/\/stoic-curie.212-227-153-4.plesk.page\/hr\/product\/marine-stereo-fusion-ms-srx400\/","title":{"rendered":"Marine Stereo Fusion MS-SRX400"},"content":{"rendered":"<p>Marine Stereo Fusion MS-SRX400 &#8211; <\/p>\n<p>Fusion MS-SRX400 dashboard marinski stereo sa LCD zaslonom zalijepljenim staklom. S RDS FM\/AM DAB spremnim radijom, ugra\u0111enim Wi-Fi i Bluetoothom za pametne telefone i kompatibilno audio streaming. Opremljen Fusion-Link funkcijom daljinskog upravlja\u010da koja omogu\u0107uje upravljanje stereo ure\u0111ajem putem Garmin sata ili kompatibilnog be\u017ei\u010dnog vi\u0161efunkcijskog zaslona. IPx7 vodootporan, mo\u017ee se montirati ravno ili uvu\u010deno. D=debljina<\/p>\n","protected":false},"excerpt":{"rendered":"<p>Marine Stereo Fusion MS-SRX400 &#8211; Fusion MS-SRX400 dashboard marinski stereo sa LCD zaslonom zalijepljenim staklom. S RDS FM\/AM DAB spremnim<\/p>\n","protected":false},"featured_media":5942884,"comment_status":"open","ping_status":"closed","template":"","meta":[],"product_brand":[2961],"product_cat":[1733],"product_tag":[],"class_list":{"0":"post-741818","1":"product","2":"type-product","3":"status-publish","4":"has-post-thumbnail","6":"product_brand-fusion-hr","7":"product_cat-stereo-i-zvucnici","9":"first","10":"instock","11":"shipping-taxable","12":"purchasable","13":"product-type-simple"},"_links":{"self":[{"href":"https:\/\/stoic-curie.212-227-153-4.plesk.page\/hr\/wp-json\/wp\/v2\/product\/741818","targetHints":{"allow":["GET"]}}],"collection":[{"href":"https:\/\/stoic-curie.212-227-153-4.plesk.page\/hr\/wp-json\/wp\/v2\/product"}],"about":[{"href":"https:\/\/stoic-curie.212-227-153-4.plesk.page\/hr\/wp-json\/wp\/v2\/types\/product"}],"replies":[{"embeddable":true,"href":"https:\/\/stoic-curie.212-227-153-4.plesk.page\/hr\/wp-json\/wp\/v2\/comments?post=741818"}],"version-history":[{"count":0,"href":"https:\/\/stoic-curie.212-227-153-4.plesk.page\/hr\/wp-json\/wp\/v2\/product\/741818\/revisions"}],"wp:featuredmedia":[{"embeddable":true,"href":"https:\/\/stoic-curie.212-227-153-4.plesk.page\/hr\/wp-json\/wp\/v2\/media\/5942884"}],"wp:attachment":[{"href":"https:\/\/stoic-curie.212-227-153-4.plesk.page\/hr\/wp-json\/wp\/v2\/media?parent=741818"}],"wp:term":[{"taxonomy":"product_brand","embeddable":true,"href":"https:\/\/stoic-curie.212-227-153-4.plesk.page\/hr\/wp-json\/wp\/v2\/product_brand?post=741818"},{"taxonomy":"product_cat","embeddable":true,"href":"https:\/\/stoic-curie.212-227-153-4.plesk.page\/hr\/wp-json\/wp\/v2\/product_cat?post=741818"},{"taxonomy":"product_tag","embeddable":true,"href":"https:\/\/stoic-curie.212-227-153-4.plesk.page\/hr\/wp-json\/wp\/v2\/product_tag?post=741818"}],"curies":[{"name":"wp","href":"https:\/\/api.w.org\/{rel}","templated":true}]}}