{"id":741819,"date":"2025-03-03T18:17:34","date_gmt":"2025-03-03T17:17:34","guid":{"rendered":"https:\/\/stoic-curie.212-227-153-4.plesk.page\/producto\/fusion-apollo-ms-ra770-marine-stereo\/"},"modified":"2026-02-25T00:00:56","modified_gmt":"2026-02-25T00:00:56","slug":"fusion-apollo-ms-ra770-marine-stereo","status":"publish","type":"product","link":"https:\/\/stoic-curie.212-227-153-4.plesk.page\/hr\/product\/fusion-apollo-ms-ra770-marine-stereo\/","title":{"rendered":"Fusion Apollo MS-RA770"},"content":{"rendered":"<p>Fusion Apollo MS-RA770 &#8211; <\/p>\n<p style=\"color: rgb(34, 34, 34); font-family: Arial, Helvetica, sans-serif; font-size: small;\">Predstavljamo Fusion MS-RA770 morski stereo, koji se mo\u017ee pohvaliti modernim LCD zaslonom osjetljivim na dodir s povezanim staklom. Ovaj sofisticirani stereo za plo\u010de opremljen je FM\/AM RDS radijom, spreman je za DAB i ima USB priklju\u010dak te dva AUX ulaza smje\u0161tena na stra\u017enjoj strani. Uz integrirane Wi-Fi i Bluetooth mogu\u0107nosti, mo\u017eete lako strimati zvuk s pametnog telefona ili drugih kompatibilnih ure\u0111aja. Opcija daljinskog upravljanja Fusion-Link omogu\u0107uje vam upravljanje stereo ure\u0111ajem putem Garmin pametnih satova ili NMEA2000 multifunkcijskih prikaza.<\/p>\n<p style=\"color: rgb(34, 34, 34); font-family: Arial, Helvetica, sans-serif; font-size: small;\">Uklju\u010divanje tehnologije digitalne obrade signala (DSP) pobolj\u0161ava kvalitetu zvuka u stvarnom vremenu. Uklju\u010duje neovisne kontrole za vi\u0161e zona za \u010detiri odvojene audio zone i ima IPX7 vodootpornu ocjenu. Imate opciju da ure\u0111aj montirate na ravno ili uvu\u010deno, a dostupan je i set za retrofit koji omogu\u0107ava kori\u0161tenje postoje\u0107ih rezova iz serije 650\/750\/755.<\/p>\n<p style=\"color: rgb(34, 34, 34); font-family: Arial, Helvetica, sans-serif; font-size: small;\"><strong>Dobrodo\u0161li u novu eru pomorskog audio zabavljanja<\/strong><\/p>\n<p style=\"color: rgb(34, 34, 34); font-family: Arial, Helvetica, sans-serif; font-size: small;\">Fusion RA770, dizajniran od strane Apolona\u2014bo\u017eanstva muzike\u2014ozna\u010dava revolucionarni iskorak u tehnologiji pomorskih stereo ure\u0111aja. Kao prvi morski stereo s zaslonom osjetljivim na dodir i ugra\u0111enim Wi-Fi-jem, pobolj\u0161ava kvalitetu zvuka kroz inovativni dizajn i zna\u010dajke kao \u0161to su Fusion DSP, PartyBus tehnologija, a\u017euriranja softvera putem interneta i besprijekorna staklena su\u010delja. Budu\u0107nost pomorskog audio zabavljanja je stigla.<\/p>\n<p style=\"color: rgb(34, 34, 34); font-family: Arial, Helvetica, sans-serif; font-size: small;\">Serija Apollo kombinira najmodernije in\u017eenjerstvo i dizajn, postavljaju\u0107i nove standarde u pomorskoj audio industriji.<\/p>\n<p style=\"color: rgb(34, 34, 34); font-family: Arial, Helvetica, sans-serif; font-size: small;\"><strong>Specifikacije:<\/strong><\/p>\n<ul style=\"color: rgb(34, 34, 34); font-family: Arial, Helvetica, sans-serif; font-size: small;\">\n<li><strong>Zaslon:<\/strong>&nbsp;4.3&#8243; kapacitivni dodirni LCD zaslon u boji<\/li>\n<li><strong>\u0160irina (A):<\/strong>&nbsp;7.56 in \/ 192.0 mm<\/li>\n<li><strong>Visina (B):<\/strong>&nbsp;3.23 in \/ 82.0 mm<\/li>\n<li><strong>Dimenzije:<\/strong>\n<ul>\n<li>(C) 0.80 in \/ 20.4 mm<\/li>\n<li>(D) 3.90 in \/ 99.0 mm<\/li>\n<li>(E) 1.97 in \/ 50.0 mm<\/li>\n<li>(F) 6.50 in \/ 164.0 mm<\/li>\n<li>(G) 0.39 in \/ 10.0 mm<\/li>\n<\/ul>\n<\/li>\n<li><strong>Postavke zvu\u010dnika:<\/strong>&nbsp;Da (jednostavno pode\u0161avanje)<\/li>\n<li><strong>Fusion-Link kontrola (be\u017ei\u010dno):<\/strong>&nbsp;Da<\/li>\n<li><strong>PartyBus tehnologija:<\/strong>&nbsp;Da (sposobno primati i emitirati &#8211; i \u017ei\u010dno i be\u017ei\u010dno)<\/li>\n<li><strong>Pik snaga:<\/strong>&nbsp;280W max<\/li>\n<li><strong>Aux ulazi:<\/strong>&nbsp;2 x RCA ulazi (AUX1, AUX2)<\/li>\n<li><strong>Napon rada:<\/strong>&nbsp;+10.8 &#8211; 16V DC<\/li>\n<li><strong>USB 2.0 priklju\u010dak:<\/strong>&nbsp;Jedan USB 2.0 priklju\u010dak (za punjenje ure\u0111aja\/reprodukciju medija)<\/li>\n<li><strong>Kompatibilan sa NRX daljinskim upravlja\u010dima:<\/strong>&nbsp;Da<\/li>\n<li><strong>Priklju\u010dci za zvu\u010dnike:<\/strong>&nbsp;4 x priklju\u010dci za zvu\u010dnike (2 zone poja\u010dane)<\/li>\n<li><strong>Line Out:<\/strong>&nbsp;4 (1 x L + R po zoni; zahtijeva vanjsko poja\u010dalo)<\/li>\n<li><strong>Subwoofer Out:<\/strong>&nbsp;4 (1 po zoni; zahtijeva vanjsko poja\u010dalo)<\/li>\n<li><strong>AM\/FM radio:<\/strong>&nbsp;Jedan priklju\u010dak za Motorola antenu<\/li>\n<li><strong>Opti\u010dki ulaz:<\/strong>&nbsp;1 x digitalni opti\u010dki ulaz (SPDIF)<\/li>\n<\/ul>\n<p style=\"color: rgb(34, 34, 34); font-family: Arial, Helvetica, sans-serif; font-size: small;\"><strong>Prvi morski Wi-Fi stereo na svijetu<\/strong><\/p>\n<p style=\"color: rgb(34, 34, 34); font-family: Arial, Helvetica, sans-serif; font-size: small;\">U\u017eivajte u visokokvalitetnom strimingu zvuka putem Wi-Fi-a, \u0161to omogu\u0107uje superiornu brzinu prijenosa podataka u usporedbi s Bluetooth-om. Iskusite savr\u0161eno sinkroniziranu muziku po cijelom plovilu povezivanjem vi\u0161e Apollo stereo ure\u0111aja koriste\u0107i PartyBus.<\/p>\n<p style=\"color: rgb(34, 34, 34); font-family: Arial, Helvetica, sans-serif; font-size: small;\"><strong>Fusion digitalna obrada signala (DSP)<\/strong><\/p>\n<p style=\"color: rgb(34, 34, 34); font-family: Arial, Helvetica, sans-serif; font-size: small;\">Fusion DSP pobolj\u0161ava isporuku zvuka u svim audio zonama va\u0161eg plovila, jam\u010de\u0107i vrhunski zvu\u010dni do\u017eivljaj. In\u017eenjeri su pomno usavr\u0161ili svaki element audio lanca za izvanrednu kvalitetu zvuka.<\/p>\n<p style=\"color: rgb(34, 34, 34); font-family: Arial, Helvetica, sans-serif; font-size: small;\"><strong>Prvi morski stereo s dodirnim zaslonom na svijetu<\/strong><\/p>\n<p style=\"color: rgb(34, 34, 34); font-family: Arial, Helvetica, sans-serif; font-size: small;\">Apollo RA770 se mo\u017ee pohvaliti besprijekornim zaslonom osjetljivim na dodir od ruba do ruba. Ovaj inovativni dizajn nudi korisni\u010dko iskustvo sli\u010dno va\u0161im osobnim pametnim ure\u0111ajima. Jednostavno dodirnite ili povucite zaslon za jednostavno upravljanje bez potrebe za tra\u017eenjem gumba.<\/p>\n<p style=\"color: rgb(34, 34, 34); font-family: Arial, Helvetica, sans-serif; font-size: small;\"><strong>Fusion PartyBus<\/strong><\/p>\n<p style=\"color: rgb(34, 34, 34); font-family: Arial, Helvetica, sans-serif; font-size: small;\">PartyBus je Fusionova mre\u017ea za distribuciju zvuka nove generacije. Dodavanjem vi\u0161e PartyBus-omogu\u0107ena stereo ure\u0111aja u va\u0161 sustav, mo\u017eete aktivirati Party Mode i reproducirati isti savr\u0161eno sinkroniziran izvor zvuka po cijelom plovilu.<\/p>\n<p style=\"color: rgb(34, 34, 34); font-family: Arial, Helvetica, sans-serif; font-size: small;\"><strong>Vi\u0161e opcija audio izvora nego ikad prije<\/strong><\/p>\n<p style=\"color: rgb(34, 34, 34); font-family: Arial, Helvetica, sans-serif; font-size: small;\">Serija Apollo nudi raznolike audio izvore, omogu\u0107uju\u0107i vam u\u017eivanje u va\u0161oj omiljenoj muzici na na\u010din koji preferirate. Iskusite Bluetooth streaming zvuka, UPnP, opti\u010dki audio, AUX i USB veze.<\/p>\n<p style=\"color: rgb(34, 34, 34); font-family: Arial, Helvetica, sans-serif; font-size: small;\"><strong>IPX7 vodootporna prednja plo\u010da<\/strong><\/p>\n<p style=\"color: rgb(34, 34, 34); font-family: Arial, Helvetica, sans-serif; font-size: small;\">Izra\u0111en prema Fusionovoj filozofiji True-Marine, Apollo RA770 ima vodootpornu prednju plo\u010du s IPX7 ocjenom. Pro\u0161ao je rigorozna testiranja kako bi se osigurala za\u0161tita od slanog magle, promjena temperature, vibracija i UV izlaganja.<\/p>\n<p style=\"color: rgb(34, 34, 34); font-family: Arial, Helvetica, sans-serif; font-size: small;\"><strong>Tehnologija vi\u0161e zona<\/strong><\/p>\n<p style=\"color: rgb(34, 34, 34); font-family: Arial, Helvetica, sans-serif; font-size: small;\">Prilagodite svoje slu\u0161no iskustvo s \u010detiri neovisne audio zone, svaka opremljena naprednim kontrolama za ograni\u010denja glasno\u0107e, imenovanje zona i jo\u0161 mnogo toga.<\/p>\n<p style=\"color: rgb(34, 34, 34); font-family: Arial, Helvetica, sans-serif; font-size: small;\"><strong>A\u017euriranja softvera putem interneta<\/strong><\/p>\n<p style=\"color: rgb(34, 34, 34); font-family: Arial, Helvetica, sans-serif; font-size: small;\">Dr\u017eite svoju Apollo seriju a\u017euriranom uz jednostavna a\u017euriranja softvera putem interneta putem besplatne Fusion-Link aplikacije na svom pametnom telefonu ili kompatibilnom ure\u0111aju.<\/p>\n<p style=\"color: rgb(34, 34, 34); font-family: Arial, Helvetica, sans-serif; font-size: small;\"><strong>Fusion-Link<\/strong><\/p>\n<p style=\"color: rgb(34, 34, 34); font-family: Arial, Helvetica, sans-serif; font-size: small;\">Fusion-Link je industrijski standard za integraciju i kontrolu audio sistema na vodi. Omogu\u0107uje vam upravljanje zabavom izravno s partnera pomorskih multifunkcijskih prikaza, kompatibilnih Apple ili Android ure\u0111aja i Garmin pametnih satova.<\/p>\n<p style=\"color: rgb(34, 34, 34); font-family: Arial, Helvetica, sans-serif; font-size: small;\"><strong>Suvremena crna prednja strana<\/strong><\/p>\n<p style=\"color: rgb(34, 34, 34); font-family: Arial, Helvetica, sans-serif; font-size: small;\">Crna prednja strana MS-RA770 savr\u0161eno se uklapa s crnim staklenim panelima, stvaraju\u0107i \u010distu i sofisticiranu instalaciju koja nadopunjuje ostale elektroni\u010dke ure\u0111aje i multifunkcijske prikaze.<\/p>\n","protected":false},"excerpt":{"rendered":"<p>Fusion Apollo MS-RA770 &#8211; Predstavljamo Fusion MS-RA770 morski stereo, koji se mo\u017ee pohvaliti modernim LCD zaslonom osjetljivim na dodir s<\/p>\n","protected":false},"featured_media":5942887,"comment_status":"open","ping_status":"closed","template":"","meta":[],"product_brand":[2961],"product_cat":[1733],"product_tag":[],"class_list":{"0":"post-741819","1":"product","2":"type-product","3":"status-publish","4":"has-post-thumbnail","6":"product_brand-fusion-hr","7":"product_cat-stereo-i-zvucnici","9":"first","10":"instock","11":"shipping-taxable","12":"purchasable","13":"product-type-simple"},"_links":{"self":[{"href":"https:\/\/stoic-curie.212-227-153-4.plesk.page\/hr\/wp-json\/wp\/v2\/product\/741819","targetHints":{"allow":["GET"]}}],"collection":[{"href":"https:\/\/stoic-curie.212-227-153-4.plesk.page\/hr\/wp-json\/wp\/v2\/product"}],"about":[{"href":"https:\/\/stoic-curie.212-227-153-4.plesk.page\/hr\/wp-json\/wp\/v2\/types\/product"}],"replies":[{"embeddable":true,"href":"https:\/\/stoic-curie.212-227-153-4.plesk.page\/hr\/wp-json\/wp\/v2\/comments?post=741819"}],"version-history":[{"count":0,"href":"https:\/\/stoic-curie.212-227-153-4.plesk.page\/hr\/wp-json\/wp\/v2\/product\/741819\/revisions"}],"wp:featuredmedia":[{"embeddable":true,"href":"https:\/\/stoic-curie.212-227-153-4.plesk.page\/hr\/wp-json\/wp\/v2\/media\/5942887"}],"wp:attachment":[{"href":"https:\/\/stoic-curie.212-227-153-4.plesk.page\/hr\/wp-json\/wp\/v2\/media?parent=741819"}],"wp:term":[{"taxonomy":"product_brand","embeddable":true,"href":"https:\/\/stoic-curie.212-227-153-4.plesk.page\/hr\/wp-json\/wp\/v2\/product_brand?post=741819"},{"taxonomy":"product_cat","embeddable":true,"href":"https:\/\/stoic-curie.212-227-153-4.plesk.page\/hr\/wp-json\/wp\/v2\/product_cat?post=741819"},{"taxonomy":"product_tag","embeddable":true,"href":"https:\/\/stoic-curie.212-227-153-4.plesk.page\/hr\/wp-json\/wp\/v2\/product_tag?post=741819"}],"curies":[{"name":"wp","href":"https:\/\/api.w.org\/{rel}","templated":true}]}}