{"id":741820,"date":"2025-03-03T18:17:34","date_gmt":"2025-03-03T17:17:34","guid":{"rendered":"https:\/\/stoic-curie.212-227-153-4.plesk.page\/producto\/pojacalo-fusion-sg-da51600\/"},"modified":"2026-02-25T00:00:56","modified_gmt":"2026-02-25T00:00:56","slug":"pojacalo-fusion-sg-da51600","status":"publish","type":"product","link":"https:\/\/stoic-curie.212-227-153-4.plesk.page\/hr\/product\/pojacalo-fusion-sg-da51600\/","title":{"rendered":"Poja\u010dalo Fusion Sg-da51600"},"content":{"rendered":"<p>Poja\u010dalo Fusion Sg-da51600 &#8211; <\/p>\n<p>5-kanalno D\u00c2 razreda Fusion SG-DA51600 pomorski poja\u010dava\u010d. Prednja plo\u010da od nehr\u0111aju\u0107eg \u010delika s aluminijskim hladnjacima. Uklju\u010duje promjenjivu razdjelnu frekvenciju i za\u0161titu od prenapona.<\/p>\n","protected":false},"excerpt":{"rendered":"<p>Poja\u010dalo Fusion Sg-da51600 &#8211; 5-kanalno D\u00c2 razreda Fusion SG-DA51600 pomorski poja\u010dava\u010d. Prednja plo\u010da od nehr\u0111aju\u0107eg \u010delika s aluminijskim hladnjacima. Uklju\u010duje<\/p>\n","protected":false},"featured_media":5942891,"comment_status":"open","ping_status":"closed","template":"","meta":[],"product_brand":[2961],"product_cat":[1733],"product_tag":[],"class_list":{"0":"post-741820","1":"product","2":"type-product","3":"status-publish","4":"has-post-thumbnail","6":"product_brand-fusion-hr","7":"product_cat-stereo-i-zvucnici","9":"first","10":"instock","11":"shipping-taxable","12":"purchasable","13":"product-type-simple"},"_links":{"self":[{"href":"https:\/\/stoic-curie.212-227-153-4.plesk.page\/hr\/wp-json\/wp\/v2\/product\/741820","targetHints":{"allow":["GET"]}}],"collection":[{"href":"https:\/\/stoic-curie.212-227-153-4.plesk.page\/hr\/wp-json\/wp\/v2\/product"}],"about":[{"href":"https:\/\/stoic-curie.212-227-153-4.plesk.page\/hr\/wp-json\/wp\/v2\/types\/product"}],"replies":[{"embeddable":true,"href":"https:\/\/stoic-curie.212-227-153-4.plesk.page\/hr\/wp-json\/wp\/v2\/comments?post=741820"}],"version-history":[{"count":0,"href":"https:\/\/stoic-curie.212-227-153-4.plesk.page\/hr\/wp-json\/wp\/v2\/product\/741820\/revisions"}],"wp:featuredmedia":[{"embeddable":true,"href":"https:\/\/stoic-curie.212-227-153-4.plesk.page\/hr\/wp-json\/wp\/v2\/media\/5942891"}],"wp:attachment":[{"href":"https:\/\/stoic-curie.212-227-153-4.plesk.page\/hr\/wp-json\/wp\/v2\/media?parent=741820"}],"wp:term":[{"taxonomy":"product_brand","embeddable":true,"href":"https:\/\/stoic-curie.212-227-153-4.plesk.page\/hr\/wp-json\/wp\/v2\/product_brand?post=741820"},{"taxonomy":"product_cat","embeddable":true,"href":"https:\/\/stoic-curie.212-227-153-4.plesk.page\/hr\/wp-json\/wp\/v2\/product_cat?post=741820"},{"taxonomy":"product_tag","embeddable":true,"href":"https:\/\/stoic-curie.212-227-153-4.plesk.page\/hr\/wp-json\/wp\/v2\/product_tag?post=741820"}],"curies":[{"name":"wp","href":"https:\/\/api.w.org\/{rel}","templated":true}]}}