{"id":741823,"date":"2025-03-03T18:17:35","date_gmt":"2025-03-03T17:17:35","guid":{"rendered":"https:\/\/stoic-curie.212-227-153-4.plesk.page\/producto\/plutaca-grippy-basic-25mt\/"},"modified":"2026-02-25T00:00:56","modified_gmt":"2026-02-25T00:00:56","slug":"plutaca-grippy-basic-25mt","status":"publish","type":"product","link":"https:\/\/stoic-curie.212-227-153-4.plesk.page\/hr\/product\/plutaca-grippy-basic-25mt\/","title":{"rendered":"Pluta\u010da Grippy Basic 25mt"},"content":{"rendered":"<p>Pluta\u010da Grippy Basic 25mt &#8211; <\/p>\n<p>Signalna boja s automatski pode\u0161avaju\u0107om konopom. Opremljena vizualnim indikatorom s reflektiraju\u0107om trakom. Omogu\u0107uje ozna\u010davanje to\u010dne pozicije sidra i tako\u0111er poma\u017ee lako podizanje zapetog sidra.<\/p>\n","protected":false},"excerpt":{"rendered":"<p>Pluta\u010da Grippy Basic 25mt &#8211; Signalna boja s automatski pode\u0161avaju\u0107om konopom. Opremljena vizualnim indikatorom s reflektiraju\u0107om trakom. Omogu\u0107uje ozna\u010davanje to\u010dne<\/p>\n","protected":false},"featured_media":5942893,"comment_status":"open","ping_status":"closed","template":"","meta":[],"product_brand":[2991],"product_cat":[1850],"product_tag":[],"class_list":{"0":"post-741823","1":"product","2":"type-product","3":"status-publish","4":"has-post-thumbnail","6":"product_brand-grippy-hr","7":"product_cat-plutace-za-privez-i-signalizaciju","9":"first","10":"instock","11":"shipping-taxable","12":"purchasable","13":"product-type-simple"},"_links":{"self":[{"href":"https:\/\/stoic-curie.212-227-153-4.plesk.page\/hr\/wp-json\/wp\/v2\/product\/741823","targetHints":{"allow":["GET"]}}],"collection":[{"href":"https:\/\/stoic-curie.212-227-153-4.plesk.page\/hr\/wp-json\/wp\/v2\/product"}],"about":[{"href":"https:\/\/stoic-curie.212-227-153-4.plesk.page\/hr\/wp-json\/wp\/v2\/types\/product"}],"replies":[{"embeddable":true,"href":"https:\/\/stoic-curie.212-227-153-4.plesk.page\/hr\/wp-json\/wp\/v2\/comments?post=741823"}],"version-history":[{"count":0,"href":"https:\/\/stoic-curie.212-227-153-4.plesk.page\/hr\/wp-json\/wp\/v2\/product\/741823\/revisions"}],"wp:featuredmedia":[{"embeddable":true,"href":"https:\/\/stoic-curie.212-227-153-4.plesk.page\/hr\/wp-json\/wp\/v2\/media\/5942893"}],"wp:attachment":[{"href":"https:\/\/stoic-curie.212-227-153-4.plesk.page\/hr\/wp-json\/wp\/v2\/media?parent=741823"}],"wp:term":[{"taxonomy":"product_brand","embeddable":true,"href":"https:\/\/stoic-curie.212-227-153-4.plesk.page\/hr\/wp-json\/wp\/v2\/product_brand?post=741823"},{"taxonomy":"product_cat","embeddable":true,"href":"https:\/\/stoic-curie.212-227-153-4.plesk.page\/hr\/wp-json\/wp\/v2\/product_cat?post=741823"},{"taxonomy":"product_tag","embeddable":true,"href":"https:\/\/stoic-curie.212-227-153-4.plesk.page\/hr\/wp-json\/wp\/v2\/product_tag?post=741823"}],"curies":[{"name":"wp","href":"https:\/\/api.w.org\/{rel}","templated":true}]}}