{"id":741824,"date":"2025-03-03T18:17:35","date_gmt":"2025-03-03T17:17:35","guid":{"rendered":"https:\/\/stoic-curie.212-227-153-4.plesk.page\/producto\/plutaca-grippy-heavy-20mt\/"},"modified":"2026-02-25T00:00:56","modified_gmt":"2026-02-25T00:00:56","slug":"plutaca-grippy-heavy-20mt","status":"publish","type":"product","link":"https:\/\/stoic-curie.212-227-153-4.plesk.page\/hr\/product\/plutaca-grippy-heavy-20mt\/","title":{"rendered":"Pluta\u010da Grippy Heavy 20mt"},"content":{"rendered":"<p>Pluta\u010da Grippy Heavy 20mt &#8211; <\/p>\n<p>Plutaju\u0107a bojka s automatski pode\u0161avaju\u0107om u\u017ee. Opremljena vizualnim indikatorom s reflektiraju\u0107om trakom. Omogu\u0107uje ozna\u010davanje to\u010dne pozicije sidra i tako\u0111er poma\u017ee u lakoj izvla\u010denju zapetljanog sidra.<\/p>\n","protected":false},"excerpt":{"rendered":"<p>Pluta\u010da Grippy Heavy 20mt &#8211; Plutaju\u0107a bojka s automatski pode\u0161avaju\u0107om u\u017ee. Opremljena vizualnim indikatorom s reflektiraju\u0107om trakom. Omogu\u0107uje ozna\u010davanje to\u010dne<\/p>\n","protected":false},"featured_media":5942893,"comment_status":"open","ping_status":"closed","template":"","meta":[],"product_brand":[2991],"product_cat":[1850],"product_tag":[],"class_list":{"0":"post-741824","1":"product","2":"type-product","3":"status-publish","4":"has-post-thumbnail","6":"product_brand-grippy-hr","7":"product_cat-plutace-za-privez-i-signalizaciju","9":"first","10":"instock","11":"shipping-taxable","12":"purchasable","13":"product-type-simple"},"_links":{"self":[{"href":"https:\/\/stoic-curie.212-227-153-4.plesk.page\/hr\/wp-json\/wp\/v2\/product\/741824","targetHints":{"allow":["GET"]}}],"collection":[{"href":"https:\/\/stoic-curie.212-227-153-4.plesk.page\/hr\/wp-json\/wp\/v2\/product"}],"about":[{"href":"https:\/\/stoic-curie.212-227-153-4.plesk.page\/hr\/wp-json\/wp\/v2\/types\/product"}],"replies":[{"embeddable":true,"href":"https:\/\/stoic-curie.212-227-153-4.plesk.page\/hr\/wp-json\/wp\/v2\/comments?post=741824"}],"version-history":[{"count":0,"href":"https:\/\/stoic-curie.212-227-153-4.plesk.page\/hr\/wp-json\/wp\/v2\/product\/741824\/revisions"}],"wp:featuredmedia":[{"embeddable":true,"href":"https:\/\/stoic-curie.212-227-153-4.plesk.page\/hr\/wp-json\/wp\/v2\/media\/5942893"}],"wp:attachment":[{"href":"https:\/\/stoic-curie.212-227-153-4.plesk.page\/hr\/wp-json\/wp\/v2\/media?parent=741824"}],"wp:term":[{"taxonomy":"product_brand","embeddable":true,"href":"https:\/\/stoic-curie.212-227-153-4.plesk.page\/hr\/wp-json\/wp\/v2\/product_brand?post=741824"},{"taxonomy":"product_cat","embeddable":true,"href":"https:\/\/stoic-curie.212-227-153-4.plesk.page\/hr\/wp-json\/wp\/v2\/product_cat?post=741824"},{"taxonomy":"product_tag","embeddable":true,"href":"https:\/\/stoic-curie.212-227-153-4.plesk.page\/hr\/wp-json\/wp\/v2\/product_tag?post=741824"}],"curies":[{"name":"wp","href":"https:\/\/api.w.org\/{rel}","templated":true}]}}