{"id":741825,"date":"2025-03-03T18:17:35","date_gmt":"2025-03-03T17:17:35","guid":{"rendered":"https:\/\/stoic-curie.212-227-153-4.plesk.page\/producto\/plutajuce-sidro-sea-guardian-d260cm\/"},"modified":"2026-02-25T00:00:56","modified_gmt":"2026-02-25T00:00:56","slug":"plutajuce-sidro-sea-guardian-d260cm","status":"publish","type":"product","link":"https:\/\/stoic-curie.212-227-153-4.plesk.page\/hr\/product\/plutajuce-sidro-sea-guardian-d260cm\/","title":{"rendered":"Plutajuce sidro Sea Guardian D260cm"},"content":{"rendered":"<p>Plutajuce sidro Sea Guardian D260cm &#8211; <\/p>\n<p>\u201eSea Guardians\u201c Para sidro dizajnirano je za sve vrste \u010damaca, bilo da ste na ribolovu, koristite splav, plovite jahtom ili navigirate komercijalnim brodom. Ovo parachute sidro je neophodno za o\u010duvanje sigurnosti kada se vreme pogor\u0161a. Poma\u017ee smanjiti drift, \u0161tedi gorivo i pru\u017ea posadi sigurno mesto za odmor kada stvari postanu te\u0161ke. Osim toga, odr\u017eava va\u0161 \u010damac stabilnim u te\u0161kim uslovima, tako da se mo\u017eete ose\u0107ati udobno i sigurno dok se borite protiv vetra i talasa.<\/p>\n<p>Kori\u0161\u0107enje \u201eSea Guardians\u201c Para sidra izuzetno je va\u017eno za zadr\u017eavanje va\u0161e pozicije, smanjenje ljuljanja i naginjanja, i ostanak sigurnim kada vreme postane divlje. Ako stalno pokre\u0107ete motor svog \u010damca da biste se udaljili od ribolovnog mre\u017ee i glavne linije, samo tro\u0161ite motor i gorivo. Sa \u201eSea Guardians\u201c Para sidrom, lako \u0107ete upravljati morskim strujama, zadr\u017eavaju\u0107i svoje mesto dok pecate ili se odmarate tokom va\u0111enja ulova. Ovo ne samo da \u0161tedi gorivo, ve\u0107 i poma\u017ee va\u0161oj posadi da bolje radi i produ\u017eava rad motora. Tako\u0111e usporava \u010damac kada pecate ili ronite.<\/p>\n<p>Ovo sidro je jednostavno za kori\u0161\u0107enje, omogu\u0107avaju\u0107i posadi da lako meri dubinu mora i osigura sigurnost ronilaca. U te\u0161kim uslovima, posebno tokom oluja, Para sidro poma\u017ee smanjiti drift i odr\u017eava \u010damac uskla\u0111enim sa vetrom. To posti\u017ee usmeravanjem kretanja vode kako bi se stvorio pritisak ispred sidra dok se voda vrti iza njega.<\/p>\n<p>\u201eSea Guardians\u201c Para sidro je izra\u0111eno sa naprednim hidrodinami\u010dkim karakteristikama i od visoko gustog najlonskog u\u017eeta, tako da je izdr\u017eljivo i dugotrajno. Svi materijali dolaze od pouzdanih doma\u0107ih proizvo\u0111a\u010da tekstila, osiguravaju\u0107i vrhunski kvalitet. Otporno je na vlagu i dovoljno \u010dvrsto da izdr\u017ei sve vrste pomorskih uslova. U\u017ee od visoko gustog najlona ima odli\u010dnu vu\u010dnu snagu i oko 30% rastezljivosti, \u0161to poma\u017ee da se ubla\u017ei povla\u010denje i produ\u017ei njegov vek trajanja. Ako \u017eelite da u\u0161tedite novac i te\u017einu, postoji opcija sa PE u\u017eetom, ali za veli\u010dine preko 10SW, najlon je najbolji izbor jer je jednostavno ja\u010di. Pored toga, kori\u0161\u0107enje \u201eSea Guardians\u201c Para sidra je jednostavno, \u0161to ga \u010dini odli\u010dnim izborom za va\u0161e potrebe plovidbe.<\/p>\n<p>Sea Guardians Para-Anchor plute\u0107a sidra su savr\u0161ena za ribolov, komercijalnu navigaciju i zabavu na vodi. Deloju na principu padobrana, pru\u017eaju\u0107i vam izvanrednu ko\u010dionu mo\u0107 u vodi. Izra\u0111ena od 100% najlonskog tkiva, izuzetno su izdr\u017eljiva i dobro funkcioni\u0161u u svim morskim uslovima. Laka su ali izuzetno jaka, tako da mogu delovati kao sidro, drift ili ko\u010dnica u plitkim i dubokim vodama, odr\u017eavaju\u0107i vas stabilnim i sigurnim. Samo zapamtite da koristite u\u017ee koje je najmanje pet puta du\u017ee od va\u0161eg \u010damca!<\/p>\n","protected":false},"excerpt":{"rendered":"<p>Plutajuce sidro Sea Guardian D260cm &#8211; \u201eSea Guardians\u201c Para sidro dizajnirano je za sve vrste \u010damaca, bilo da ste na<\/p>\n","protected":false},"featured_media":5942906,"comment_status":"open","ping_status":"closed","template":"","meta":[],"product_brand":[3516],"product_cat":[1869],"product_tag":[],"class_list":{"0":"post-741825","1":"product","2":"type-product","3":"status-publish","4":"has-post-thumbnail","6":"product_brand-veleria-san-giorgio-hr","7":"product_cat-plutajuca-sidra","9":"first","10":"instock","11":"shipping-taxable","12":"purchasable","13":"product-type-simple"},"_links":{"self":[{"href":"https:\/\/stoic-curie.212-227-153-4.plesk.page\/hr\/wp-json\/wp\/v2\/product\/741825","targetHints":{"allow":["GET"]}}],"collection":[{"href":"https:\/\/stoic-curie.212-227-153-4.plesk.page\/hr\/wp-json\/wp\/v2\/product"}],"about":[{"href":"https:\/\/stoic-curie.212-227-153-4.plesk.page\/hr\/wp-json\/wp\/v2\/types\/product"}],"replies":[{"embeddable":true,"href":"https:\/\/stoic-curie.212-227-153-4.plesk.page\/hr\/wp-json\/wp\/v2\/comments?post=741825"}],"version-history":[{"count":0,"href":"https:\/\/stoic-curie.212-227-153-4.plesk.page\/hr\/wp-json\/wp\/v2\/product\/741825\/revisions"}],"wp:featuredmedia":[{"embeddable":true,"href":"https:\/\/stoic-curie.212-227-153-4.plesk.page\/hr\/wp-json\/wp\/v2\/media\/5942906"}],"wp:attachment":[{"href":"https:\/\/stoic-curie.212-227-153-4.plesk.page\/hr\/wp-json\/wp\/v2\/media?parent=741825"}],"wp:term":[{"taxonomy":"product_brand","embeddable":true,"href":"https:\/\/stoic-curie.212-227-153-4.plesk.page\/hr\/wp-json\/wp\/v2\/product_brand?post=741825"},{"taxonomy":"product_cat","embeddable":true,"href":"https:\/\/stoic-curie.212-227-153-4.plesk.page\/hr\/wp-json\/wp\/v2\/product_cat?post=741825"},{"taxonomy":"product_tag","embeddable":true,"href":"https:\/\/stoic-curie.212-227-153-4.plesk.page\/hr\/wp-json\/wp\/v2\/product_tag?post=741825"}],"curies":[{"name":"wp","href":"https:\/\/api.w.org\/{rel}","templated":true}]}}