{"id":741826,"date":"2025-03-03T18:17:36","date_gmt":"2025-03-03T17:17:36","guid":{"rendered":"https:\/\/stoic-curie.212-227-153-4.plesk.page\/producto\/plutajuce-sidro-sea-guardian-d390cm\/"},"modified":"2026-02-25T00:00:56","modified_gmt":"2026-02-25T00:00:56","slug":"plutajuce-sidro-sea-guardian-d390cm","status":"publish","type":"product","link":"https:\/\/stoic-curie.212-227-153-4.plesk.page\/hr\/product\/plutajuce-sidro-sea-guardian-d390cm\/","title":{"rendered":"Plutajuce sidro Sea Guardian D390cm"},"content":{"rendered":"<p>Plutajuce sidro Sea Guardian D390cm &#8211; <\/p>\n<p>\u201eSea Guardians\u201c Para morska sidra pa\u017eljivo su dizajnirana za raznolike vrste plovila, uklju\u010duju\u0107i ribarske \u010damce, \u010damce za spa\u0161avanje, jahte i trgova\u010dke brodove. Ova padobranska sidra klju\u010dna su za osiguranje sigurnosti tijekom nepovoljnih vremenskih uvjeta, jer u\u010dinkovito smanjuju driftnu, \u0161tede gorivo i pru\u017eaju sigurno mjesto za odmor posade \u010dak i u izazovnim okolnostima. Igraju kriti\u010dnu ulogu u odr\u017eavanju stabilnosti plovila u te\u0161kim uvjetima, nude\u0107i udobnost i sigurnost dok olak\u0161avaju navigaciju tijekom jakih vjetrova ili oluja.<\/p>\n<p>Kori\u0161tenje \u201eSea Guardians\u201c Para morskog sidra od presudne je va\u017enosti za o\u010duvanje va\u0161e pozicije, minimiziranje nagiba i osiguranje sigurnosti u nemirnom vremenu. Kontinuirano pokretanje motora plovila kako bi se odr\u017eala stalna udaljenost od ribarske mre\u017ee i glavne u\u017ee mo\u017ee dovesti do tro\u0161enja motora i prekomjerne potro\u0161nje goriva. Upotrebom \u201eSea Guardians\u201c Para morskog sidra, mogu\u0107e je vje\u0161to upravljati morskim strujama, omogu\u0107uju\u0107i zadr\u017eavanje pozicije tijekom ribolova ili odmaranja prilikom va\u0111enja ulova. Ova metoda ne samo da \u0161tedi gorivo, ve\u0107 i optimizira resurse posade i produ\u017euje vijek trajanja motora plovila. Osim toga, poma\u017ee u smanjenju brzine plovila tijekom ribolovnih i ronila\u010dkih operacija.<\/p>\n<p>Sidro je dizajnirano za jednostavnu upotrebu, omogu\u0107uju\u0107i posadi precizno mjerenje dubine mora i osiguravaju\u0107i siguran povratak ronitelja. U opasnim uvjetima, posebno tijekom oluja, Para morsko sidro smanjuje drift i nagib, odr\u017eavaju\u0107i usmjerenje \u010damca s vjetrom. To se posti\u017ee usmjeravanjem kretanja vode kako bi se stvorio pritisak ispred sidra, dok se iza njega stvaraju vrtlo\u017eenja.<\/p>\n<p>\u201eSea Guardians\u201c Para morsko sidro mo\u017ee se pohvaliti naprednim hidrodinami\u010dkim karakteristikama i izra\u0111eno je od visokoudobnog najlonskog u\u017eeta, \u0161to osigurava trajnost i dugovje\u010dnost. Svi materijali nabavljeni su od uglednih doma\u0107ih proizvo\u0111a\u010da tekstila kako bi se osigurala vrhunska kvaliteta. Ovo sidro je otporno na vlagu i dovoljno robustno da izdr\u017ei razli\u010dite pomorske uvjete. Najlonsko u\u017ee visoke gusto\u0107e pru\u017ea izvanrednu vu\u010dnu snagu i ima otprilike 30% duktilnosti, \u0161to ubla\u017eava povla\u010denje i maksimalno pove\u0107ava njegovu elasti\u010dnost, \u010dime dodatno produ\u017eava vijek trajanja. Za one koji \u017eele smanjiti tro\u0161kove i te\u017einu, dostupna je opcija PE u\u017eeta; me\u0111utim, preporu\u010duje se kori\u0161tenje najlonskog u\u017eeta za veli\u010dine ve\u0107e od 10SW zbog njegove superiorne snage. Rad \u201eSea Guardians\u201c Para morskog sidra je jednostavan, \u0161to ga \u010dini primjerem izvrstan izbor za va\u0161e pomorske potrebe.<\/p>\n<p>\u201eSea Guardians\u201c Para sidra su idealna za ribolov, komercijalnu plovidbu i rekreativno jedrenje. Ova sidra funkcioniraju na principu padobrana, pru\u017eaju\u0107i izvanredne mogu\u0107nosti ko\u010denja u vodi. Izra\u0111ena od 100% najlonske tkanine, pru\u017eaju izvanrednu trajnost i performanse u svim morskim uvjetima. Laka, ali iznimno sna\u017ena, mogu poslu\u017eiti kao sidro, drift ili ko\u010dnica u otvorenim i dubokim vodama, osiguravaju\u0107i izvrsnu stabilnost i sigurnost. Preporu\u010duje se da duljina u\u017eeta bude barem pet puta ve\u0107a od duljine plovila.<\/p>\n","protected":false},"excerpt":{"rendered":"<p>Plutajuce sidro Sea Guardian D390cm &#8211; \u201eSea Guardians\u201c Para morska sidra pa\u017eljivo su dizajnirana za raznolike vrste plovila, uklju\u010duju\u0107i ribarske<\/p>\n","protected":false},"featured_media":5942906,"comment_status":"open","ping_status":"closed","template":"","meta":[],"product_brand":[3516],"product_cat":[1869],"product_tag":[],"class_list":{"0":"post-741826","1":"product","2":"type-product","3":"status-publish","4":"has-post-thumbnail","6":"product_brand-veleria-san-giorgio-hr","7":"product_cat-plutajuca-sidra","9":"first","10":"instock","11":"shipping-taxable","12":"purchasable","13":"product-type-simple"},"_links":{"self":[{"href":"https:\/\/stoic-curie.212-227-153-4.plesk.page\/hr\/wp-json\/wp\/v2\/product\/741826","targetHints":{"allow":["GET"]}}],"collection":[{"href":"https:\/\/stoic-curie.212-227-153-4.plesk.page\/hr\/wp-json\/wp\/v2\/product"}],"about":[{"href":"https:\/\/stoic-curie.212-227-153-4.plesk.page\/hr\/wp-json\/wp\/v2\/types\/product"}],"replies":[{"embeddable":true,"href":"https:\/\/stoic-curie.212-227-153-4.plesk.page\/hr\/wp-json\/wp\/v2\/comments?post=741826"}],"version-history":[{"count":0,"href":"https:\/\/stoic-curie.212-227-153-4.plesk.page\/hr\/wp-json\/wp\/v2\/product\/741826\/revisions"}],"wp:featuredmedia":[{"embeddable":true,"href":"https:\/\/stoic-curie.212-227-153-4.plesk.page\/hr\/wp-json\/wp\/v2\/media\/5942906"}],"wp:attachment":[{"href":"https:\/\/stoic-curie.212-227-153-4.plesk.page\/hr\/wp-json\/wp\/v2\/media?parent=741826"}],"wp:term":[{"taxonomy":"product_brand","embeddable":true,"href":"https:\/\/stoic-curie.212-227-153-4.plesk.page\/hr\/wp-json\/wp\/v2\/product_brand?post=741826"},{"taxonomy":"product_cat","embeddable":true,"href":"https:\/\/stoic-curie.212-227-153-4.plesk.page\/hr\/wp-json\/wp\/v2\/product_cat?post=741826"},{"taxonomy":"product_tag","embeddable":true,"href":"https:\/\/stoic-curie.212-227-153-4.plesk.page\/hr\/wp-json\/wp\/v2\/product_tag?post=741826"}],"curies":[{"name":"wp","href":"https:\/\/api.w.org\/{rel}","templated":true}]}}