{"id":741827,"date":"2025-03-03T18:17:36","date_gmt":"2025-03-03T17:17:36","guid":{"rendered":"https:\/\/stoic-curie.212-227-153-4.plesk.page\/producto\/plutajuce-sidro-sea-guardian-d510cm\/"},"modified":"2026-02-25T00:00:56","modified_gmt":"2026-02-25T00:00:56","slug":"plutajuce-sidro-sea-guardian-d510cm","status":"publish","type":"product","link":"https:\/\/stoic-curie.212-227-153-4.plesk.page\/hr\/product\/plutajuce-sidro-sea-guardian-d510cm\/","title":{"rendered":"Plutajuce sidro Sea Guardian D510cm"},"content":{"rendered":"<p>Plutajuce sidro Sea Guardian D510cm &#8211; <\/p>\n<p>&#8220;Sea Guardians&#8221; Para Sea Anchor stru\u010dnije je dizajniran za \u0161irok spektar plovila, kao \u0161to su ribarske brodove, splavi, jahte i trgova\u010dke brodove. Ova padobranska sidra igraju klju\u010dnu ulogu u osiguranju sigurnosti tijekom nepovoljnih vremenskih uvjeta, jer poma\u017eu u smanjenju zano\u0161enja, \u0161tede gorivo i osiguravaju sigurno mjesto za odmor posade u izazovnim uvjetima. Poma\u017ee u odr\u017eavanju stabilnosti plovila u te\u0161kim okru\u017eenjima, pru\u017eaju\u0107i udobnost i sigurnost dok poma\u017ee navigaciji tijekom jakih vjetrova ili oluja.<\/p>\n<p>Kori\u0161tenje &#8220;Sea Guardians&#8221; Para Sea Anchor izuzetno je va\u017eno za odr\u017eavanje va\u0161e pozicije, minimiziranje nagiba i osiguranje sigurnosti u turbulentnim vremenskim uvjetima. Kada motor broda neprekidno radi kako bi odr\u017eao dosljednu udaljenost od ribarske mre\u017ee i glavne veze, mo\u017ee do\u0107i do tro\u0161enja motora i prekomjerne potro\u0161nje goriva. Kori\u0161tenjem &#8220;Sea Guardians&#8221; Para Sea Anchor, mo\u017eete u\u010dinkovito upravljati morskim strujama, omogu\u0107uju\u0107i vam odr\u017eavanje pozicije tijekom ribolova ili uzimanja pauze dok prikupljate svoj ulov. Ova metoda \u0161tedi gorivo, optimizira resurse posade i produljuje vijek trajanja brodskog motora. Tako\u0111er poma\u017ee usporavanju brzine plovila tijekom ribolovnih i ronila\u010dkih aktivnosti.<\/p>\n<p>Sidro je dizajnirano za jednostavnu upotrebu, omogu\u0107uju\u0107i posadi da mjeri dubinu mora i omogu\u0107ava roniocima siguran povratak. U opasnim uvjetima, posebno za vrijeme oluja, Para Sea Anchor minimizira zano\u0161enje i naginjanje, dr\u017ee\u0107i brod poravnatim s vjetrom. To posti\u017ee usmjeravanjem kretanja vode kako bi stvorio pritisak ispred sidra dok generira vrtloge iza njega.<\/p>\n<p>&#8220;Sea Guardians&#8221; Para Sea Anchor sadr\u017ei napredne hidrodinami\u010dke karakteristike i izra\u0111en je od visoko gusto\u0107e najlonskog u\u017eeta, osiguravaju\u0107i izdr\u017eljivost i dugovje\u010dnost. Svi materijali dolaze od uglednih doma\u0107ih tekstilnih proizvo\u0111a\u010da kako bi se osigurala kvaliteta. Ovo sidro je otporno na vlagu i dovoljno sna\u017eno da izdr\u017ei razne pomorske uvjete. U\u017ee od visoke gusto\u0107e najlona pru\u017ea izvrstan vu\u010dni kapacitet i ima pribli\u017eno 30% duktilnosti, \u0161to ubla\u017eava povla\u010denje i maksimalizira njegovu elasti\u010dnost, dodatno produ\u017euju\u0107i njegov vijek trajanja. Za one koji \u017eele smanjiti tro\u0161kove i te\u017einu, dostupna je opcija PE u\u017ee; ipak, preporu\u010dujemo kori\u0161tenje najlonskog u\u017eeta za veli\u010dine ve\u0107e od 10SW zbog njegove superiorne snage. Rad &#8220;Sea Guardians&#8221; Para Sea Anchor je jednostavan, \u0161to ga \u010dini izvrsnim izborom za va\u0161e pomorske potrebe.<\/p>\n<p>Sea Guardians Para-Anchor plovila sidra savr\u0161ena su za ribolov, trgova\u010dku navigaciju i rekreacijske aktivnosti na vodi. Djeluju na temelju principa padobrana, pru\u017eaju\u0107i izvanredno ko\u010denje u vodi. Izra\u0111ena od 100% najlonske tkanine, nude izvanrednu izdr\u017eljivost i performanse u svim morskim uvjetima. Laka, ali iznimno sna\u017ena, mogu funkcionirati kao sidro, drift ili ko\u010dnica u otvorenim i dubokim vodama, osiguravaju\u0107i izvrsnu stabilnost i sigurnost. Preporu\u010dena du\u017eina u\u017eeta trebala bi biti najmanje pet puta du\u017ea od du\u017eine broda.<\/p>\n","protected":false},"excerpt":{"rendered":"<p>Plutajuce sidro Sea Guardian D510cm &#8211; &#8220;Sea Guardians&#8221; Para Sea Anchor stru\u010dnije je dizajniran za \u0161irok spektar plovila, kao \u0161to<\/p>\n","protected":false},"featured_media":5942906,"comment_status":"open","ping_status":"closed","template":"","meta":[],"product_brand":[3516],"product_cat":[1869],"product_tag":[],"class_list":{"0":"post-741827","1":"product","2":"type-product","3":"status-publish","4":"has-post-thumbnail","6":"product_brand-veleria-san-giorgio-hr","7":"product_cat-plutajuca-sidra","9":"first","10":"outofstock","11":"shipping-taxable","12":"purchasable","13":"product-type-simple"},"_links":{"self":[{"href":"https:\/\/stoic-curie.212-227-153-4.plesk.page\/hr\/wp-json\/wp\/v2\/product\/741827","targetHints":{"allow":["GET"]}}],"collection":[{"href":"https:\/\/stoic-curie.212-227-153-4.plesk.page\/hr\/wp-json\/wp\/v2\/product"}],"about":[{"href":"https:\/\/stoic-curie.212-227-153-4.plesk.page\/hr\/wp-json\/wp\/v2\/types\/product"}],"replies":[{"embeddable":true,"href":"https:\/\/stoic-curie.212-227-153-4.plesk.page\/hr\/wp-json\/wp\/v2\/comments?post=741827"}],"version-history":[{"count":0,"href":"https:\/\/stoic-curie.212-227-153-4.plesk.page\/hr\/wp-json\/wp\/v2\/product\/741827\/revisions"}],"wp:featuredmedia":[{"embeddable":true,"href":"https:\/\/stoic-curie.212-227-153-4.plesk.page\/hr\/wp-json\/wp\/v2\/media\/5942906"}],"wp:attachment":[{"href":"https:\/\/stoic-curie.212-227-153-4.plesk.page\/hr\/wp-json\/wp\/v2\/media?parent=741827"}],"wp:term":[{"taxonomy":"product_brand","embeddable":true,"href":"https:\/\/stoic-curie.212-227-153-4.plesk.page\/hr\/wp-json\/wp\/v2\/product_brand?post=741827"},{"taxonomy":"product_cat","embeddable":true,"href":"https:\/\/stoic-curie.212-227-153-4.plesk.page\/hr\/wp-json\/wp\/v2\/product_cat?post=741827"},{"taxonomy":"product_tag","embeddable":true,"href":"https:\/\/stoic-curie.212-227-153-4.plesk.page\/hr\/wp-json\/wp\/v2\/product_tag?post=741827"}],"curies":[{"name":"wp","href":"https:\/\/api.w.org\/{rel}","templated":true}]}}