{"id":741828,"date":"2025-03-03T18:17:36","date_gmt":"2025-03-03T17:17:36","guid":{"rendered":"https:\/\/stoic-curie.212-227-153-4.plesk.page\/producto\/plutajuce-sidro-sea-guardian-d640cm\/"},"modified":"2026-02-25T00:00:56","modified_gmt":"2026-02-25T00:00:56","slug":"plutajuce-sidro-sea-guardian-d640cm","status":"publish","type":"product","link":"https:\/\/stoic-curie.212-227-153-4.plesk.page\/hr\/product\/plutajuce-sidro-sea-guardian-d640cm\/","title":{"rendered":"Plutajuce sidro Sea Guardian D640cm"},"content":{"rendered":"<p>Plutajuce sidro Sea Guardian D640cm &#8211; <\/p>\n<p style=\"color: rgb(34, 34, 34); font-family: Arial, Helvetica, sans-serif; font-size: small;\">&#8220;Sea Guardians&#8221; Para sidro za more posebno je izra\u0111eno za raznolike vrste plovila, uklju\u010duju\u0107i ribarske brodove, \u010damce za spa\u0161avanje, jahte i trgova\u010dke brodove. Ovo padobransko sidro klju\u010dno je za osiguranje sigurnosti tijekom olujnog vremena, jer poma\u017ee u smanjenju driftanja, o\u010duvanju goriva i pru\u017eanju sigurnog prostora za odmor posade u te\u0161kim uvjetima. Odr\u017eava stabilnost plovila u te\u0161kim okru\u017eenjima, nude\u0107i udobnost i sigurnost te olak\u0161ava navigaciju tijekom jakih vjetrova ili oluja.<\/p>\n<p style=\"color: rgb(34, 34, 34); font-family: Arial, Helvetica, sans-serif; font-size: small;\">Kori\u0161tenje &#8220;Sea Guardians&#8221; Para sidra za more presudno je za o\u010duvanje va\u0161e pozicije, smanjenje naginjanja i klatnosti, te garantiranje sigurnosti u nemirnom vremenu. Kada motor broda neprekidno radi kako bi odr\u017eao ribarsku mre\u017eu i glavnu u\u017ee na stalnoj udaljenosti, to mo\u017ee dovesti do tro\u0161enja motora i rasipanja goriva. Koriste\u0107i &#8220;Sea Guardians&#8221; Para sidro za more, mo\u017eete u\u010dinkovito upravljati morskim strujama, omogu\u0107uju\u0107i vam da zadr\u017eite svoju poziciju tijekom ribolova ili se odmorite dok vu\u010dete svoj ulov. Ovaj pristup \u0161tedi gorivo, optimizira resurse posade i produ\u017eava \u017eivot brodskog motora. Tako\u0111er poma\u017ee u usporavanju brzine plovila tijekom ribolovnih i ronila\u010dkih operacija.<\/p>\n<p style=\"color: rgb(34, 34, 34); font-family: Arial, Helvetica, sans-serif; font-size: small;\">Sidro je dizajnirano za jednostavnost kori\u0161tenja, omogu\u0107uju\u0107i posadi da procijeni dubinu mora i omogu\u0107uju\u0107i roniocima siguran povratak. U opasnim uvjetima, posebno tijekom oluja, Para sidro za more smanjuje drift i klatnost, odr\u017eavaju\u0107i brod orijentiranim prema vjetru. To posti\u017ee usmjeravanjem vodenog gibanja kako bi stvorilo pritisak ispred sidra dok generira vrtloge iza njega.<\/p>\n<p style=\"color: rgb(34, 34, 34); font-family: Arial, Helvetica, sans-serif; font-size: small;\">&#8220;Sea Guardians&#8221; Para sidro za more se mo\u017ee pohvaliti naprednim hidrodinami\u010dkim zna\u010dajkama i izra\u0111eno je od u\u017eeta od najlona visoke gusto\u0107e, \u0161to osigurava dugovje\u010dnost i izdr\u017eljivost. Svi materijali nabavljeni su od uglednih doma\u0107ih proizvo\u0111a\u010da tekstila kako bi se osigurala kvaliteta. Ovo sidro otporno je na vlagu i dovoljno robusno da izdr\u017ei razli\u010dite pomorske uvjete. U\u017ee od najlona visoke gusto\u0107e nudi izvrsnu vu\u010du i posjeduje otprilike 30% duktilnosti, \u0161to ubla\u017eava vu\u010du i maksimizira njegovu elasti\u010dnost, dodatno produljuju\u0107i njegov vijek trajanja. Za one koji \u017eele smanjiti tro\u0161kove i te\u017einu, dostupna je opcija u\u017eeta od PE; me\u0111utim, preporu\u010dujemo kori\u0161tenje najlon u\u017eeta za veli\u010dine ve\u0107e od 10SW zbog njegove superiorne \u010dvrsto\u0107e. Rad &#8220;Sea Guardians&#8221; Para sidra za more je jednostavan, \u0161to ga \u010dini izvrsnim izborom za va\u0161e pomorske potrebe.<\/p>\n<p style=\"color: rgb(34, 34, 34); font-family: Arial, Helvetica, sans-serif; font-size: small;\">Sea Guardians Para sidra na vodi idealna su za ribolov, trgova\u010dku plovidbu i rekreacijsko jedrenje. Funkcioniraju na principu padobrana, pru\u017eaju\u0107i izvanredno ko\u010denje u vodi. Izra\u0111ena od 100% najlonske tkanine, pru\u017eaju izvanrednu izdr\u017eljivost i performanse u svim morskim uvjetima. Lako se nose, ali nevjerojatno \u010dvrste, mogu poslu\u017eiti kao sidro, drift ili ko\u010dnica u otvorenim i dubokim vodama, osiguravaju\u0107i izvrsnu stabilnost i sigurnost. Preporu\u010dena du\u017eina u\u017eeta trebala bi biti najmanje pet puta ve\u0107a od du\u017eine broda.<\/p>\n","protected":false},"excerpt":{"rendered":"<p>Plutajuce sidro Sea Guardian D640cm &#8211; &#8220;Sea Guardians&#8221; Para sidro za more posebno je izra\u0111eno za raznolike vrste plovila, uklju\u010duju\u0107i<\/p>\n","protected":false},"featured_media":5942906,"comment_status":"open","ping_status":"closed","template":"","meta":[],"product_brand":[3516],"product_cat":[1869],"product_tag":[],"class_list":{"0":"post-741828","1":"product","2":"type-product","3":"status-publish","4":"has-post-thumbnail","6":"product_brand-veleria-san-giorgio-hr","7":"product_cat-plutajuca-sidra","9":"first","10":"outofstock","11":"shipping-taxable","12":"purchasable","13":"product-type-simple"},"_links":{"self":[{"href":"https:\/\/stoic-curie.212-227-153-4.plesk.page\/hr\/wp-json\/wp\/v2\/product\/741828","targetHints":{"allow":["GET"]}}],"collection":[{"href":"https:\/\/stoic-curie.212-227-153-4.plesk.page\/hr\/wp-json\/wp\/v2\/product"}],"about":[{"href":"https:\/\/stoic-curie.212-227-153-4.plesk.page\/hr\/wp-json\/wp\/v2\/types\/product"}],"replies":[{"embeddable":true,"href":"https:\/\/stoic-curie.212-227-153-4.plesk.page\/hr\/wp-json\/wp\/v2\/comments?post=741828"}],"version-history":[{"count":0,"href":"https:\/\/stoic-curie.212-227-153-4.plesk.page\/hr\/wp-json\/wp\/v2\/product\/741828\/revisions"}],"wp:featuredmedia":[{"embeddable":true,"href":"https:\/\/stoic-curie.212-227-153-4.plesk.page\/hr\/wp-json\/wp\/v2\/media\/5942906"}],"wp:attachment":[{"href":"https:\/\/stoic-curie.212-227-153-4.plesk.page\/hr\/wp-json\/wp\/v2\/media?parent=741828"}],"wp:term":[{"taxonomy":"product_brand","embeddable":true,"href":"https:\/\/stoic-curie.212-227-153-4.plesk.page\/hr\/wp-json\/wp\/v2\/product_brand?post=741828"},{"taxonomy":"product_cat","embeddable":true,"href":"https:\/\/stoic-curie.212-227-153-4.plesk.page\/hr\/wp-json\/wp\/v2\/product_cat?post=741828"},{"taxonomy":"product_tag","embeddable":true,"href":"https:\/\/stoic-curie.212-227-153-4.plesk.page\/hr\/wp-json\/wp\/v2\/product_tag?post=741828"}],"curies":[{"name":"wp","href":"https:\/\/api.w.org\/{rel}","templated":true}]}}