{"id":741829,"date":"2025-03-03T18:17:36","date_gmt":"2025-03-03T17:17:36","guid":{"rendered":"https:\/\/stoic-curie.212-227-153-4.plesk.page\/producto\/brzinomjer-brojac-sati-ecms-crni-85mm-4000-o-min\/"},"modified":"2026-02-25T00:00:56","modified_gmt":"2026-02-25T00:00:56","slug":"brzinomjer-brojac-sati-ecms-crni-85mm-4000-o-min","status":"publish","type":"product","link":"https:\/\/stoic-curie.212-227-153-4.plesk.page\/hr\/product\/brzinomjer-brojac-sati-ecms-crni-85mm-4000-o-min\/","title":{"rendered":"Brzinomjer\/broja\u010d sati ECMS Crni 85mm 4000 o \/ min"},"content":{"rendered":"<p>Brzinomjer\/broja\u010d sati ECMS Crni 85mm 4000 o \/ min &#8211; <\/p>\n<p>Ecms All Black 12\/24V Tohomjer\/Poitnomjer, opremljen s Molex priklju\u010dkom. Crni nehr\u0111aju\u0107i \u010delik i crna broj\u010danik. Vodonepropusna IP67 za\u0161ti\u0107ena zakrivljena le\u0107a otporna na maglu. Prilagodljiv vi\u0161ebojni LED pozadinsko osvjetljeni broj\u010danik.<\/p>\n","protected":false},"excerpt":{"rendered":"<p>Brzinomjer\/broja\u010d sati ECMS Crni 85mm 4000 o \/ min &#8211; Ecms All Black 12\/24V Tohomjer\/Poitnomjer, opremljen s Molex priklju\u010dkom. Crni<\/p>\n","protected":false},"featured_media":5942974,"comment_status":"open","ping_status":"closed","template":"","meta":[],"product_brand":[2911],"product_cat":[1811,1788],"product_tag":[],"class_list":{"0":"post-741829","1":"product","2":"type-product","3":"status-publish","4":"has-post-thumbnail","6":"product_brand-ecms-marine-hr","7":"product_cat-brodski-mjerni-instrumenti-ecms-a","8":"product_cat-instrumenti-brojaca-okretaja","10":"first","11":"instock","12":"shipping-taxable","13":"purchasable","14":"product-type-simple"},"_links":{"self":[{"href":"https:\/\/stoic-curie.212-227-153-4.plesk.page\/hr\/wp-json\/wp\/v2\/product\/741829","targetHints":{"allow":["GET"]}}],"collection":[{"href":"https:\/\/stoic-curie.212-227-153-4.plesk.page\/hr\/wp-json\/wp\/v2\/product"}],"about":[{"href":"https:\/\/stoic-curie.212-227-153-4.plesk.page\/hr\/wp-json\/wp\/v2\/types\/product"}],"replies":[{"embeddable":true,"href":"https:\/\/stoic-curie.212-227-153-4.plesk.page\/hr\/wp-json\/wp\/v2\/comments?post=741829"}],"version-history":[{"count":0,"href":"https:\/\/stoic-curie.212-227-153-4.plesk.page\/hr\/wp-json\/wp\/v2\/product\/741829\/revisions"}],"wp:featuredmedia":[{"embeddable":true,"href":"https:\/\/stoic-curie.212-227-153-4.plesk.page\/hr\/wp-json\/wp\/v2\/media\/5942974"}],"wp:attachment":[{"href":"https:\/\/stoic-curie.212-227-153-4.plesk.page\/hr\/wp-json\/wp\/v2\/media?parent=741829"}],"wp:term":[{"taxonomy":"product_brand","embeddable":true,"href":"https:\/\/stoic-curie.212-227-153-4.plesk.page\/hr\/wp-json\/wp\/v2\/product_brand?post=741829"},{"taxonomy":"product_cat","embeddable":true,"href":"https:\/\/stoic-curie.212-227-153-4.plesk.page\/hr\/wp-json\/wp\/v2\/product_cat?post=741829"},{"taxonomy":"product_tag","embeddable":true,"href":"https:\/\/stoic-curie.212-227-153-4.plesk.page\/hr\/wp-json\/wp\/v2\/product_tag?post=741829"}],"curies":[{"name":"wp","href":"https:\/\/api.w.org\/{rel}","templated":true}]}}