{"id":741830,"date":"2025-03-03T18:17:37","date_gmt":"2025-03-03T17:17:37","guid":{"rendered":"https:\/\/stoic-curie.212-227-153-4.plesk.page\/producto\/brzinomjer-i-brojac-sati-ecms-bijela-i-krom-12-24v-6000-85mm\/"},"modified":"2026-02-25T00:00:56","modified_gmt":"2026-02-25T00:00:56","slug":"brzinomjer-i-brojac-sati-ecms-bijela-i-krom-12-24v-6000-85mm","status":"publish","type":"product","link":"https:\/\/stoic-curie.212-227-153-4.plesk.page\/hr\/product\/brzinomjer-i-brojac-sati-ecms-bijela-i-krom-12-24v-6000-85mm\/","title":{"rendered":"Brzinomjer i broja\u010d sati ECMS Bijela i Krom 12\/24V 6000 85mm"},"content":{"rendered":"<p>Brzinomjer i broja\u010d sati ECMS Bijela i Krom 12\/24V 6000 85mm &#8211; <\/p>\n<p>Ecms White Chrome 12\/24V Tahometar\/Satni mjera\u010d, potpuno s o\u017ei\u010denim Molex konektorom. Polirani nehr\u0111aju\u0107i \u010delik i bijela broj\u010danika. Vodootporna le\u0107a otporna na maglu, za\u0161ti\u0107ena IP67. Prilagodljiva vi\u0161ebojna LED osvijetljena broj\u010danik.<\/p>\n","protected":false},"excerpt":{"rendered":"<p>Brzinomjer i broja\u010d sati ECMS Bijela i Krom 12\/24V 6000 85mm &#8211; Ecms White Chrome 12\/24V Tahometar\/Satni mjera\u010d, potpuno s<\/p>\n","protected":false},"featured_media":5942457,"comment_status":"open","ping_status":"closed","template":"","meta":[],"product_brand":[2911],"product_cat":[1811,1788],"product_tag":[],"class_list":{"0":"post-741830","1":"product","2":"type-product","3":"status-publish","4":"has-post-thumbnail","6":"product_brand-ecms-marine-hr","7":"product_cat-brodski-mjerni-instrumenti-ecms-a","8":"product_cat-instrumenti-brojaca-okretaja","10":"first","11":"instock","12":"shipping-taxable","13":"purchasable","14":"product-type-simple"},"_links":{"self":[{"href":"https:\/\/stoic-curie.212-227-153-4.plesk.page\/hr\/wp-json\/wp\/v2\/product\/741830","targetHints":{"allow":["GET"]}}],"collection":[{"href":"https:\/\/stoic-curie.212-227-153-4.plesk.page\/hr\/wp-json\/wp\/v2\/product"}],"about":[{"href":"https:\/\/stoic-curie.212-227-153-4.plesk.page\/hr\/wp-json\/wp\/v2\/types\/product"}],"replies":[{"embeddable":true,"href":"https:\/\/stoic-curie.212-227-153-4.plesk.page\/hr\/wp-json\/wp\/v2\/comments?post=741830"}],"version-history":[{"count":0,"href":"https:\/\/stoic-curie.212-227-153-4.plesk.page\/hr\/wp-json\/wp\/v2\/product\/741830\/revisions"}],"wp:featuredmedia":[{"embeddable":true,"href":"https:\/\/stoic-curie.212-227-153-4.plesk.page\/hr\/wp-json\/wp\/v2\/media\/5942457"}],"wp:attachment":[{"href":"https:\/\/stoic-curie.212-227-153-4.plesk.page\/hr\/wp-json\/wp\/v2\/media?parent=741830"}],"wp:term":[{"taxonomy":"product_brand","embeddable":true,"href":"https:\/\/stoic-curie.212-227-153-4.plesk.page\/hr\/wp-json\/wp\/v2\/product_brand?post=741830"},{"taxonomy":"product_cat","embeddable":true,"href":"https:\/\/stoic-curie.212-227-153-4.plesk.page\/hr\/wp-json\/wp\/v2\/product_cat?post=741830"},{"taxonomy":"product_tag","embeddable":true,"href":"https:\/\/stoic-curie.212-227-153-4.plesk.page\/hr\/wp-json\/wp\/v2\/product_tag?post=741830"}],"curies":[{"name":"wp","href":"https:\/\/api.w.org\/{rel}","templated":true}]}}