{"id":741831,"date":"2025-03-03T18:17:37","date_gmt":"2025-03-03T17:17:37","guid":{"rendered":"https:\/\/stoic-curie.212-227-153-4.plesk.page\/producto\/brzinomjer-brojac-sati-6000-85mm-ecms-crni-krom-12-24v\/"},"modified":"2026-02-25T00:00:56","modified_gmt":"2026-02-25T00:00:56","slug":"brzinomjer-brojac-sati-6000-85mm-ecms-crni-krom-12-24v","status":"publish","type":"product","link":"https:\/\/stoic-curie.212-227-153-4.plesk.page\/hr\/product\/brzinomjer-brojac-sati-6000-85mm-ecms-crni-krom-12-24v\/","title":{"rendered":"Brzinomjer \/ broja\u010d sati 6000 85mm ECMS crni krom 12 \/ 24V"},"content":{"rendered":"<p>Brzinomjer \/ broja\u010d sati 6000 85mm ECMS crni krom 12 \/ 24V &#8211; <\/p>\n<p>Ecms Black Chrome 12\/24V takometar\/\u010dasovnik, kompletan s o\u017ei\u010denim Molex konektorom. Polirani nehr\u0111aju\u0107i \u010delik i crni broj\u010danik. Vodootporna IP67 za\u0161ti\u0107ena izbo\u010dena le\u0107a otporna na maglu. Prilagodljiv broja\u010d s vi\u0161ebojnim LED pozadinskim osvjetljenjem.<\/p>\n","protected":false},"excerpt":{"rendered":"<p>Brzinomjer \/ broja\u010d sati 6000 85mm ECMS crni krom 12 \/ 24V &#8211; Ecms Black Chrome 12\/24V takometar\/\u010dasovnik, kompletan s<\/p>\n","protected":false},"featured_media":5942458,"comment_status":"open","ping_status":"closed","template":"","meta":[],"product_brand":[2911],"product_cat":[1811,1788],"product_tag":[],"class_list":{"0":"post-741831","1":"product","2":"type-product","3":"status-publish","4":"has-post-thumbnail","6":"product_brand-ecms-marine-hr","7":"product_cat-brodski-mjerni-instrumenti-ecms-a","8":"product_cat-instrumenti-brojaca-okretaja","10":"first","11":"instock","12":"shipping-taxable","13":"purchasable","14":"product-type-simple"},"_links":{"self":[{"href":"https:\/\/stoic-curie.212-227-153-4.plesk.page\/hr\/wp-json\/wp\/v2\/product\/741831","targetHints":{"allow":["GET"]}}],"collection":[{"href":"https:\/\/stoic-curie.212-227-153-4.plesk.page\/hr\/wp-json\/wp\/v2\/product"}],"about":[{"href":"https:\/\/stoic-curie.212-227-153-4.plesk.page\/hr\/wp-json\/wp\/v2\/types\/product"}],"replies":[{"embeddable":true,"href":"https:\/\/stoic-curie.212-227-153-4.plesk.page\/hr\/wp-json\/wp\/v2\/comments?post=741831"}],"version-history":[{"count":0,"href":"https:\/\/stoic-curie.212-227-153-4.plesk.page\/hr\/wp-json\/wp\/v2\/product\/741831\/revisions"}],"wp:featuredmedia":[{"embeddable":true,"href":"https:\/\/stoic-curie.212-227-153-4.plesk.page\/hr\/wp-json\/wp\/v2\/media\/5942458"}],"wp:attachment":[{"href":"https:\/\/stoic-curie.212-227-153-4.plesk.page\/hr\/wp-json\/wp\/v2\/media?parent=741831"}],"wp:term":[{"taxonomy":"product_brand","embeddable":true,"href":"https:\/\/stoic-curie.212-227-153-4.plesk.page\/hr\/wp-json\/wp\/v2\/product_brand?post=741831"},{"taxonomy":"product_cat","embeddable":true,"href":"https:\/\/stoic-curie.212-227-153-4.plesk.page\/hr\/wp-json\/wp\/v2\/product_cat?post=741831"},{"taxonomy":"product_tag","embeddable":true,"href":"https:\/\/stoic-curie.212-227-153-4.plesk.page\/hr\/wp-json\/wp\/v2\/product_tag?post=741831"}],"curies":[{"name":"wp","href":"https:\/\/api.w.org\/{rel}","templated":true}]}}