{"id":741833,"date":"2025-03-03T18:17:38","date_gmt":"2025-03-03T17:17:38","guid":{"rendered":"https:\/\/stoic-curie.212-227-153-4.plesk.page\/producto\/gps-brzinomjer-85mm-ecms-12-24v-bijeli-kromirani\/"},"modified":"2026-02-25T00:00:56","modified_gmt":"2026-02-25T00:00:56","slug":"gps-brzinomjer-85mm-ecms-12-24v-bijeli-kromirani","status":"publish","type":"product","link":"https:\/\/stoic-curie.212-227-153-4.plesk.page\/hr\/product\/gps-brzinomjer-85mm-ecms-12-24v-bijeli-kromirani\/","title":{"rendered":"GPS brzinomjer 85mm ECMS 12\/24V, bijeli kromirani"},"content":{"rendered":"<p>GPS brzinomjer 85mm ECMS 12\/24V, bijeli kromirani &#8211; <\/p>\n<p>Ecms White Chrome 12\/24V GPS brzinomjer, potpuno opremljen GPS senzorom i \u017ei\u010danim Molex konektorom. Polirani nehr\u0111aju\u0107i \u010delik okvira i bijeli broj\u010danik. Vodootporna IP67 za\u0161ti\u0107ena konveksna le\u0107a otporna na maglu. Izra\u010dunava pre\u0111enu udaljenost i omogu\u0107uje upravljanje udaljenosti pojedina\u010dnih putovanja mjerenjem brzine u \u010dvorovima, MPH ili Km\/h. Prilagodljiv vi\u0161ebojni LED osvijetljen broj\u010danik.<\/p>\n","protected":false},"excerpt":{"rendered":"<p>GPS brzinomjer 85mm ECMS 12\/24V, bijeli kromirani &#8211; Ecms White Chrome 12\/24V GPS brzinomjer, potpuno opremljen GPS senzorom i \u017ei\u010danim<\/p>\n","protected":false},"featured_media":5942975,"comment_status":"open","ping_status":"closed","template":"","meta":[],"product_brand":[2911],"product_cat":[1811],"product_tag":[],"class_list":{"0":"post-741833","1":"product","2":"type-product","3":"status-publish","4":"has-post-thumbnail","6":"product_brand-ecms-marine-hr","7":"product_cat-brodski-mjerni-instrumenti-ecms-a","9":"first","10":"instock","11":"shipping-taxable","12":"purchasable","13":"product-type-simple"},"_links":{"self":[{"href":"https:\/\/stoic-curie.212-227-153-4.plesk.page\/hr\/wp-json\/wp\/v2\/product\/741833","targetHints":{"allow":["GET"]}}],"collection":[{"href":"https:\/\/stoic-curie.212-227-153-4.plesk.page\/hr\/wp-json\/wp\/v2\/product"}],"about":[{"href":"https:\/\/stoic-curie.212-227-153-4.plesk.page\/hr\/wp-json\/wp\/v2\/types\/product"}],"replies":[{"embeddable":true,"href":"https:\/\/stoic-curie.212-227-153-4.plesk.page\/hr\/wp-json\/wp\/v2\/comments?post=741833"}],"version-history":[{"count":0,"href":"https:\/\/stoic-curie.212-227-153-4.plesk.page\/hr\/wp-json\/wp\/v2\/product\/741833\/revisions"}],"wp:featuredmedia":[{"embeddable":true,"href":"https:\/\/stoic-curie.212-227-153-4.plesk.page\/hr\/wp-json\/wp\/v2\/media\/5942975"}],"wp:attachment":[{"href":"https:\/\/stoic-curie.212-227-153-4.plesk.page\/hr\/wp-json\/wp\/v2\/media?parent=741833"}],"wp:term":[{"taxonomy":"product_brand","embeddable":true,"href":"https:\/\/stoic-curie.212-227-153-4.plesk.page\/hr\/wp-json\/wp\/v2\/product_brand?post=741833"},{"taxonomy":"product_cat","embeddable":true,"href":"https:\/\/stoic-curie.212-227-153-4.plesk.page\/hr\/wp-json\/wp\/v2\/product_cat?post=741833"},{"taxonomy":"product_tag","embeddable":true,"href":"https:\/\/stoic-curie.212-227-153-4.plesk.page\/hr\/wp-json\/wp\/v2\/product_tag?post=741833"}],"curies":[{"name":"wp","href":"https:\/\/api.w.org\/{rel}","templated":true}]}}