{"id":741834,"date":"2025-03-03T18:17:39","date_gmt":"2025-03-03T17:17:39","guid":{"rendered":"https:\/\/stoic-curie.212-227-153-4.plesk.page\/producto\/gps-brzinomjer-85mm-ecms-12-24v-crni-kromirani\/"},"modified":"2026-02-25T00:00:56","modified_gmt":"2026-02-25T00:00:56","slug":"gps-brzinomjer-85mm-ecms-12-24v-crni-kromirani","status":"publish","type":"product","link":"https:\/\/stoic-curie.212-227-153-4.plesk.page\/hr\/product\/gps-brzinomjer-85mm-ecms-12-24v-crni-kromirani\/","title":{"rendered":"GPS brzinomjer 85mm ECMS 12\/24V, crni kromirani"},"content":{"rendered":"<p>GPS brzinomjer 85mm ECMS 12\/24V, crni kromirani &#8211; <\/p>\n<p>Ecms Crni Krom 12\/24V GPS Brzinomjer, kompletan s GPS senzorom i povezivanjem via Molex. Polirani okrug od nehr\u0111aju\u0107eg \u010delika i crna plo\u010da. Vodootporna IP67 za\u0161ti\u0107ena zakrivljena le\u0107a otporna na maglu. Izra\u010dunava prije\u0111enu udaljenost i omogu\u0107uje upravljanje udaljeno\u0161\u0107u pojedina\u010dnih putovanja mjere\u0107i brzinu u \u010dvorovima, MPH ili km\/h. Prilagodljiv vi\u0161ebojni LED pozadinsko osvijetljeni dial.<\/p>\n","protected":false},"excerpt":{"rendered":"<p>GPS brzinomjer 85mm ECMS 12\/24V, crni kromirani &#8211; Ecms Crni Krom 12\/24V GPS Brzinomjer, kompletan s GPS senzorom i povezivanjem<\/p>\n","protected":false},"featured_media":5942976,"comment_status":"open","ping_status":"closed","template":"","meta":[],"product_brand":[2911],"product_cat":[1811],"product_tag":[],"class_list":{"0":"post-741834","1":"product","2":"type-product","3":"status-publish","4":"has-post-thumbnail","6":"product_brand-ecms-marine-hr","7":"product_cat-brodski-mjerni-instrumenti-ecms-a","9":"first","10":"instock","11":"shipping-taxable","12":"purchasable","13":"product-type-simple"},"_links":{"self":[{"href":"https:\/\/stoic-curie.212-227-153-4.plesk.page\/hr\/wp-json\/wp\/v2\/product\/741834","targetHints":{"allow":["GET"]}}],"collection":[{"href":"https:\/\/stoic-curie.212-227-153-4.plesk.page\/hr\/wp-json\/wp\/v2\/product"}],"about":[{"href":"https:\/\/stoic-curie.212-227-153-4.plesk.page\/hr\/wp-json\/wp\/v2\/types\/product"}],"replies":[{"embeddable":true,"href":"https:\/\/stoic-curie.212-227-153-4.plesk.page\/hr\/wp-json\/wp\/v2\/comments?post=741834"}],"version-history":[{"count":0,"href":"https:\/\/stoic-curie.212-227-153-4.plesk.page\/hr\/wp-json\/wp\/v2\/product\/741834\/revisions"}],"wp:featuredmedia":[{"embeddable":true,"href":"https:\/\/stoic-curie.212-227-153-4.plesk.page\/hr\/wp-json\/wp\/v2\/media\/5942976"}],"wp:attachment":[{"href":"https:\/\/stoic-curie.212-227-153-4.plesk.page\/hr\/wp-json\/wp\/v2\/media?parent=741834"}],"wp:term":[{"taxonomy":"product_brand","embeddable":true,"href":"https:\/\/stoic-curie.212-227-153-4.plesk.page\/hr\/wp-json\/wp\/v2\/product_brand?post=741834"},{"taxonomy":"product_cat","embeddable":true,"href":"https:\/\/stoic-curie.212-227-153-4.plesk.page\/hr\/wp-json\/wp\/v2\/product_cat?post=741834"},{"taxonomy":"product_tag","embeddable":true,"href":"https:\/\/stoic-curie.212-227-153-4.plesk.page\/hr\/wp-json\/wp\/v2\/product_tag?post=741834"}],"curies":[{"name":"wp","href":"https:\/\/api.w.org\/{rel}","templated":true}]}}