{"id":741835,"date":"2025-03-03T18:17:39","date_gmt":"2025-03-03T17:17:39","guid":{"rendered":"https:\/\/stoic-curie.212-227-153-4.plesk.page\/producto\/gps-brzinomjer-85mm-ecms-12-24v-sve-crno\/"},"modified":"2026-02-25T00:00:56","modified_gmt":"2026-02-25T00:00:56","slug":"gps-brzinomjer-85mm-ecms-12-24v-sve-crno","status":"publish","type":"product","link":"https:\/\/stoic-curie.212-227-153-4.plesk.page\/hr\/product\/gps-brzinomjer-85mm-ecms-12-24v-sve-crno\/","title":{"rendered":"GPS brzinomjer 85mm ECMS 12\/24V, sve crno"},"content":{"rendered":"<p>GPS brzinomjer 85mm ECMS 12\/24V, sve crno &#8211; <\/p>\n<p>Ecms 12\/24V Svi crni GPS brzinomjer, opremljen GPS senzorom i povezanim Molex konektorom. Crni okruglasti okvir od nehr\u0111aju\u0107eg \u010delika i crna broj\u010danik. Vodootporna, IP67 za\u0161ti\u0107ena le\u0107a otporna na maglu. Izra\u010dunava pre\u0111enu udaljenost i omogu\u0107ava upravljanje udaljenosti pojedina\u010dnih putovanja mjere\u0107i brzinu u \u010dvorovima, MPH ili km\/h. Prilagodljiv vi\u0161ebojni LED pozadinsko osvjetljenje broj\u010danika.<\/p>\n","protected":false},"excerpt":{"rendered":"<p>GPS brzinomjer 85mm ECMS 12\/24V, sve crno &#8211; Ecms 12\/24V Svi crni GPS brzinomjer, opremljen GPS senzorom i povezanim Molex<\/p>\n","protected":false},"featured_media":5942977,"comment_status":"open","ping_status":"closed","template":"","meta":[],"product_brand":[2911],"product_cat":[1811],"product_tag":[],"class_list":{"0":"post-741835","1":"product","2":"type-product","3":"status-publish","4":"has-post-thumbnail","6":"product_brand-ecms-marine-hr","7":"product_cat-brodski-mjerni-instrumenti-ecms-a","9":"first","10":"instock","11":"shipping-taxable","12":"purchasable","13":"product-type-simple"},"_links":{"self":[{"href":"https:\/\/stoic-curie.212-227-153-4.plesk.page\/hr\/wp-json\/wp\/v2\/product\/741835","targetHints":{"allow":["GET"]}}],"collection":[{"href":"https:\/\/stoic-curie.212-227-153-4.plesk.page\/hr\/wp-json\/wp\/v2\/product"}],"about":[{"href":"https:\/\/stoic-curie.212-227-153-4.plesk.page\/hr\/wp-json\/wp\/v2\/types\/product"}],"replies":[{"embeddable":true,"href":"https:\/\/stoic-curie.212-227-153-4.plesk.page\/hr\/wp-json\/wp\/v2\/comments?post=741835"}],"version-history":[{"count":0,"href":"https:\/\/stoic-curie.212-227-153-4.plesk.page\/hr\/wp-json\/wp\/v2\/product\/741835\/revisions"}],"wp:featuredmedia":[{"embeddable":true,"href":"https:\/\/stoic-curie.212-227-153-4.plesk.page\/hr\/wp-json\/wp\/v2\/media\/5942977"}],"wp:attachment":[{"href":"https:\/\/stoic-curie.212-227-153-4.plesk.page\/hr\/wp-json\/wp\/v2\/media?parent=741835"}],"wp:term":[{"taxonomy":"product_brand","embeddable":true,"href":"https:\/\/stoic-curie.212-227-153-4.plesk.page\/hr\/wp-json\/wp\/v2\/product_brand?post=741835"},{"taxonomy":"product_cat","embeddable":true,"href":"https:\/\/stoic-curie.212-227-153-4.plesk.page\/hr\/wp-json\/wp\/v2\/product_cat?post=741835"},{"taxonomy":"product_tag","embeddable":true,"href":"https:\/\/stoic-curie.212-227-153-4.plesk.page\/hr\/wp-json\/wp\/v2\/product_tag?post=741835"}],"curies":[{"name":"wp","href":"https:\/\/api.w.org\/{rel}","templated":true}]}}