{"id":741836,"date":"2025-03-03T18:17:39","date_gmt":"2025-03-03T17:17:39","guid":{"rendered":"https:\/\/stoic-curie.212-227-153-4.plesk.page\/producto\/ampermetar-sa-shuntom-ecms-bijeli-kromirani-12-24-u-150-150a-52-mm\/"},"modified":"2026-02-25T00:00:56","modified_gmt":"2026-02-25T00:00:56","slug":"ampermetar-sa-shuntom-ecms-bijeli-kromirani-12-24-u-150-150a-52-mm","status":"publish","type":"product","link":"https:\/\/stoic-curie.212-227-153-4.plesk.page\/hr\/product\/ampermetar-sa-shuntom-ecms-bijeli-kromirani-12-24-u-150-150a-52-mm\/","title":{"rendered":"Ampermetar sa shuntom ECMS bijeli kromirani 12\/24 u -150 + 150A 52 mm"},"content":{"rendered":"<p>Ampermetar sa shuntom ECMS bijeli kromirani 12\/24 u -150 + 150A 52 mm &#8211; <\/p>\n<p>Ecms White Chrome 12\/24V mjera\u010di s kabelskim Molex konektorom. Polirani nehr\u0111aju\u0107i \u010delik i bijela broj\u010danik. Vodootporna IP67 za\u0161ti\u0107ena konveksna le\u0107a otporna na maglu. Prilagodljivi vi\u0161ebojni LED osvijetljen broj\u010danik. Mjerni ure\u0111aji razine mogu se postaviti na bilo koju vrijednost impedancije pomo\u0107u gumba za konfiguraciju sprijeda. Oni su unaprijed postavljeni na standardnu vrijednost 0-190 Ohm. Mjeri pritisak ulja od 5 i 10 bara su kompatibilni sa standardnim senzorima (10-180 Ohm), dok je 30 bara samo kompatibilan s elektroni\u010dkim senzorima (0,5-4,5V). Ampermetri dolaze s senzorom (shunt) za mjerenje struje.<\/p>\n","protected":false},"excerpt":{"rendered":"<p>Ampermetar sa shuntom ECMS bijeli kromirani 12\/24 u -150 + 150A 52 mm &#8211; Ecms White Chrome 12\/24V mjera\u010di s<\/p>\n","protected":false},"featured_media":5942294,"comment_status":"open","ping_status":"closed","template":"","meta":[],"product_brand":[2911],"product_cat":[1729,1811],"product_tag":[],"class_list":{"0":"post-741836","1":"product","2":"type-product","3":"status-publish","4":"has-post-thumbnail","6":"product_brand-ecms-marine-hr","7":"product_cat-baterije","8":"product_cat-brodski-mjerni-instrumenti-ecms-a","10":"first","11":"instock","12":"shipping-taxable","13":"purchasable","14":"product-type-simple"},"_links":{"self":[{"href":"https:\/\/stoic-curie.212-227-153-4.plesk.page\/hr\/wp-json\/wp\/v2\/product\/741836","targetHints":{"allow":["GET"]}}],"collection":[{"href":"https:\/\/stoic-curie.212-227-153-4.plesk.page\/hr\/wp-json\/wp\/v2\/product"}],"about":[{"href":"https:\/\/stoic-curie.212-227-153-4.plesk.page\/hr\/wp-json\/wp\/v2\/types\/product"}],"replies":[{"embeddable":true,"href":"https:\/\/stoic-curie.212-227-153-4.plesk.page\/hr\/wp-json\/wp\/v2\/comments?post=741836"}],"version-history":[{"count":0,"href":"https:\/\/stoic-curie.212-227-153-4.plesk.page\/hr\/wp-json\/wp\/v2\/product\/741836\/revisions"}],"wp:featuredmedia":[{"embeddable":true,"href":"https:\/\/stoic-curie.212-227-153-4.plesk.page\/hr\/wp-json\/wp\/v2\/media\/5942294"}],"wp:attachment":[{"href":"https:\/\/stoic-curie.212-227-153-4.plesk.page\/hr\/wp-json\/wp\/v2\/media?parent=741836"}],"wp:term":[{"taxonomy":"product_brand","embeddable":true,"href":"https:\/\/stoic-curie.212-227-153-4.plesk.page\/hr\/wp-json\/wp\/v2\/product_brand?post=741836"},{"taxonomy":"product_cat","embeddable":true,"href":"https:\/\/stoic-curie.212-227-153-4.plesk.page\/hr\/wp-json\/wp\/v2\/product_cat?post=741836"},{"taxonomy":"product_tag","embeddable":true,"href":"https:\/\/stoic-curie.212-227-153-4.plesk.page\/hr\/wp-json\/wp\/v2\/product_tag?post=741836"}],"curies":[{"name":"wp","href":"https:\/\/api.w.org\/{rel}","templated":true}]}}