{"id":741837,"date":"2025-03-03T18:17:40","date_gmt":"2025-03-03T17:17:40","guid":{"rendered":"https:\/\/stoic-curie.212-227-153-4.plesk.page\/producto\/ampermetar-sa-shuntom-ecms-all-black-150-150a\/"},"modified":"2026-02-25T00:00:56","modified_gmt":"2026-02-25T00:00:56","slug":"ampermetar-sa-shuntom-ecms-all-black-150-150a","status":"publish","type":"product","link":"https:\/\/stoic-curie.212-227-153-4.plesk.page\/hr\/product\/ampermetar-sa-shuntom-ecms-all-black-150-150a\/","title":{"rendered":"Ampermetar sa shuntom ECMS All Black -150 +150a"},"content":{"rendered":"<p>Ampermetar sa shuntom ECMS All Black -150 +150a &#8211; <\/p>\n<p>Ecms 12\/24V All Black mjera\u010di potpuno s o\u017ei\u010denom Molex priklju\u010dkom. Crni nehr\u0111aju\u0107i \u010delik okvir i crna broj\u010danica. Vodootporna IP67 za\u0161ti\u0107ena konusna le\u0107a koja je otporna na maglu. Prilagodljiva vi\u0161ebojna LED pozadinsko osvjetljenje broj\u010danice. Mjerni instrumenti razine mogu se postaviti na bilo koju impedancijsku vrijednost pomo\u0107u konfiguracijske tipke na stra\u017enjoj strani. Po defaultu su postavljeni na standardnu vrijednost 0-190 Ohm. 5 i 10 bar mjera\u010di tlaka ulja su kompatibilni sa standardnim senzorima (10-180 Ohm), dok je 30 bar mjera\u010d kompatibilan samo sa elektroni\u010dkim senzorima (0,5-4,5V). Ampermetri su potpuno opremljeni senzorom (shunt) za mjerenje struje.<\/p>\n","protected":false},"excerpt":{"rendered":"<p>Ampermetar sa shuntom ECMS All Black -150 +150a &#8211; Ecms 12\/24V All Black mjera\u010di potpuno s o\u017ei\u010denom Molex priklju\u010dkom. Crni<\/p>\n","protected":false},"featured_media":5942910,"comment_status":"open","ping_status":"closed","template":"","meta":[],"product_brand":[2911],"product_cat":[1729,1811],"product_tag":[],"class_list":{"0":"post-741837","1":"product","2":"type-product","3":"status-publish","4":"has-post-thumbnail","6":"product_brand-ecms-marine-hr","7":"product_cat-baterije","8":"product_cat-brodski-mjerni-instrumenti-ecms-a","10":"first","11":"instock","12":"shipping-taxable","13":"purchasable","14":"product-type-simple"},"_links":{"self":[{"href":"https:\/\/stoic-curie.212-227-153-4.plesk.page\/hr\/wp-json\/wp\/v2\/product\/741837","targetHints":{"allow":["GET"]}}],"collection":[{"href":"https:\/\/stoic-curie.212-227-153-4.plesk.page\/hr\/wp-json\/wp\/v2\/product"}],"about":[{"href":"https:\/\/stoic-curie.212-227-153-4.plesk.page\/hr\/wp-json\/wp\/v2\/types\/product"}],"replies":[{"embeddable":true,"href":"https:\/\/stoic-curie.212-227-153-4.plesk.page\/hr\/wp-json\/wp\/v2\/comments?post=741837"}],"version-history":[{"count":0,"href":"https:\/\/stoic-curie.212-227-153-4.plesk.page\/hr\/wp-json\/wp\/v2\/product\/741837\/revisions"}],"wp:featuredmedia":[{"embeddable":true,"href":"https:\/\/stoic-curie.212-227-153-4.plesk.page\/hr\/wp-json\/wp\/v2\/media\/5942910"}],"wp:attachment":[{"href":"https:\/\/stoic-curie.212-227-153-4.plesk.page\/hr\/wp-json\/wp\/v2\/media?parent=741837"}],"wp:term":[{"taxonomy":"product_brand","embeddable":true,"href":"https:\/\/stoic-curie.212-227-153-4.plesk.page\/hr\/wp-json\/wp\/v2\/product_brand?post=741837"},{"taxonomy":"product_cat","embeddable":true,"href":"https:\/\/stoic-curie.212-227-153-4.plesk.page\/hr\/wp-json\/wp\/v2\/product_cat?post=741837"},{"taxonomy":"product_tag","embeddable":true,"href":"https:\/\/stoic-curie.212-227-153-4.plesk.page\/hr\/wp-json\/wp\/v2\/product_tag?post=741837"}],"curies":[{"name":"wp","href":"https:\/\/api.w.org\/{rel}","templated":true}]}}