{"id":741838,"date":"2025-03-03T18:17:40","date_gmt":"2025-03-03T17:17:40","guid":{"rendered":"https:\/\/stoic-curie.212-227-153-4.plesk.page\/producto\/prijenosni-hladnjaci-icey-tek-hd-260lt-1550-x-580-x-h560mm\/"},"modified":"2026-02-25T00:00:56","modified_gmt":"2026-02-25T00:00:56","slug":"prijenosni-hladnjaci-icey-tek-hd-260lt-1550-x-580-x-h560mm","status":"publish","type":"product","link":"https:\/\/stoic-curie.212-227-153-4.plesk.page\/hr\/product\/prijenosni-hladnjaci-icey-tek-hd-260lt-1550-x-580-x-h560mm\/","title":{"rendered":"Prijenosni hladnjaci Icey-Tek Hd 260lt"},"content":{"rendered":"<p>Prijenosni hladnjaci Icey-Tek Hd 260lt &#8211; <\/p>\n<p style=\"color: rgb(34, 34, 34); font-family: Arial, Helvetica, sans-serif; font-size: small;\">Prijenosni hladnjaci Icey-Tek Hd 260lt dimenzija 1550 x 580 x H560mm. Icey Tek hladnjaci pa\u017eljivo su dizajnirani u Australiji kako bi izdr\u017eali najo\u0161trije uvjete i zadovoljili rigorozne zahtjeve svojih korisnika. U proizvodnji koristimo vrhunske materijale, uklju\u010duju\u0107i bravu od termoplasti\u010dnog elastomera koja podnosi visoke temperature bez deformacija.<\/p>\n<p style=\"color: rgb(34, 34, 34); font-family: Arial, Helvetica, sans-serif; font-size: small;\">Ova hladnjaka komercijalne klase dovoljno je velika da zadr\u017ei zna\u010dajne ulove, osiguravaju\u0107i lo\u0161e hla\u0111enje va\u0161ih izlovljenih proizvoda. Mo\u017ee udobno primiti podijeljenog losa ili vi\u0161e jelena, pru\u017eaju\u0107i prilagodljivost i otpornost u jedinstvenoj jedinici.<\/p>\n<ul style=\"color: rgb(34, 34, 34); font-family: Arial, Helvetica, sans-serif; font-size: small;\">\n<li>Savr\u0161eno za ribolov na moru ili lov na velike igre<\/li>\n<li>Mo\u017ee poslu\u017eiti kao veliki bazen za led za zna\u010dajne okupljanja<\/li>\n<li>Koristi se kao ledena kupka za sporta\u0161e<\/li>\n<\/ul>\n<p style=\"color: rgb(34, 34, 34); font-family: Arial, Helvetica, sans-serif; font-size: small;\"><strong>Robusni Zupci<\/strong><br \/>Na\u0161i zupci s automatskim zaklju\u010davanjem su plastificirani i oja\u010dani nehr\u0111aju\u0107im vijcima za pobolj\u0161anu izdr\u017eljivost.<\/p>\n<p style=\"color: rgb(34, 34, 34); font-family: Arial, Helvetica, sans-serif; font-size: small;\"><strong>Napredne Termoplasti\u010dne Brave<\/strong><br \/>Ove inovativne brave otporne su na koroziju, nenosive i UV stabilne, jam\u010de\u0107i dugotrajnu funkcionalnost.<\/p>\n<p style=\"color: rgb(34, 34, 34); font-family: Arial, Helvetica, sans-serif; font-size: small;\"><strong>Dvostruki Odvodni Ventili<\/strong><br \/>Dvostruki sustav odvodnih ventila promjera 25mm olak\u0161ava otpu\u0161tanje vode u raznim scenarijima.<\/p>\n<p style=\"color: rgb(34, 34, 34); font-family: Arial, Helvetica, sans-serif; font-size: small;\"><strong>Podloga Sigurna za Hranu<\/strong><br \/>Na\u0161e podloge u\u010dinkovito sprje\u010davaju mirise hrane i kontaminaciju, pojednostavljuju\u0107i \u010di\u0161\u0107enje i smanjuju\u0107i odr\u017eavanje.<\/p>\n","protected":false},"excerpt":{"rendered":"<p>Prijenosni hladnjaci Icey-Tek Hd 260lt &#8211; Prijenosni hladnjaci Icey-Tek Hd 260lt dimenzija 1550 x 580 x H560mm. Icey Tek hladnjaci<\/p>\n","protected":false},"featured_media":5943029,"comment_status":"open","ping_status":"closed","template":"","meta":[],"product_brand":[3006],"product_cat":[1646,1843],"product_tag":[],"class_list":{"0":"post-741838","1":"product","2":"type-product","3":"status-publish","4":"has-post-thumbnail","6":"product_brand-icey-tek-hr","7":"product_cat-cool-box-hladnjaci","8":"product_cat-oprema-za-ribolov-na-brodu","10":"first","11":"instock","12":"shipping-taxable","13":"purchasable","14":"product-type-simple"},"_links":{"self":[{"href":"https:\/\/stoic-curie.212-227-153-4.plesk.page\/hr\/wp-json\/wp\/v2\/product\/741838","targetHints":{"allow":["GET"]}}],"collection":[{"href":"https:\/\/stoic-curie.212-227-153-4.plesk.page\/hr\/wp-json\/wp\/v2\/product"}],"about":[{"href":"https:\/\/stoic-curie.212-227-153-4.plesk.page\/hr\/wp-json\/wp\/v2\/types\/product"}],"replies":[{"embeddable":true,"href":"https:\/\/stoic-curie.212-227-153-4.plesk.page\/hr\/wp-json\/wp\/v2\/comments?post=741838"}],"version-history":[{"count":0,"href":"https:\/\/stoic-curie.212-227-153-4.plesk.page\/hr\/wp-json\/wp\/v2\/product\/741838\/revisions"}],"wp:featuredmedia":[{"embeddable":true,"href":"https:\/\/stoic-curie.212-227-153-4.plesk.page\/hr\/wp-json\/wp\/v2\/media\/5943029"}],"wp:attachment":[{"href":"https:\/\/stoic-curie.212-227-153-4.plesk.page\/hr\/wp-json\/wp\/v2\/media?parent=741838"}],"wp:term":[{"taxonomy":"product_brand","embeddable":true,"href":"https:\/\/stoic-curie.212-227-153-4.plesk.page\/hr\/wp-json\/wp\/v2\/product_brand?post=741838"},{"taxonomy":"product_cat","embeddable":true,"href":"https:\/\/stoic-curie.212-227-153-4.plesk.page\/hr\/wp-json\/wp\/v2\/product_cat?post=741838"},{"taxonomy":"product_tag","embeddable":true,"href":"https:\/\/stoic-curie.212-227-153-4.plesk.page\/hr\/wp-json\/wp\/v2\/product_tag?post=741838"}],"curies":[{"name":"wp","href":"https:\/\/api.w.org\/{rel}","templated":true}]}}