{"id":741841,"date":"2025-03-03T18:17:41","date_gmt":"2025-03-03T17:17:41","guid":{"rendered":"https:\/\/stoic-curie.212-227-153-4.plesk.page\/producto\/glomex-altair-tv-fm-antena\/"},"modified":"2026-02-25T00:00:56","modified_gmt":"2026-02-25T00:00:56","slug":"glomex-altair-tv-fm-antena","status":"publish","type":"product","link":"https:\/\/stoic-curie.212-227-153-4.plesk.page\/hr\/product\/glomex-altair-tv-fm-antena\/","title":{"rendered":"Glomex Altair TV-FM antena"},"content":{"rendered":"<p>Glomex Altair TV-FM antena &#8211; <\/p>\n<p>Ova kompaktna Glomex Altair TV antena pru\u017ea optimalne omnidirekcionalne performanse s horizontalno i vertikalno polariziranim signalima, zahvaljuju\u0107i pove\u0107anoj visini radomskog ku\u0107i\u0161ta koje omogu\u0107ava uklju\u010divanje vertikalnog elementa unutar. Opremljena je zaklonjenim poja\u010dalom s niskim \u0161umom i automatskom kontrolom poja\u010danja (AGC) koja osigurava savr\u0161en signal kako na moru, tako i u marini. Ako se koristi s V9147 (2-smjerni, opcionalni) razdjelnikom, instaliranim izme\u0111u antene i poja\u010dala, mo\u017ee tako\u0111er primati AM-FM radio frekvencije. Univerzalno napajanje 12\/24V.<\/p>\n","protected":false},"excerpt":{"rendered":"<p>Glomex Altair TV-FM antena &#8211; Ova kompaktna Glomex Altair TV antena pru\u017ea optimalne omnidirekcionalne performanse s horizontalno i vertikalno polariziranim<\/p>\n","protected":false},"featured_media":5943045,"comment_status":"open","ping_status":"closed","template":"","meta":[],"product_brand":[2981],"product_cat":[1754],"product_tag":[],"class_list":{"0":"post-741841","1":"product","2":"type-product","3":"status-publish","4":"has-post-thumbnail","6":"product_brand-glomex-hr","7":"product_cat-tv-antene","9":"first","10":"instock","11":"shipping-taxable","12":"purchasable","13":"product-type-simple"},"_links":{"self":[{"href":"https:\/\/stoic-curie.212-227-153-4.plesk.page\/hr\/wp-json\/wp\/v2\/product\/741841","targetHints":{"allow":["GET"]}}],"collection":[{"href":"https:\/\/stoic-curie.212-227-153-4.plesk.page\/hr\/wp-json\/wp\/v2\/product"}],"about":[{"href":"https:\/\/stoic-curie.212-227-153-4.plesk.page\/hr\/wp-json\/wp\/v2\/types\/product"}],"replies":[{"embeddable":true,"href":"https:\/\/stoic-curie.212-227-153-4.plesk.page\/hr\/wp-json\/wp\/v2\/comments?post=741841"}],"version-history":[{"count":0,"href":"https:\/\/stoic-curie.212-227-153-4.plesk.page\/hr\/wp-json\/wp\/v2\/product\/741841\/revisions"}],"wp:featuredmedia":[{"embeddable":true,"href":"https:\/\/stoic-curie.212-227-153-4.plesk.page\/hr\/wp-json\/wp\/v2\/media\/5943045"}],"wp:attachment":[{"href":"https:\/\/stoic-curie.212-227-153-4.plesk.page\/hr\/wp-json\/wp\/v2\/media?parent=741841"}],"wp:term":[{"taxonomy":"product_brand","embeddable":true,"href":"https:\/\/stoic-curie.212-227-153-4.plesk.page\/hr\/wp-json\/wp\/v2\/product_brand?post=741841"},{"taxonomy":"product_cat","embeddable":true,"href":"https:\/\/stoic-curie.212-227-153-4.plesk.page\/hr\/wp-json\/wp\/v2\/product_cat?post=741841"},{"taxonomy":"product_tag","embeddable":true,"href":"https:\/\/stoic-curie.212-227-153-4.plesk.page\/hr\/wp-json\/wp\/v2\/product_tag?post=741841"}],"curies":[{"name":"wp","href":"https:\/\/api.w.org\/{rel}","templated":true}]}}