{"id":741842,"date":"2025-03-03T18:17:41","date_gmt":"2025-03-03T17:17:41","guid":{"rendered":"https:\/\/stoic-curie.212-227-153-4.plesk.page\/producto\/kompaktno-sidro-hall-100kg-pocincani-celik\/"},"modified":"2026-02-25T00:00:56","modified_gmt":"2026-02-25T00:00:56","slug":"kompaktno-sidro-hall-100kg-pocincani-celik","status":"publish","type":"product","link":"https:\/\/stoic-curie.212-227-153-4.plesk.page\/hr\/product\/kompaktno-sidro-hall-100kg-pocincani-celik\/","title":{"rendered":"Kompaktno sidro Hall 100kg, pocincani \u010delik"},"content":{"rendered":"<p>Kompaktno sidro Hall 100kg, pocincani \u010delik &#8211; <\/p>\n<p style='color: rgb(34, 34, 34); font-family: Arial, Helvetica, sans-serif; font-size: small;'><strong>Kompaktna Anka od Cinkovanog \u010celika Hall 100kg<\/strong><\/p>\n<p style='color: rgb(34, 34, 34); font-family: Arial, Helvetica, sans-serif; font-size: small;'>Predstavljamo kompaktno &#8216;Heavy&#8217; sidro od cinkovanog \u010delika, pa\u017eljivo osmi\u0161ljenog za optimalne performanse na pje\u0161\u010danim i muljevitim morskim dnu. &#8216;Hall&#8217; sidro bez skladi\u0161ta jedno je od naj\u010de\u0161\u0107e kori\u0161tenih sidara u modernim pomorskim operacijama, poznato po svojoj izuzetnoj svestranosti i pouzdanosti u raznim morskim aplikacijama.<\/p>\n<p style='color: rgb(34, 34, 34); font-family: Arial, Helvetica, sans-serif; font-size: small;'><strong>Dizajn:<\/strong> Sva sidra bez skladi\u0161ta su genijalno dizajnirana za jednostavno rukovanje i efikasno skladi\u0161tenje na brodovima. Imaju \u0161arke koje se mogu okretati, omogu\u0107avaju\u0107i sidru da se sigurno zakopa u morsko dno, pru\u017eaju\u0107i tako sna\u017enu snagu dr\u017eanja \u010dak i u izazovnim uvjetima. Ovaj inovativni pivote mehanizam pobolj\u0161ava efikasnost sidra i smanjuje habanje pri\u010dvrsnog hardvera, produ\u017eavaju\u0107i vijek trajanja va\u0161eg sidrenog sistema.<\/p>\n<p style='color: rgb(34, 34, 34); font-family: Arial, Helvetica, sans-serif; font-size: small;'>Ova sidra su samopodesiva, \u0161to zna\u010di da se mogu prilagoditi razli\u010ditim uvjetima morskog dna, uklju\u010duju\u0107i mulj, pijesak i stjenovite podloge. Ova prilagodljivost \u010dini ih odli\u010dnim izborom za \u0161irok spektar aplikacija, poput pomorskih operacija, gra\u0111evinskih projekata, ribolovnih aktivnosti i operacija u naftnoj industriji, gdje je pouzdanost klju\u010dna.<\/p>\n<p style='color: rgb(34, 34, 34); font-family: Arial, Helvetica, sans-serif; font-size: small;'><strong>Materijal:<\/strong> Izra\u0111eno od visokotvr\u0111enog cinkovanog \u010delika, ovo sidro je dizajnirano da izdr\u017ei zna\u010dajne naprezanja i sile koje se javljaju tokom sidrenja. Proces galvanizacije dodaje dodatni za\u0161titni sloj protiv korozije, osiguravaju\u0107i da sidro ostane funkcionalno i efikasno tokom vremena, \u010dak i u te\u0161kim morskim uvjetima.<\/p>\n<p style='color: rgb(34, 34, 34); font-family: Arial, Helvetica, sans-serif; font-size: small;'><strong>Te\u017eina i Veli\u010dina:<\/strong> Kompaktna &#8216;Heavy&#8217; anka od cinkovanog \u010delika dostupna je u raznim veli\u010dinama i te\u017einama, prilago\u0111ena razli\u010ditim vrstama i veli\u010dinama plovila. Odabir pravog sidra je klju\u010dan i obi\u010dno se zasniva na ukupnoj veli\u010dini i pomjeranju plovila. Ovo osigurava da sidro mo\u017ee pru\u017eiti potrebnu snagu dr\u017eanja kako bi efikasno osigurala plovilo.<\/p>\n<p style='color: rgb(34, 34, 34); font-family: Arial, Helvetica, sans-serif; font-size: small;'><strong>Odr\u017eavanje:<\/strong> Redovno odr\u017eavanje je klju\u010dno za osiguranje sigurnosti i efikasnosti va\u0161eg sidra. To uklju\u010duje temeljite inspekcije na znakove habanja, o\u0161te\u0107enja ili korozije. Prate\u0107i dosljednu rutinu odr\u017eavanja, mo\u017eete odr\u017eati svoje sidro u optimalnom stanju, spremno za rad kada zatreba. Pravilna njega pobolj\u0161ava ne samo performanse sidra, ve\u0107 tako\u0111er doprinosi ukupnoj sigurnosti va\u0161ih pomorskih aktivnosti.<\/p>\n","protected":false},"excerpt":{"rendered":"<p>Kompaktno sidro Hall 100kg, pocincani \u010delik &#8211; Kompaktna Anka od Cinkovanog \u010celika Hall 100kg Predstavljamo kompaktno &#8216;Heavy&#8217; sidro od cinkovanog<\/p>\n","protected":false},"featured_media":5936428,"comment_status":"open","ping_status":"closed","template":"","meta":[],"product_brand":[3086],"product_cat":[1864],"product_tag":[],"class_list":{"0":"post-741842","1":"product","2":"type-product","3":"status-publish","4":"has-post-thumbnail","6":"product_brand-maggigroup-hr","7":"product_cat-sidra-hall","9":"first","10":"instock","11":"shipping-taxable","12":"purchasable","13":"product-type-simple"},"_links":{"self":[{"href":"https:\/\/stoic-curie.212-227-153-4.plesk.page\/hr\/wp-json\/wp\/v2\/product\/741842","targetHints":{"allow":["GET"]}}],"collection":[{"href":"https:\/\/stoic-curie.212-227-153-4.plesk.page\/hr\/wp-json\/wp\/v2\/product"}],"about":[{"href":"https:\/\/stoic-curie.212-227-153-4.plesk.page\/hr\/wp-json\/wp\/v2\/types\/product"}],"replies":[{"embeddable":true,"href":"https:\/\/stoic-curie.212-227-153-4.plesk.page\/hr\/wp-json\/wp\/v2\/comments?post=741842"}],"version-history":[{"count":0,"href":"https:\/\/stoic-curie.212-227-153-4.plesk.page\/hr\/wp-json\/wp\/v2\/product\/741842\/revisions"}],"wp:featuredmedia":[{"embeddable":true,"href":"https:\/\/stoic-curie.212-227-153-4.plesk.page\/hr\/wp-json\/wp\/v2\/media\/5936428"}],"wp:attachment":[{"href":"https:\/\/stoic-curie.212-227-153-4.plesk.page\/hr\/wp-json\/wp\/v2\/media?parent=741842"}],"wp:term":[{"taxonomy":"product_brand","embeddable":true,"href":"https:\/\/stoic-curie.212-227-153-4.plesk.page\/hr\/wp-json\/wp\/v2\/product_brand?post=741842"},{"taxonomy":"product_cat","embeddable":true,"href":"https:\/\/stoic-curie.212-227-153-4.plesk.page\/hr\/wp-json\/wp\/v2\/product_cat?post=741842"},{"taxonomy":"product_tag","embeddable":true,"href":"https:\/\/stoic-curie.212-227-153-4.plesk.page\/hr\/wp-json\/wp\/v2\/product_tag?post=741842"}],"curies":[{"name":"wp","href":"https:\/\/api.w.org\/{rel}","templated":true}]}}