{"id":741872,"date":"2025-03-03T18:17:49","date_gmt":"2025-03-03T17:17:49","guid":{"rendered":"https:\/\/stoic-curie.212-227-153-4.plesk.page\/producto\/pocincani-celicni-lanac-duga-karika-12-49mm-x-50mt\/"},"modified":"2026-02-25T00:00:56","modified_gmt":"2026-02-25T00:00:56","slug":"pocincani-celicni-lanac-duga-karika-12-49mm-x-50mt","status":"publish","type":"product","link":"https:\/\/stoic-curie.212-227-153-4.plesk.page\/hr\/product\/pocincani-celicni-lanac-duga-karika-12-49mm-x-50mt\/","title":{"rendered":"Pocin\u010dani \u010delicni lanac 12mm x 50mt"},"content":{"rendered":"<p>Pocin\u010dani \u010delicni lanac 12mm x 50mt &#8211; <\/p>\n<p style=\"color: rgb(34, 34, 34); font-family: Arial, Helvetica, sans-serif; font-size: small;\">S rado predstavljamo Genovese lanac, pa\u017eljivo izra\u0111eni visokokvalitetni lanac od vru\u0107e pocin\u010danog \u010delika s dugim karikama koji se isti\u010de kao izvrstan izbor za osiguranje va\u0161eg \u010damca. Ovaj lanac posebno je dizajniran kako bi pru\u017eio u\u010dinkovito i pouzdano rje\u0161enje za vezivanje va\u0161eg plovila, osiguravaju\u0107i da ostane sigurno usidren u \u0161irokom rasponu uvjeta, bez obzira na to imate li posla s mirnim vodama ili izazovnijim okru\u017eenjima. Kada birate opremu za vez, klju\u010dno je dati prednost kvaliteti, jer to zna\u010dajno utje\u010de na sigurnost va\u0161eg \u010damca i dugovje\u010dnost va\u0161e opreme.<\/p>\n<p style=\"color: rgb(34, 34, 34); font-family: Arial, Helvetica, sans-serif; font-size: small;\">Inovativne tehnike pocin\u010davanja koje se koriste u proizvodnji Genovese lanca jam\u010de izvrsnu otpornost na korozivne elemente, \u0161to je bitno za svaku morsku primjenu. Ova pobolj\u0161ana izdr\u017eljivost omogu\u0107uje vam da imate povjerenje u sposobnost ovog lanca da izdr\u017ei te\u0161ke morski uvjeti, zna\u010dajno smanjuju\u0107i potrebu za \u010destim zamjenama i popravcima. Osim toga, pocin\u010dani \u010delik predstavlja isplativu alternativu nehr\u0111aju\u0107em \u010deliku, \u010dime postaje privla\u010dna opcija za vlasnike \u010damaca koji tra\u017ee ravnote\u017eu izme\u0111u performansi i pristupa\u010dnosti.<\/p>\n<p style=\"color: rgb(34, 34, 34); font-family: Arial, Helvetica, sans-serif; font-size: small;\">Odabirom Genovese lanca donosite pametnu odluku o ulaganju u proizvod koji u\u010dinkovito kombinira snagu, izdr\u017eljivost i isplativost kako bi zadovoljio va\u0161e potrebe vezivanja. Ovaj lanac ne samo da osigurava sigurnost va\u0161eg plovila, ve\u0107 vam tako\u0111er pru\u017ea mir, omogu\u0107uju\u0107i vam da u potpunosti u\u017eivate u vremenu provedenom na vodi bez brige o sigurnosti va\u0161eg \u010damca.<\/p>\n<p style=\"color: rgb(34, 34, 34); font-family: Arial, Helvetica, sans-serif; font-size: small;\">\u0160tovi\u0161e, Genovese lanac je dizajniran da bude jednostavan za kori\u0161tenje, \u0161to olak\u0161ava rukovanje i instalaciju. Njegov dizajn s dugim karikama omogu\u0107uje fleksibilnost u raznim situacijama vezanja, prilago\u0111avaju\u0107i se razli\u010ditim vrstama pristani\u0161ta i sidri\u0161ta. Bilo da ste iskusni navigator ili vikend pomorac, ovaj lanac je neizostavna dodatak va\u0161oj opremi za plovidbu.<\/p>\n<p style=\"color: rgb(34, 34, 34); font-family: Arial, Helvetica, sans-serif; font-size: small;\">Zaklju\u010dno, Genovese lanac je vi\u0161e od samog komada opreme; on je pouzdan partner u va\u0161im pomorskim avanturama. S kombinacijom visokokvalitetnih materijala, inovativnog dizajna i pristupa\u010dne cijene, mo\u017eete biti sigurni da \u0107e vas ovaj lanac dobro slu\u017eiti dugi niz sezona. Ulo\u017eite u Genovese lanac ve\u0107 danas i iskusite razliku koju mo\u017ee u\u010diniti u osiguranju va\u0161eg \u010damca i pobolj\u0161anju va\u0161e op\u0107e plovidbene iskustvo.<\/p>\n","protected":false},"excerpt":{"rendered":"<p>Pocin\u010dani \u010delicni lanac 12mm x 50mt &#8211; S rado predstavljamo Genovese lanac, pa\u017eljivo izra\u0111eni visokokvalitetni lanac od vru\u0107e pocin\u010danog \u010delika<\/p>\n","protected":false},"featured_media":5937689,"comment_status":"open","ping_status":"closed","template":"","meta":[],"product_brand":[3086],"product_cat":[1685],"product_tag":[],"class_list":{"0":"post-741872","1":"product","2":"type-product","3":"status-publish","4":"has-post-thumbnail","6":"product_brand-maggigroup-hr","7":"product_cat-pocincani-lanac","9":"first","10":"instock","11":"shipping-taxable","12":"purchasable","13":"product-type-simple"},"_links":{"self":[{"href":"https:\/\/stoic-curie.212-227-153-4.plesk.page\/hr\/wp-json\/wp\/v2\/product\/741872","targetHints":{"allow":["GET"]}}],"collection":[{"href":"https:\/\/stoic-curie.212-227-153-4.plesk.page\/hr\/wp-json\/wp\/v2\/product"}],"about":[{"href":"https:\/\/stoic-curie.212-227-153-4.plesk.page\/hr\/wp-json\/wp\/v2\/types\/product"}],"replies":[{"embeddable":true,"href":"https:\/\/stoic-curie.212-227-153-4.plesk.page\/hr\/wp-json\/wp\/v2\/comments?post=741872"}],"version-history":[{"count":0,"href":"https:\/\/stoic-curie.212-227-153-4.plesk.page\/hr\/wp-json\/wp\/v2\/product\/741872\/revisions"}],"wp:featuredmedia":[{"embeddable":true,"href":"https:\/\/stoic-curie.212-227-153-4.plesk.page\/hr\/wp-json\/wp\/v2\/media\/5937689"}],"wp:attachment":[{"href":"https:\/\/stoic-curie.212-227-153-4.plesk.page\/hr\/wp-json\/wp\/v2\/media?parent=741872"}],"wp:term":[{"taxonomy":"product_brand","embeddable":true,"href":"https:\/\/stoic-curie.212-227-153-4.plesk.page\/hr\/wp-json\/wp\/v2\/product_brand?post=741872"},{"taxonomy":"product_cat","embeddable":true,"href":"https:\/\/stoic-curie.212-227-153-4.plesk.page\/hr\/wp-json\/wp\/v2\/product_cat?post=741872"},{"taxonomy":"product_tag","embeddable":true,"href":"https:\/\/stoic-curie.212-227-153-4.plesk.page\/hr\/wp-json\/wp\/v2\/product_tag?post=741872"}],"curies":[{"name":"wp","href":"https:\/\/api.w.org\/{rel}","templated":true}]}}