{"id":741873,"date":"2025-03-03T18:17:49","date_gmt":"2025-03-03T17:17:49","guid":{"rendered":"https:\/\/stoic-curie.212-227-153-4.plesk.page\/producto\/pocincani-lanac-duga-karika-14-56mm-x-50mt\/"},"modified":"2026-02-25T00:00:56","modified_gmt":"2026-02-25T00:00:56","slug":"pocincani-lanac-duga-karika-14-56mm-x-50mt","status":"publish","type":"product","link":"https:\/\/stoic-curie.212-227-153-4.plesk.page\/hr\/product\/pocincani-lanac-duga-karika-14-56mm-x-50mt\/","title":{"rendered":"Pocincani lanac 14mm x 50mt"},"content":{"rendered":"<p>Pocincani lanac 14mm x 50mt &#8211; <\/p>\n<p style=\"color: rgb(34, 34, 34); font-family: Arial, Helvetica, sans-serif; font-size: small;\">Ponosimo se \u0161to vam predstavljamo na\u0161u visokokvalitetnu, kontroliranu dugu vru\u0107e pocin\u010danu \u010deli\u010dnu lanac koja je posebno projektirana za zadovoljenje zahtjevnih potreba \u0161irokog spektra primjena. Ovaj lanac nije bilo koji obi\u010dni lanac; dizajniran je s izvanrednom snagom i izvrsnom otporno\u0161\u0107u na koroziju, \u0161to ga \u010dini idealnim izborom za vanjsku upotrebu, morska okru\u017eenja i \u010dak najzahtjevnije industrijske zadatke. Mo\u017eete se osloniti na na\u0161e pocin\u010dane lance da \u0107e dosljedno i pouzdano raditi, \u010dak i kada su izlo\u017eeni velikim pritiscima i te\u0161kim optere\u0107enjima.<\/p>\n<p style=\"color: rgb(34, 34, 34); font-family: Arial, Helvetica, sans-serif; font-size: small;\">Proces galvanizacije koji koristimo uklju\u010duje pa\u017eljivo nano\u0161enje za\u0161titnog sloja od cinka. Ovaj proces zna\u010dajno pobolj\u0161ava trajnost lanca i produ\u017eava njegovu ukupnu \u017eivotnu doba. Za\u0161titni sloj stvoren cinkovom obradom je od presudne va\u017enosti, jer omogu\u0107ava lancima da izdr\u017ee te\u0161ke okoli\u0161ne uvjete te da odole tro\u0161enju tokom vremena. To zna\u010di da se mo\u017eete osloniti na na\u0161e lance da \u0107e zadr\u017eati svoju integritet i funkcionalnost \u010dak i u najte\u017eim situacijama.<\/p>\n<p style=\"color: rgb(34, 34, 34); font-family: Arial, Helvetica, sans-serif; font-size: small;\">Nudimo na\u0161e pocin\u010dane lance u \u0161irokom rasponu veli\u010dina i du\u017eina, omogu\u0107uju\u0107i vam da odaberete opciju koja najbolje odgovara va\u0161im specifi\u010dnim potrebama. Bilo da radite na malom projektu ili velikoj industrijskoj operaciji, imamo pravi lanac za vas. S na\u0161im nepokolebljivim fokusom na kvalitetu i performanse, mo\u017eete vjerovati da \u0107e na\u0161i lanci pru\u017eiti pouzdane rezultate u svakoj situaciji. Ova predanost izvrsnosti ne samo da jam\u010di da \u0107ete dobiti proizvod koji ispunjava va\u0161a o\u010dekivanja, ve\u0107 vam tako\u0111er pru\u017ea mir za sve va\u0161e projekte. Odaberite na\u0161 pocin\u010dani \u010deli\u010dni lanac za pouzdanost i snagu na koju mo\u017eete ra\u010dunati.<\/p>\n","protected":false},"excerpt":{"rendered":"<p>Pocincani lanac 14mm x 50mt &#8211; Ponosimo se \u0161to vam predstavljamo na\u0161u visokokvalitetnu, kontroliranu dugu vru\u0107e pocin\u010danu \u010deli\u010dnu lanac koja<\/p>\n","protected":false},"featured_media":5937689,"comment_status":"open","ping_status":"closed","template":"","meta":[],"product_brand":[3086],"product_cat":[1685],"product_tag":[],"class_list":{"0":"post-741873","1":"product","2":"type-product","3":"status-publish","4":"has-post-thumbnail","6":"product_brand-maggigroup-hr","7":"product_cat-pocincani-lanac","9":"first","10":"instock","11":"shipping-taxable","12":"purchasable","13":"product-type-simple"},"_links":{"self":[{"href":"https:\/\/stoic-curie.212-227-153-4.plesk.page\/hr\/wp-json\/wp\/v2\/product\/741873","targetHints":{"allow":["GET"]}}],"collection":[{"href":"https:\/\/stoic-curie.212-227-153-4.plesk.page\/hr\/wp-json\/wp\/v2\/product"}],"about":[{"href":"https:\/\/stoic-curie.212-227-153-4.plesk.page\/hr\/wp-json\/wp\/v2\/types\/product"}],"replies":[{"embeddable":true,"href":"https:\/\/stoic-curie.212-227-153-4.plesk.page\/hr\/wp-json\/wp\/v2\/comments?post=741873"}],"version-history":[{"count":0,"href":"https:\/\/stoic-curie.212-227-153-4.plesk.page\/hr\/wp-json\/wp\/v2\/product\/741873\/revisions"}],"wp:featuredmedia":[{"embeddable":true,"href":"https:\/\/stoic-curie.212-227-153-4.plesk.page\/hr\/wp-json\/wp\/v2\/media\/5937689"}],"wp:attachment":[{"href":"https:\/\/stoic-curie.212-227-153-4.plesk.page\/hr\/wp-json\/wp\/v2\/media?parent=741873"}],"wp:term":[{"taxonomy":"product_brand","embeddable":true,"href":"https:\/\/stoic-curie.212-227-153-4.plesk.page\/hr\/wp-json\/wp\/v2\/product_brand?post=741873"},{"taxonomy":"product_cat","embeddable":true,"href":"https:\/\/stoic-curie.212-227-153-4.plesk.page\/hr\/wp-json\/wp\/v2\/product_cat?post=741873"},{"taxonomy":"product_tag","embeddable":true,"href":"https:\/\/stoic-curie.212-227-153-4.plesk.page\/hr\/wp-json\/wp\/v2\/product_tag?post=741873"}],"curies":[{"name":"wp","href":"https:\/\/api.w.org\/{rel}","templated":true}]}}