{"id":741874,"date":"2025-03-03T18:17:50","date_gmt":"2025-03-03T17:17:50","guid":{"rendered":"https:\/\/stoic-curie.212-227-153-4.plesk.page\/producto\/pocincani-celicni-lanac-s-dugom-karikom-16-56mm-x-50mt\/"},"modified":"2026-02-25T00:00:56","modified_gmt":"2026-02-25T00:00:56","slug":"pocincani-celicni-lanac-s-dugom-karikom-16-56mm-x-50mt","status":"publish","type":"product","link":"https:\/\/stoic-curie.212-227-153-4.plesk.page\/hr\/product\/pocincani-celicni-lanac-s-dugom-karikom-16-56mm-x-50mt\/","title":{"rendered":"Pocincani celicni lanac 16mm x 50mt"},"content":{"rendered":"<p>Pocincani celicni lanac 16mm x 50mt &#8211; <\/p>\n<p>Galvanizirani \u010celik Lanac 16mm x 50m: Odu\u0161evljeni smo \u0161to vam mo\u017eemo predstaviti na\u0161u Genovese lanac model, koji se isti\u010de elegantnim zavr\u0161etkom i posebno je dizajniran za pomorske, gra\u0111evinske, poljoprivredne i mehani\u010dke industrije. Na\u0161 visokokvalitetni, kontrolirani duga\u010dki link vru\u0107e pocin\u010dani \u010deli\u010dni lanac namijenjen je podno\u0161enju strogih zahtjeva razli\u010ditih okru\u017eenja.<\/p>\n<p>Ovi pocin\u010dani lanci nude izvanrednu \u010dvrsto\u0107u i impresivnu otpornost na koroziju, \u0161to ih \u010dini izvrsnim izborom za \u0161irok spektar primjena. Bilo da se koriste u vanjskim okru\u017eenjima, pomorskim postavkama ili zahtjevnim industrijskim zadacima, mo\u017eete se osloniti na ove lance da \u0107e dosljedno raditi pod pritiskom.<\/p>\n<p>Tehnika galvanizacije koju koristimo uklju\u010duje primjenu za\u0161titne cinkove prevlake koja zna\u010dajno pobolj\u0161ava trajnost lanaca i produljuje njihov vijek trajanja. Ova za\u0161titna povr\u0161ina osigurava da lanci mogu izdr\u017eati te\u0161ke uvjete i otporni su na tro\u0161enje tijekom vremena. Na\u0161i galvanizirani lanci dolaze u raznim veli\u010dinama i du\u017einama, omogu\u0107uju\u0107i vam da odaberete idealnu opciju prilago\u0111enu va\u0161im specifi\u010dnim potrebama. S na\u0161om neprekidnom posve\u0107enosti kvaliteti i performansama, mo\u017eete biti sigurni da \u0107e na\u0161i lanci pru\u017eiti pouzdane rezultate u svim okolnostima, osiguravaju\u0107i vam mir tijekom va\u0161ih projekata.<\/p>\n","protected":false},"excerpt":{"rendered":"<p>Pocincani celicni lanac 16mm x 50mt &#8211; Galvanizirani \u010celik Lanac 16mm x 50m: Odu\u0161evljeni smo \u0161to vam mo\u017eemo predstaviti na\u0161u<\/p>\n","protected":false},"featured_media":5937689,"comment_status":"open","ping_status":"closed","template":"","meta":[],"product_brand":[3086],"product_cat":[1685],"product_tag":[],"class_list":{"0":"post-741874","1":"product","2":"type-product","3":"status-publish","4":"has-post-thumbnail","6":"product_brand-maggigroup-hr","7":"product_cat-pocincani-lanac","9":"first","10":"instock","11":"shipping-taxable","12":"purchasable","13":"product-type-simple"},"_links":{"self":[{"href":"https:\/\/stoic-curie.212-227-153-4.plesk.page\/hr\/wp-json\/wp\/v2\/product\/741874","targetHints":{"allow":["GET"]}}],"collection":[{"href":"https:\/\/stoic-curie.212-227-153-4.plesk.page\/hr\/wp-json\/wp\/v2\/product"}],"about":[{"href":"https:\/\/stoic-curie.212-227-153-4.plesk.page\/hr\/wp-json\/wp\/v2\/types\/product"}],"replies":[{"embeddable":true,"href":"https:\/\/stoic-curie.212-227-153-4.plesk.page\/hr\/wp-json\/wp\/v2\/comments?post=741874"}],"version-history":[{"count":0,"href":"https:\/\/stoic-curie.212-227-153-4.plesk.page\/hr\/wp-json\/wp\/v2\/product\/741874\/revisions"}],"wp:featuredmedia":[{"embeddable":true,"href":"https:\/\/stoic-curie.212-227-153-4.plesk.page\/hr\/wp-json\/wp\/v2\/media\/5937689"}],"wp:attachment":[{"href":"https:\/\/stoic-curie.212-227-153-4.plesk.page\/hr\/wp-json\/wp\/v2\/media?parent=741874"}],"wp:term":[{"taxonomy":"product_brand","embeddable":true,"href":"https:\/\/stoic-curie.212-227-153-4.plesk.page\/hr\/wp-json\/wp\/v2\/product_brand?post=741874"},{"taxonomy":"product_cat","embeddable":true,"href":"https:\/\/stoic-curie.212-227-153-4.plesk.page\/hr\/wp-json\/wp\/v2\/product_cat?post=741874"},{"taxonomy":"product_tag","embeddable":true,"href":"https:\/\/stoic-curie.212-227-153-4.plesk.page\/hr\/wp-json\/wp\/v2\/product_tag?post=741874"}],"curies":[{"name":"wp","href":"https:\/\/api.w.org\/{rel}","templated":true}]}}