{"id":741875,"date":"2025-03-03T18:17:50","date_gmt":"2025-03-03T17:17:50","guid":{"rendered":"https:\/\/stoic-curie.212-227-153-4.plesk.page\/producto\/pocincani-celicni-lanac-s-dugom-karikom-18-635mm-x-50mt\/"},"modified":"2026-02-25T00:00:56","modified_gmt":"2026-02-25T00:00:56","slug":"pocincani-celicni-lanac-s-dugom-karikom-18-635mm-x-50mt","status":"publish","type":"product","link":"https:\/\/stoic-curie.212-227-153-4.plesk.page\/hr\/product\/pocincani-celicni-lanac-s-dugom-karikom-18-635mm-x-50mt\/","title":{"rendered":"Pocincani celicni lanac 18mm x 50mt"},"content":{"rendered":"<p>Pocincani celicni lanac 18mm x 50mt &#8211; <\/p>\n<p style=\"color: rgb(34, 34, 34); font-family: Arial, Helvetica, sans-serif; font-size: small;\">Ponosni smo \u0161to vam mo\u017eemo predstaviti na\u0161 model Genovese lanca, koji ima sjajnu zavr\u0161nu obradu i posebno je dizajniran za pomorske primjene, gra\u0111evinarstvo, poljoprivredu i mehani\u010dki sektor. Na\u0161 premium kvalitetni, kontrolirani lanac dugog kola, vru\u0107e pocin\u010danog \u010delika osmi\u0161ljen je da zadovolji zahtjevne uvjete razli\u010ditih okru\u017eenja.<\/p>\n<p style=\"color: rgb(34, 34, 34); font-family: Arial, Helvetica, sans-serif; font-size: small;\">Ovi pocin\u010dani lanci nude iznimnu \u010dvrsto\u0107u i izvrsnu otpornost na koroziju, \u0161to ih \u010dini izvrsnim rje\u0161enjem za \u0161irok spektar primjena. Bilo da ih koristite na otvorenom, u pomorskim okru\u017eenjima ili u izazovnim industrijskim zadacima, mo\u017eete se osloniti na ove lance koji dosljedno rade pod pritiskom.<\/p>\n<p style=\"color: rgb(34, 34, 34); font-family: Arial, Helvetica, sans-serif; font-size: small;\">Proces pocin\u010davanja koji koristimo uklju\u010duje nano\u0161enje za\u0161titnog sloja cinka, \u0161to zna\u010dajno pove\u0107ava trajnost lanaca i produ\u017euje njihov vijek trajanja. Ova za\u0161titna povr\u0161ina osigurava da lanci mogu izdr\u017eati te\u0161ke uvjete i otporni su na habanje tijekom vremena. Nudimo na\u0161e pocin\u010dane lance u raznim veli\u010dinama i du\u017einama, omogu\u0107uju\u0107i vam da odaberete idealnu opciju prilago\u0111enu va\u0161im specifi\u010dnim potrebama. S na\u0161om nepokolebljivom predano\u0161\u0107u kvaliteti i performansama, mo\u017eete biti sigurni da \u0107e na\u0161i lanci pru\u017eiti pouzdane rezultate u svim uvjetima, pru\u017eaju\u0107i vam mir u va\u0161im projektima.<\/p>\n","protected":false},"excerpt":{"rendered":"<p>Pocincani celicni lanac 18mm x 50mt &#8211; Ponosni smo \u0161to vam mo\u017eemo predstaviti na\u0161 model Genovese lanca, koji ima sjajnu<\/p>\n","protected":false},"featured_media":5937689,"comment_status":"open","ping_status":"closed","template":"","meta":[],"product_brand":[3086],"product_cat":[1685],"product_tag":[],"class_list":{"0":"post-741875","1":"product","2":"type-product","3":"status-publish","4":"has-post-thumbnail","6":"product_brand-maggigroup-hr","7":"product_cat-pocincani-lanac","9":"first","10":"instock","11":"shipping-taxable","12":"purchasable","13":"product-type-simple"},"_links":{"self":[{"href":"https:\/\/stoic-curie.212-227-153-4.plesk.page\/hr\/wp-json\/wp\/v2\/product\/741875","targetHints":{"allow":["GET"]}}],"collection":[{"href":"https:\/\/stoic-curie.212-227-153-4.plesk.page\/hr\/wp-json\/wp\/v2\/product"}],"about":[{"href":"https:\/\/stoic-curie.212-227-153-4.plesk.page\/hr\/wp-json\/wp\/v2\/types\/product"}],"replies":[{"embeddable":true,"href":"https:\/\/stoic-curie.212-227-153-4.plesk.page\/hr\/wp-json\/wp\/v2\/comments?post=741875"}],"version-history":[{"count":0,"href":"https:\/\/stoic-curie.212-227-153-4.plesk.page\/hr\/wp-json\/wp\/v2\/product\/741875\/revisions"}],"wp:featuredmedia":[{"embeddable":true,"href":"https:\/\/stoic-curie.212-227-153-4.plesk.page\/hr\/wp-json\/wp\/v2\/media\/5937689"}],"wp:attachment":[{"href":"https:\/\/stoic-curie.212-227-153-4.plesk.page\/hr\/wp-json\/wp\/v2\/media?parent=741875"}],"wp:term":[{"taxonomy":"product_brand","embeddable":true,"href":"https:\/\/stoic-curie.212-227-153-4.plesk.page\/hr\/wp-json\/wp\/v2\/product_brand?post=741875"},{"taxonomy":"product_cat","embeddable":true,"href":"https:\/\/stoic-curie.212-227-153-4.plesk.page\/hr\/wp-json\/wp\/v2\/product_cat?post=741875"},{"taxonomy":"product_tag","embeddable":true,"href":"https:\/\/stoic-curie.212-227-153-4.plesk.page\/hr\/wp-json\/wp\/v2\/product_tag?post=741875"}],"curies":[{"name":"wp","href":"https:\/\/api.w.org\/{rel}","templated":true}]}}