{"id":741876,"date":"2025-03-03T18:17:50","date_gmt":"2025-03-03T17:17:50","guid":{"rendered":"https:\/\/stoic-curie.212-227-153-4.plesk.page\/producto\/pocincani-celicni-lanac-s-dugom-karikom-28-988mm-x-50mt\/"},"modified":"2026-02-25T00:00:56","modified_gmt":"2026-02-25T00:00:56","slug":"pocincani-celicni-lanac-s-dugom-karikom-28-988mm-x-50mt","status":"publish","type":"product","link":"https:\/\/stoic-curie.212-227-153-4.plesk.page\/hr\/product\/pocincani-celicni-lanac-s-dugom-karikom-28-988mm-x-50mt\/","title":{"rendered":"Pocincani celicni lanac 28mm x 50mt"},"content":{"rendered":"<p>Pocincani celicni lanac 28mm x 50mt &#8211; <\/p>\n<p>Pozivamo Vas da upoznate Genovese lanac, pomno kontrolirani visokokvalitetni dugolink galvanizirani \u010deli\u010dni lanac koji se isti\u010de kao izvanredan izbor za osiguranje va\u0161eg plovila. Ovaj lanac je dizajniran da pru\u017ei u\u010dinkovito i pouzdano rje\u0161enje za vezivanje va\u0161e barke, osiguravaju\u0107i da ostane sigurno ankrirano u razli\u010ditim uvjetima. Pri odabiru proizvoda za vezivanje, od iznimne je va\u017enosti prioritetizirati kvalitetu, jer to izravno utje\u010de na sigurnost i dugovje\u010dnost va\u0161e opreme.<\/p>\n<p>Napredne tehnike galvanizacije kori\u0161tene u proizvodnji Genovese lanca jam\u010de izvanrednu otpornost na korozivne elemente, \u0161to je klju\u010dni faktor za svaku morsku primjenu. Ova pobolj\u0161ana izdr\u017eljivost zna\u010di da se mo\u017eete osloniti na ovaj lanac da izdr\u017ei te\u0161ke morsko okru\u017eenje, zna\u010dajno smanjuju\u0107i potrebu za \u010destim zamjenama. Osim toga, galvanizirani \u010delik predstavlja isplativu alternativu nehr\u0111aju\u0107em \u010deliku, \u010dine\u0107i ga privla\u010dnom opcijom za vlasnike brodova koji tra\u017ee ravnote\u017eu izme\u0111u performansi i vrijednosti.<\/p>\n<p>Odabirom Genovese lanca, ula\u017eete u pametnu investiciju u proizvod koji besprijekorno kombinira snagu, izdr\u017eljivost i pristupa\u010dnost kako bi zadovoljio va\u0161e potrebe plovidbe. Ovaj lanac ne samo da osigurava sigurnost va\u0161eg plovila, ve\u0107 pru\u017ea i mir, omogu\u0107uju\u0107i vam da u\u017eivate u svom vremenu na vodi bez brige.<\/p>\n","protected":false},"excerpt":{"rendered":"<p>Pocincani celicni lanac 28mm x 50mt &#8211; Pozivamo Vas da upoznate Genovese lanac, pomno kontrolirani visokokvalitetni dugolink galvanizirani \u010deli\u010dni lanac<\/p>\n","protected":false},"featured_media":5937689,"comment_status":"open","ping_status":"closed","template":"","meta":[],"product_brand":[3086],"product_cat":[1685],"product_tag":[],"class_list":{"0":"post-741876","1":"product","2":"type-product","3":"status-publish","4":"has-post-thumbnail","6":"product_brand-maggigroup-hr","7":"product_cat-pocincani-lanac","9":"first","10":"instock","11":"shipping-taxable","12":"purchasable","13":"product-type-simple"},"_links":{"self":[{"href":"https:\/\/stoic-curie.212-227-153-4.plesk.page\/hr\/wp-json\/wp\/v2\/product\/741876","targetHints":{"allow":["GET"]}}],"collection":[{"href":"https:\/\/stoic-curie.212-227-153-4.plesk.page\/hr\/wp-json\/wp\/v2\/product"}],"about":[{"href":"https:\/\/stoic-curie.212-227-153-4.plesk.page\/hr\/wp-json\/wp\/v2\/types\/product"}],"replies":[{"embeddable":true,"href":"https:\/\/stoic-curie.212-227-153-4.plesk.page\/hr\/wp-json\/wp\/v2\/comments?post=741876"}],"version-history":[{"count":0,"href":"https:\/\/stoic-curie.212-227-153-4.plesk.page\/hr\/wp-json\/wp\/v2\/product\/741876\/revisions"}],"wp:featuredmedia":[{"embeddable":true,"href":"https:\/\/stoic-curie.212-227-153-4.plesk.page\/hr\/wp-json\/wp\/v2\/media\/5937689"}],"wp:attachment":[{"href":"https:\/\/stoic-curie.212-227-153-4.plesk.page\/hr\/wp-json\/wp\/v2\/media?parent=741876"}],"wp:term":[{"taxonomy":"product_brand","embeddable":true,"href":"https:\/\/stoic-curie.212-227-153-4.plesk.page\/hr\/wp-json\/wp\/v2\/product_brand?post=741876"},{"taxonomy":"product_cat","embeddable":true,"href":"https:\/\/stoic-curie.212-227-153-4.plesk.page\/hr\/wp-json\/wp\/v2\/product_cat?post=741876"},{"taxonomy":"product_tag","embeddable":true,"href":"https:\/\/stoic-curie.212-227-153-4.plesk.page\/hr\/wp-json\/wp\/v2\/product_tag?post=741876"}],"curies":[{"name":"wp","href":"https:\/\/api.w.org\/{rel}","templated":true}]}}