{"id":741877,"date":"2025-03-03T18:17:51","date_gmt":"2025-03-03T17:17:51","guid":{"rendered":"https:\/\/stoic-curie.212-227-153-4.plesk.page\/producto\/lanac-od-nehrdajuceg-celika-8mm-x-100mt-kalibriran-din-766\/"},"modified":"2026-02-25T00:00:56","modified_gmt":"2026-02-25T00:00:56","slug":"lanac-od-nehrdajuceg-celika-8mm-x-100mt-kalibriran-din-766","status":"publish","type":"product","link":"https:\/\/stoic-curie.212-227-153-4.plesk.page\/hr\/product\/lanac-od-nehrdajuceg-celika-8mm-x-100mt-kalibriran-din-766\/","title":{"rendered":"Lanac od nehr\u0111aju\u0107eg \u010delika 8mm x 100mt kalibriran DIN 766"},"content":{"rendered":"<p>Lanac od nehr\u0111aju\u0107eg \u010delika 8mm x 100mt kalibriran DIN 766 &#8211; <\/p>\n<p style=\"color: rgb(34, 34, 34); font-family: Arial, Helvetica, sans-serif; font-size: small;\">DIN766 316L nehr\u0111aju\u0107i \u010delik kalibrirani lanac za vitlove. Ovaj lanac se proizvodi pod kontroliranim uvjetima prema G40 standardima, osiguravaju\u0107i visoko optere\u0107enje prekida. Va\u017eno je napomenuti da je prekidno optere\u0107enje lanca \u010detiri puta ve\u0107e od radnog optere\u0107enja.<\/p>\n<p style=\"color: rgb(34, 34, 34); font-family: Arial, Helvetica, sans-serif; font-size: small;\">Klju\u010dne specifikacije:<\/p>\n<ul style=\"color: rgb(34, 34, 34); font-family: Arial, Helvetica, sans-serif; font-size: small;\">\n<li>Razred: G4 (Razred 4)<\/li>\n<li>Materijal: AISI 316L\/1.4404 nehr\u0111aju\u0107i \u010delik<\/li>\n<li>Postupak: Otpornost na koroziju pobolj\u0161ana otapanjem<\/li>\n<li>Zavr\u0161na obrada: Polirana u bubnju<\/li>\n<\/ul>\n<p style=\"color: rgb(34, 34, 34); font-family: Arial, Helvetica, sans-serif; font-size: small;\">Minimalno prekidno optere\u0107enje (MBL): 4000 kg<br \/>Proizvedeno prema DIN766 standardima (uklju\u010duje 8mm ISO4565)<\/p>\n<p style=\"color: rgb(34, 34, 34); font-family: Arial, Helvetica, sans-serif; font-size: small;\">Na\u0161 kalibrirani nehr\u0111aju\u0107i \u010deli\u010dni lanac za sidrenje prolazi kroz rigorozan proizvodni proces. Kalibrira se, testira na optere\u0107enje i ozna\u010dava pe\u010datom kvalitete prema G4 specifikacijama. Proces otapanja pru\u017ea dodatnu otpornost na koroziju, dok polirana u bubnju zavr\u0161na obrada pobolj\u0161ava estetski izgled.<\/p>\n<p style=\"color: rgb(34, 34, 34); font-family: Arial, Helvetica, sans-serif; font-size: small;\">Klju\u010dne zna\u010dajke G4 nehr\u0111aju\u0107eg \u010deli\u010dnog lanaca:<\/p>\n<ul style=\"color: rgb(34, 34, 34); font-family: Arial, Helvetica, sans-serif; font-size: small;\">\n<li>Proizvedeno prema G4 standardima<\/li>\n<li>Kalibrirano prema DIN766 specifikacijama<\/li>\n<li>Polirana u bubnju zavr\u0161na obrada za pobolj\u0161ani izgled<\/li>\n<li>8mm lanac s minimalnim prekidnim optere\u0107enjem od 4000 kg<\/li>\n<li>Pobolj\u0161ana otpornost na koroziju kroz otapanje<\/li>\n<li>Idealno za kori\u0161tenje u izrazito korozivnim okru\u017eenjima, kao \u0161to je slana voda<\/li>\n<li>Testirano na optere\u0107enje na kraju proizvodnog procesa<\/li>\n<li>Testirano po serijama i certificirano za osiguranje kvalitete<\/li>\n<\/ul>\n<p style=\"color: rgb(34, 34, 34); font-family: Arial, Helvetica, sans-serif; font-size: small;\">Ovaj lanac je izvrstan izbor za vlasnike plovila koji tra\u017ee pouzdanu i izdr\u017eljivu opremu za svoje vitlove.<\/p>\n","protected":false},"excerpt":{"rendered":"<p>Lanac od nehr\u0111aju\u0107eg \u010delika 8mm x 100mt kalibriran DIN 766 &#8211; DIN766 316L nehr\u0111aju\u0107i \u010delik kalibrirani lanac za vitlove. Ovaj<\/p>\n","protected":false},"featured_media":5937697,"comment_status":"open","ping_status":"closed","template":"","meta":[],"product_brand":[3086],"product_cat":[1620,1692],"product_tag":[],"class_list":{"0":"post-741877","1":"product","2":"type-product","3":"status-publish","4":"has-post-thumbnail","6":"product_brand-maggigroup-hr","7":"product_cat-kalibrirani-lanac-od-nehrdajuceg-celika","8":"product_cat-lanac-od-nehrdajuci-celik","10":"first","11":"instock","12":"shipping-taxable","13":"purchasable","14":"product-type-simple"},"_links":{"self":[{"href":"https:\/\/stoic-curie.212-227-153-4.plesk.page\/hr\/wp-json\/wp\/v2\/product\/741877","targetHints":{"allow":["GET"]}}],"collection":[{"href":"https:\/\/stoic-curie.212-227-153-4.plesk.page\/hr\/wp-json\/wp\/v2\/product"}],"about":[{"href":"https:\/\/stoic-curie.212-227-153-4.plesk.page\/hr\/wp-json\/wp\/v2\/types\/product"}],"replies":[{"embeddable":true,"href":"https:\/\/stoic-curie.212-227-153-4.plesk.page\/hr\/wp-json\/wp\/v2\/comments?post=741877"}],"version-history":[{"count":0,"href":"https:\/\/stoic-curie.212-227-153-4.plesk.page\/hr\/wp-json\/wp\/v2\/product\/741877\/revisions"}],"wp:featuredmedia":[{"embeddable":true,"href":"https:\/\/stoic-curie.212-227-153-4.plesk.page\/hr\/wp-json\/wp\/v2\/media\/5937697"}],"wp:attachment":[{"href":"https:\/\/stoic-curie.212-227-153-4.plesk.page\/hr\/wp-json\/wp\/v2\/media?parent=741877"}],"wp:term":[{"taxonomy":"product_brand","embeddable":true,"href":"https:\/\/stoic-curie.212-227-153-4.plesk.page\/hr\/wp-json\/wp\/v2\/product_brand?post=741877"},{"taxonomy":"product_cat","embeddable":true,"href":"https:\/\/stoic-curie.212-227-153-4.plesk.page\/hr\/wp-json\/wp\/v2\/product_cat?post=741877"},{"taxonomy":"product_tag","embeddable":true,"href":"https:\/\/stoic-curie.212-227-153-4.plesk.page\/hr\/wp-json\/wp\/v2\/product_tag?post=741877"}],"curies":[{"name":"wp","href":"https:\/\/api.w.org\/{rel}","templated":true}]}}