{"id":741878,"date":"2025-03-03T18:17:51","date_gmt":"2025-03-03T17:17:51","guid":{"rendered":"https:\/\/stoic-curie.212-227-153-4.plesk.page\/producto\/duga-spona-316-lanac-od-nehrdajuceg-celika-2-x-221-mm-x-50mt\/"},"modified":"2026-02-25T00:00:56","modified_gmt":"2026-02-25T00:00:56","slug":"duga-spona-316-lanac-od-nehrdajuceg-celika-2-x-221-mm-x-50mt","status":"publish","type":"product","link":"https:\/\/stoic-curie.212-227-153-4.plesk.page\/hr\/product\/duga-spona-316-lanac-od-nehrdajuceg-celika-2-x-221-mm-x-50mt\/","title":{"rendered":"Nehr\u0111aju\u0107i \u010deli\u010dni lanac 2mm x 50m"},"content":{"rendered":"<p>Nehr\u0111aju\u0107i \u010deli\u010dni lanac 2mm x 50m &#8211; <\/p>\n<p>Duga\u010dak lanac od nehr\u0111aju\u0107eg \u010delika 316 u pakiranju od 50 i 25 metara.<\/p>\n","protected":false},"excerpt":{"rendered":"<p>Nehr\u0111aju\u0107i \u010deli\u010dni lanac 2mm x 50m &#8211; Duga\u010dak lanac od nehr\u0111aju\u0107eg \u010delika 316 u pakiranju od 50 i 25 metara.<\/p>\n","protected":false},"featured_media":5943058,"comment_status":"open","ping_status":"closed","template":"","meta":[],"product_brand":[3086],"product_cat":[1692],"product_tag":[],"class_list":{"0":"post-741878","1":"product","2":"type-product","3":"status-publish","4":"has-post-thumbnail","6":"product_brand-maggigroup-hr","7":"product_cat-lanac-od-nehrdajuci-celik","9":"first","10":"instock","11":"shipping-taxable","12":"purchasable","13":"product-type-simple"},"_links":{"self":[{"href":"https:\/\/stoic-curie.212-227-153-4.plesk.page\/hr\/wp-json\/wp\/v2\/product\/741878","targetHints":{"allow":["GET"]}}],"collection":[{"href":"https:\/\/stoic-curie.212-227-153-4.plesk.page\/hr\/wp-json\/wp\/v2\/product"}],"about":[{"href":"https:\/\/stoic-curie.212-227-153-4.plesk.page\/hr\/wp-json\/wp\/v2\/types\/product"}],"replies":[{"embeddable":true,"href":"https:\/\/stoic-curie.212-227-153-4.plesk.page\/hr\/wp-json\/wp\/v2\/comments?post=741878"}],"version-history":[{"count":0,"href":"https:\/\/stoic-curie.212-227-153-4.plesk.page\/hr\/wp-json\/wp\/v2\/product\/741878\/revisions"}],"wp:featuredmedia":[{"embeddable":true,"href":"https:\/\/stoic-curie.212-227-153-4.plesk.page\/hr\/wp-json\/wp\/v2\/media\/5943058"}],"wp:attachment":[{"href":"https:\/\/stoic-curie.212-227-153-4.plesk.page\/hr\/wp-json\/wp\/v2\/media?parent=741878"}],"wp:term":[{"taxonomy":"product_brand","embeddable":true,"href":"https:\/\/stoic-curie.212-227-153-4.plesk.page\/hr\/wp-json\/wp\/v2\/product_brand?post=741878"},{"taxonomy":"product_cat","embeddable":true,"href":"https:\/\/stoic-curie.212-227-153-4.plesk.page\/hr\/wp-json\/wp\/v2\/product_cat?post=741878"},{"taxonomy":"product_tag","embeddable":true,"href":"https:\/\/stoic-curie.212-227-153-4.plesk.page\/hr\/wp-json\/wp\/v2\/product_tag?post=741878"}],"curies":[{"name":"wp","href":"https:\/\/api.w.org\/{rel}","templated":true}]}}