{"id":741882,"date":"2025-03-03T18:17:52","date_gmt":"2025-03-03T17:17:52","guid":{"rendered":"https:\/\/stoic-curie.212-227-153-4.plesk.page\/producto\/trimfix-sidreni-konektor-od-nehrdajuceg-celika-6-8mm-lanac\/"},"modified":"2026-02-25T00:00:57","modified_gmt":"2026-02-25T00:00:57","slug":"trimfix-sidreni-konektor-od-nehrdajuceg-celika-6-8mm-lanac","status":"publish","type":"product","link":"https:\/\/stoic-curie.212-227-153-4.plesk.page\/hr\/product\/trimfix-sidreni-konektor-od-nehrdajuceg-celika-6-8mm-lanac\/","title":{"rendered":"Trimfix sidreni konektor od nehr\u0111aju\u0107eg \u010delika (6-8mm lanac)"},"content":{"rendered":"<p>Trimfix sidreni konektor od nehr\u0111aju\u0107eg \u010delika (6-8mm lanac) &#8211; <\/p>\n<p>TrimFix dugi rotacijski sidreni spojnik od nehr\u0111aju\u0107eg \u010delika. Radi u sidru pramca bez zastoja i sprje\u010dava zaplitanje lanca. Omogu\u0107uje savr\u0161eno povla\u010denje i pohranu sidara u pram\u010dane valjke.<\/p>\n","protected":false},"excerpt":{"rendered":"<p>Trimfix sidreni konektor od nehr\u0111aju\u0107eg \u010delika (6-8mm lanac) &#8211; TrimFix dugi rotacijski sidreni spojnik od nehr\u0111aju\u0107eg \u010delika. Radi u sidru<\/p>\n","protected":false},"featured_media":5937841,"comment_status":"open","ping_status":"closed","template":"","meta":[],"product_brand":[3386],"product_cat":[1865],"product_tag":[],"class_list":{"0":"post-741882","1":"product","2":"type-product","3":"status-publish","4":"has-post-thumbnail","6":"product_brand-sidermarine-hr","7":"product_cat-vrtuljci-za-sidra","9":"first","10":"instock","11":"shipping-taxable","12":"purchasable","13":"product-type-simple"},"_links":{"self":[{"href":"https:\/\/stoic-curie.212-227-153-4.plesk.page\/hr\/wp-json\/wp\/v2\/product\/741882","targetHints":{"allow":["GET"]}}],"collection":[{"href":"https:\/\/stoic-curie.212-227-153-4.plesk.page\/hr\/wp-json\/wp\/v2\/product"}],"about":[{"href":"https:\/\/stoic-curie.212-227-153-4.plesk.page\/hr\/wp-json\/wp\/v2\/types\/product"}],"replies":[{"embeddable":true,"href":"https:\/\/stoic-curie.212-227-153-4.plesk.page\/hr\/wp-json\/wp\/v2\/comments?post=741882"}],"version-history":[{"count":0,"href":"https:\/\/stoic-curie.212-227-153-4.plesk.page\/hr\/wp-json\/wp\/v2\/product\/741882\/revisions"}],"wp:featuredmedia":[{"embeddable":true,"href":"https:\/\/stoic-curie.212-227-153-4.plesk.page\/hr\/wp-json\/wp\/v2\/media\/5937841"}],"wp:attachment":[{"href":"https:\/\/stoic-curie.212-227-153-4.plesk.page\/hr\/wp-json\/wp\/v2\/media?parent=741882"}],"wp:term":[{"taxonomy":"product_brand","embeddable":true,"href":"https:\/\/stoic-curie.212-227-153-4.plesk.page\/hr\/wp-json\/wp\/v2\/product_brand?post=741882"},{"taxonomy":"product_cat","embeddable":true,"href":"https:\/\/stoic-curie.212-227-153-4.plesk.page\/hr\/wp-json\/wp\/v2\/product_cat?post=741882"},{"taxonomy":"product_tag","embeddable":true,"href":"https:\/\/stoic-curie.212-227-153-4.plesk.page\/hr\/wp-json\/wp\/v2\/product_tag?post=741882"}],"curies":[{"name":"wp","href":"https:\/\/api.w.org\/{rel}","templated":true}]}}