{"id":741884,"date":"2025-03-03T18:17:52","date_gmt":"2025-03-03T17:17:52","guid":{"rendered":"https:\/\/stoic-curie.212-227-153-4.plesk.page\/producto\/nehrdajuci-kompresijski-zasun-79mm\/"},"modified":"2026-02-25T00:00:57","modified_gmt":"2026-02-25T00:00:57","slug":"nehrdajuci-kompresijski-zasun-79mm","status":"publish","type":"product","link":"https:\/\/stoic-curie.212-227-153-4.plesk.page\/hr\/product\/nehrdajuci-kompresijski-zasun-79mm\/","title":{"rendered":"Nehr\u0111aju\u0107i kompresijski zasun 79mm"},"content":{"rendered":"<p>Nehr\u0111aju\u0107i kompresijski zasun 79mm &#8211; <\/p>\n<p>Zaklju\u010davanje u obliku T od nehr\u0111aju\u0107eg \u010delika s podesivom polugom. Nema vidljivih rupa za vijke, monta\u017ea vijcima iznutra. Koristi se za otvaranje i zatvaranje otvora i pregrada.<\/p>\n","protected":false},"excerpt":{"rendered":"<p>Nehr\u0111aju\u0107i kompresijski zasun 79mm &#8211; Zaklju\u010davanje u obliku T od nehr\u0111aju\u0107eg \u010delika s podesivom polugom. Nema vidljivih rupa za vijke,<\/p>\n","protected":false},"featured_media":5943111,"comment_status":"open","ping_status":"closed","template":"","meta":[],"product_brand":[3136],"product_cat":[1708,1687],"product_tag":[],"class_list":{"0":"post-741884","1":"product","2":"type-product","3":"status-publish","4":"has-post-thumbnail","6":"product_brand-masterlock-hr","7":"product_cat-brave-za-vrata","8":"product_cat-brodski-zasuni","10":"first","11":"instock","12":"shipping-taxable","13":"purchasable","14":"product-type-simple"},"_links":{"self":[{"href":"https:\/\/stoic-curie.212-227-153-4.plesk.page\/hr\/wp-json\/wp\/v2\/product\/741884","targetHints":{"allow":["GET"]}}],"collection":[{"href":"https:\/\/stoic-curie.212-227-153-4.plesk.page\/hr\/wp-json\/wp\/v2\/product"}],"about":[{"href":"https:\/\/stoic-curie.212-227-153-4.plesk.page\/hr\/wp-json\/wp\/v2\/types\/product"}],"replies":[{"embeddable":true,"href":"https:\/\/stoic-curie.212-227-153-4.plesk.page\/hr\/wp-json\/wp\/v2\/comments?post=741884"}],"version-history":[{"count":0,"href":"https:\/\/stoic-curie.212-227-153-4.plesk.page\/hr\/wp-json\/wp\/v2\/product\/741884\/revisions"}],"wp:featuredmedia":[{"embeddable":true,"href":"https:\/\/stoic-curie.212-227-153-4.plesk.page\/hr\/wp-json\/wp\/v2\/media\/5943111"}],"wp:attachment":[{"href":"https:\/\/stoic-curie.212-227-153-4.plesk.page\/hr\/wp-json\/wp\/v2\/media?parent=741884"}],"wp:term":[{"taxonomy":"product_brand","embeddable":true,"href":"https:\/\/stoic-curie.212-227-153-4.plesk.page\/hr\/wp-json\/wp\/v2\/product_brand?post=741884"},{"taxonomy":"product_cat","embeddable":true,"href":"https:\/\/stoic-curie.212-227-153-4.plesk.page\/hr\/wp-json\/wp\/v2\/product_cat?post=741884"},{"taxonomy":"product_tag","embeddable":true,"href":"https:\/\/stoic-curie.212-227-153-4.plesk.page\/hr\/wp-json\/wp\/v2\/product_tag?post=741884"}],"curies":[{"name":"wp","href":"https:\/\/api.w.org\/{rel}","templated":true}]}}