{"id":741886,"date":"2025-03-03T18:17:53","date_gmt":"2025-03-03T17:17:53","guid":{"rendered":"https:\/\/stoic-curie.212-227-153-4.plesk.page\/producto\/tlacni-zasun-od-nehrdajuceg-celika-78-x-63-mm\/"},"modified":"2026-02-25T00:00:57","modified_gmt":"2026-02-25T00:00:57","slug":"tlacni-zasun-od-nehrdajuceg-celika-78-x-63-mm","status":"publish","type":"product","link":"https:\/\/stoic-curie.212-227-153-4.plesk.page\/hr\/product\/tlacni-zasun-od-nehrdajuceg-celika-78-x-63-mm\/","title":{"rendered":"Tla\u010dni zasun od nehr\u0111aju\u0107eg \u010delika 78 x 63 mm"},"content":{"rendered":"<p>Tla\u010dni zasun od nehr\u0111aju\u0107eg \u010delika 78 x 63 mm &#8211; <\/p>\n<p>Kvadratni kompresijski T-ru\u010dni brave od nehr\u0111aju\u0107eg \u010delika s podesivom kamenom \u0161ipkom. Nema vidljivih rupa za vijke, monta\u017ea vijcima s unutarnje strane. Koristi se za otvaranje i zatvaranje poklopaca i pregrada.<\/p>\n","protected":false},"excerpt":{"rendered":"<p>Tla\u010dni zasun od nehr\u0111aju\u0107eg \u010delika 78 x 63 mm &#8211; Kvadratni kompresijski T-ru\u010dni brave od nehr\u0111aju\u0107eg \u010delika s podesivom kamenom<\/p>\n","protected":false},"featured_media":5943113,"comment_status":"open","ping_status":"closed","template":"","meta":[],"product_brand":[3136],"product_cat":[1708,1687],"product_tag":[],"class_list":{"0":"post-741886","1":"product","2":"type-product","3":"status-publish","4":"has-post-thumbnail","6":"product_brand-masterlock-hr","7":"product_cat-brave-za-vrata","8":"product_cat-brodski-zasuni","10":"first","11":"instock","12":"shipping-taxable","13":"purchasable","14":"product-type-simple"},"_links":{"self":[{"href":"https:\/\/stoic-curie.212-227-153-4.plesk.page\/hr\/wp-json\/wp\/v2\/product\/741886","targetHints":{"allow":["GET"]}}],"collection":[{"href":"https:\/\/stoic-curie.212-227-153-4.plesk.page\/hr\/wp-json\/wp\/v2\/product"}],"about":[{"href":"https:\/\/stoic-curie.212-227-153-4.plesk.page\/hr\/wp-json\/wp\/v2\/types\/product"}],"replies":[{"embeddable":true,"href":"https:\/\/stoic-curie.212-227-153-4.plesk.page\/hr\/wp-json\/wp\/v2\/comments?post=741886"}],"version-history":[{"count":0,"href":"https:\/\/stoic-curie.212-227-153-4.plesk.page\/hr\/wp-json\/wp\/v2\/product\/741886\/revisions"}],"wp:featuredmedia":[{"embeddable":true,"href":"https:\/\/stoic-curie.212-227-153-4.plesk.page\/hr\/wp-json\/wp\/v2\/media\/5943113"}],"wp:attachment":[{"href":"https:\/\/stoic-curie.212-227-153-4.plesk.page\/hr\/wp-json\/wp\/v2\/media?parent=741886"}],"wp:term":[{"taxonomy":"product_brand","embeddable":true,"href":"https:\/\/stoic-curie.212-227-153-4.plesk.page\/hr\/wp-json\/wp\/v2\/product_brand?post=741886"},{"taxonomy":"product_cat","embeddable":true,"href":"https:\/\/stoic-curie.212-227-153-4.plesk.page\/hr\/wp-json\/wp\/v2\/product_cat?post=741886"},{"taxonomy":"product_tag","embeddable":true,"href":"https:\/\/stoic-curie.212-227-153-4.plesk.page\/hr\/wp-json\/wp\/v2\/product_tag?post=741886"}],"curies":[{"name":"wp","href":"https:\/\/api.w.org\/{rel}","templated":true}]}}