{"id":741888,"date":"2025-03-03T18:17:53","date_gmt":"2025-03-03T17:17:53","guid":{"rendered":"https:\/\/stoic-curie.212-227-153-4.plesk.page\/producto\/southco-upustena-kvaka-m1-20-od-nehrdajuceg-celika-bez-kljuca\/"},"modified":"2026-02-25T00:00:57","modified_gmt":"2026-02-25T00:00:57","slug":"southco-upustena-kvaka-m1-20-od-nehrdajuceg-celika-bez-kljuca","status":"publish","type":"product","link":"https:\/\/stoic-curie.212-227-153-4.plesk.page\/hr\/product\/southco-upustena-kvaka-m1-20-od-nehrdajuceg-celika-bez-kljuca\/","title":{"rendered":"Southco upu\u0161tena kvaka M1-20 od nehr\u0111aju\u0107eg \u010delika bez klju\u010da"},"content":{"rendered":"<p>Southco upu\u0161tena kvaka M1-20 od nehr\u0111aju\u0107eg \u010delika bez klju\u010da &#8211; <\/p>\n<p>Visokokvalitetna brava od nehr\u0111aju\u0107eg \u010delika IP65 otporna na vodu s podesivom osovinom. Koristi se za otvaranje i zatvaranje pregrada i otvorenih prostora. Osovina se mo\u017ee postaviti u normalni polo\u017eaj ili okrenuta (Rev) kako bi pokrila sve potrebne debljine (A).<\/p>\n","protected":false},"excerpt":{"rendered":"<p>Southco upu\u0161tena kvaka M1-20 od nehr\u0111aju\u0107eg \u010delika bez klju\u010da &#8211; Visokokvalitetna brava od nehr\u0111aju\u0107eg \u010delika IP65 otporna na vodu s<\/p>\n","protected":false},"featured_media":5943117,"comment_status":"open","ping_status":"closed","template":"","meta":[],"product_brand":[3416],"product_cat":[1708,1687],"product_tag":[],"class_list":{"0":"post-741888","1":"product","2":"type-product","3":"status-publish","4":"has-post-thumbnail","6":"product_brand-southco-mobella-hr","7":"product_cat-brave-za-vrata","8":"product_cat-brodski-zasuni","10":"first","11":"instock","12":"shipping-taxable","13":"purchasable","14":"product-type-simple"},"_links":{"self":[{"href":"https:\/\/stoic-curie.212-227-153-4.plesk.page\/hr\/wp-json\/wp\/v2\/product\/741888","targetHints":{"allow":["GET"]}}],"collection":[{"href":"https:\/\/stoic-curie.212-227-153-4.plesk.page\/hr\/wp-json\/wp\/v2\/product"}],"about":[{"href":"https:\/\/stoic-curie.212-227-153-4.plesk.page\/hr\/wp-json\/wp\/v2\/types\/product"}],"replies":[{"embeddable":true,"href":"https:\/\/stoic-curie.212-227-153-4.plesk.page\/hr\/wp-json\/wp\/v2\/comments?post=741888"}],"version-history":[{"count":0,"href":"https:\/\/stoic-curie.212-227-153-4.plesk.page\/hr\/wp-json\/wp\/v2\/product\/741888\/revisions"}],"wp:featuredmedia":[{"embeddable":true,"href":"https:\/\/stoic-curie.212-227-153-4.plesk.page\/hr\/wp-json\/wp\/v2\/media\/5943117"}],"wp:attachment":[{"href":"https:\/\/stoic-curie.212-227-153-4.plesk.page\/hr\/wp-json\/wp\/v2\/media?parent=741888"}],"wp:term":[{"taxonomy":"product_brand","embeddable":true,"href":"https:\/\/stoic-curie.212-227-153-4.plesk.page\/hr\/wp-json\/wp\/v2\/product_brand?post=741888"},{"taxonomy":"product_cat","embeddable":true,"href":"https:\/\/stoic-curie.212-227-153-4.plesk.page\/hr\/wp-json\/wp\/v2\/product_cat?post=741888"},{"taxonomy":"product_tag","embeddable":true,"href":"https:\/\/stoic-curie.212-227-153-4.plesk.page\/hr\/wp-json\/wp\/v2\/product_tag?post=741888"}],"curies":[{"name":"wp","href":"https:\/\/api.w.org\/{rel}","templated":true}]}}