{"id":741900,"date":"2025-03-03T18:17:56","date_gmt":"2025-03-03T17:17:56","guid":{"rendered":"https:\/\/stoic-curie.212-227-153-4.plesk.page\/producto\/klavir-pant-2000x32x0-8mm\/"},"modified":"2026-02-25T00:00:57","modified_gmt":"2026-02-25T00:00:57","slug":"klavir-pant-2000x32x0-8mm","status":"publish","type":"product","link":"https:\/\/stoic-curie.212-227-153-4.plesk.page\/hr\/product\/klavir-pant-2000x32x0-8mm\/","title":{"rendered":"Klavir pant 2000x32x0.8mm"},"content":{"rendered":"<p>Klavir pant 2000x32x0.8mm &#8211; <\/p>\n<p>\u010celi\u010dna \u0161arku na 2 metra od nehr\u0111aju\u0107eg \u010delika. Rupe od 3 mm s razmakom izme\u0111u kota\u010da od 60 mm.<\/p>\n","protected":false},"excerpt":{"rendered":"<p>Klavir pant 2000x32x0.8mm &#8211; \u010celi\u010dna \u0161arku na 2 metra od nehr\u0111aju\u0107eg \u010delika. Rupe od 3 mm s razmakom izme\u0111u kota\u010da<\/p>\n","protected":false},"featured_media":5943173,"comment_status":"open","ping_status":"closed","template":"","meta":[],"product_brand":[2173,3121],"product_cat":[1711],"product_tag":[],"class_list":{"0":"post-741900","1":"product","2":"type-product","3":"status-publish","4":"has-post-thumbnail","6":"product_brand-marinetech","7":"product_brand-marinetech-hr","8":"product_cat-brodske-sarke","10":"first","11":"instock","12":"shipping-taxable","13":"purchasable","14":"product-type-simple"},"_links":{"self":[{"href":"https:\/\/stoic-curie.212-227-153-4.plesk.page\/hr\/wp-json\/wp\/v2\/product\/741900","targetHints":{"allow":["GET"]}}],"collection":[{"href":"https:\/\/stoic-curie.212-227-153-4.plesk.page\/hr\/wp-json\/wp\/v2\/product"}],"about":[{"href":"https:\/\/stoic-curie.212-227-153-4.plesk.page\/hr\/wp-json\/wp\/v2\/types\/product"}],"replies":[{"embeddable":true,"href":"https:\/\/stoic-curie.212-227-153-4.plesk.page\/hr\/wp-json\/wp\/v2\/comments?post=741900"}],"version-history":[{"count":0,"href":"https:\/\/stoic-curie.212-227-153-4.plesk.page\/hr\/wp-json\/wp\/v2\/product\/741900\/revisions"}],"wp:featuredmedia":[{"embeddable":true,"href":"https:\/\/stoic-curie.212-227-153-4.plesk.page\/hr\/wp-json\/wp\/v2\/media\/5943173"}],"wp:attachment":[{"href":"https:\/\/stoic-curie.212-227-153-4.plesk.page\/hr\/wp-json\/wp\/v2\/media?parent=741900"}],"wp:term":[{"taxonomy":"product_brand","embeddable":true,"href":"https:\/\/stoic-curie.212-227-153-4.plesk.page\/hr\/wp-json\/wp\/v2\/product_brand?post=741900"},{"taxonomy":"product_cat","embeddable":true,"href":"https:\/\/stoic-curie.212-227-153-4.plesk.page\/hr\/wp-json\/wp\/v2\/product_cat?post=741900"},{"taxonomy":"product_tag","embeddable":true,"href":"https:\/\/stoic-curie.212-227-153-4.plesk.page\/hr\/wp-json\/wp\/v2\/product_tag?post=741900"}],"curies":[{"name":"wp","href":"https:\/\/api.w.org\/{rel}","templated":true}]}}