{"id":741904,"date":"2025-03-03T18:17:57","date_gmt":"2025-03-03T17:17:57","guid":{"rendered":"https:\/\/stoic-curie.212-227-153-4.plesk.page\/producto\/sklopive-ljestve-3-drvene-stepenice-s-rukohvatima-23-x-h67-cm\/"},"modified":"2026-02-25T00:00:57","modified_gmt":"2026-02-25T00:00:57","slug":"sklopive-ljestve-3-drvene-stepenice-s-rukohvatima-23-x-h67-cm","status":"publish","type":"product","link":"https:\/\/stoic-curie.212-227-153-4.plesk.page\/hr\/product\/sklopive-ljestve-3-drvene-stepenice-s-rukohvatima-23-x-h67-cm\/","title":{"rendered":"Sklopive ljestve 3 drvene stepenice s rukohvatima 23 x H67 cm"},"content":{"rendered":"<p>Sklopive ljestve 3 drvene stepenice s rukohvatima 23 x H67 cm &#8211; <\/p>\n<p>Folding handrail boarding ladders od nehr\u0111aju\u0107eg \u010delika. Obradni drveni koraci. H: visina s otvorenom ljestvama H1: visina sa zatvorenim ljestvama<\/p>\n","protected":false},"excerpt":{"rendered":"<p>Sklopive ljestve 3 drvene stepenice s rukohvatima 23 x H67 cm &#8211; Folding handrail boarding ladders od nehr\u0111aju\u0107eg \u010delika. Obradni<\/p>\n","protected":false},"featured_media":5943218,"comment_status":"open","ping_status":"closed","template":"","meta":[],"product_brand":[3491],"product_cat":[1618],"product_tag":[],"class_list":{"0":"post-741904","1":"product","2":"type-product","3":"status-publish","4":"has-post-thumbnail","6":"product_brand-trem-hr","7":"product_cat-ljestve-za-brodove","9":"first","10":"instock","11":"shipping-taxable","12":"purchasable","13":"product-type-simple"},"_links":{"self":[{"href":"https:\/\/stoic-curie.212-227-153-4.plesk.page\/hr\/wp-json\/wp\/v2\/product\/741904","targetHints":{"allow":["GET"]}}],"collection":[{"href":"https:\/\/stoic-curie.212-227-153-4.plesk.page\/hr\/wp-json\/wp\/v2\/product"}],"about":[{"href":"https:\/\/stoic-curie.212-227-153-4.plesk.page\/hr\/wp-json\/wp\/v2\/types\/product"}],"replies":[{"embeddable":true,"href":"https:\/\/stoic-curie.212-227-153-4.plesk.page\/hr\/wp-json\/wp\/v2\/comments?post=741904"}],"version-history":[{"count":0,"href":"https:\/\/stoic-curie.212-227-153-4.plesk.page\/hr\/wp-json\/wp\/v2\/product\/741904\/revisions"}],"wp:featuredmedia":[{"embeddable":true,"href":"https:\/\/stoic-curie.212-227-153-4.plesk.page\/hr\/wp-json\/wp\/v2\/media\/5943218"}],"wp:attachment":[{"href":"https:\/\/stoic-curie.212-227-153-4.plesk.page\/hr\/wp-json\/wp\/v2\/media?parent=741904"}],"wp:term":[{"taxonomy":"product_brand","embeddable":true,"href":"https:\/\/stoic-curie.212-227-153-4.plesk.page\/hr\/wp-json\/wp\/v2\/product_brand?post=741904"},{"taxonomy":"product_cat","embeddable":true,"href":"https:\/\/stoic-curie.212-227-153-4.plesk.page\/hr\/wp-json\/wp\/v2\/product_cat?post=741904"},{"taxonomy":"product_tag","embeddable":true,"href":"https:\/\/stoic-curie.212-227-153-4.plesk.page\/hr\/wp-json\/wp\/v2\/product_tag?post=741904"}],"curies":[{"name":"wp","href":"https:\/\/api.w.org\/{rel}","templated":true}]}}