{"id":741908,"date":"2025-03-03T18:17:58","date_gmt":"2025-03-03T17:17:58","guid":{"rendered":"https:\/\/stoic-curie.212-227-153-4.plesk.page\/producto\/teleskopske-stepenice-od-nehrdajuceg-celika-4-stube-za-platformu-29-x-h115-cm\/"},"modified":"2026-02-25T00:00:57","modified_gmt":"2026-02-25T00:00:57","slug":"teleskopske-stepenice-od-nehrdajuceg-celika-4-stube-za-platformu-29-x-h115-cm","status":"publish","type":"product","link":"https:\/\/stoic-curie.212-227-153-4.plesk.page\/hr\/product\/teleskopske-stepenice-od-nehrdajuceg-celika-4-stube-za-platformu-29-x-h115-cm\/","title":{"rendered":"Teleskopske stepenice od nehr\u0111aju\u0107eg \u010delika 4 stube za platformu 29 x H115 cm"},"content":{"rendered":"<p>Teleskopske stepenice od nehr\u0111aju\u0107eg \u010delika 4 stube za platformu 29 x H115 cm &#8211; <\/p>\n<p>Sklopive teleskopske ljestve od nehr\u0111aju\u0107eg \u010delika. Ravne polipropilenske stepenice za ve\u0107i komfor.<\/p>\n","protected":false},"excerpt":{"rendered":"<p>Teleskopske stepenice od nehr\u0111aju\u0107eg \u010delika 4 stube za platformu 29 x H115 cm &#8211; Sklopive teleskopske ljestve od nehr\u0111aju\u0107eg \u010delika.<\/p>\n","protected":false},"featured_media":5938190,"comment_status":"open","ping_status":"closed","template":"","meta":[],"product_brand":[3491],"product_cat":[1618],"product_tag":[],"class_list":{"0":"post-741908","1":"product","2":"type-product","3":"status-publish","4":"has-post-thumbnail","6":"product_brand-trem-hr","7":"product_cat-ljestve-za-brodove","9":"first","10":"instock","11":"shipping-taxable","12":"purchasable","13":"product-type-simple"},"_links":{"self":[{"href":"https:\/\/stoic-curie.212-227-153-4.plesk.page\/hr\/wp-json\/wp\/v2\/product\/741908","targetHints":{"allow":["GET"]}}],"collection":[{"href":"https:\/\/stoic-curie.212-227-153-4.plesk.page\/hr\/wp-json\/wp\/v2\/product"}],"about":[{"href":"https:\/\/stoic-curie.212-227-153-4.plesk.page\/hr\/wp-json\/wp\/v2\/types\/product"}],"replies":[{"embeddable":true,"href":"https:\/\/stoic-curie.212-227-153-4.plesk.page\/hr\/wp-json\/wp\/v2\/comments?post=741908"}],"version-history":[{"count":0,"href":"https:\/\/stoic-curie.212-227-153-4.plesk.page\/hr\/wp-json\/wp\/v2\/product\/741908\/revisions"}],"wp:featuredmedia":[{"embeddable":true,"href":"https:\/\/stoic-curie.212-227-153-4.plesk.page\/hr\/wp-json\/wp\/v2\/media\/5938190"}],"wp:attachment":[{"href":"https:\/\/stoic-curie.212-227-153-4.plesk.page\/hr\/wp-json\/wp\/v2\/media?parent=741908"}],"wp:term":[{"taxonomy":"product_brand","embeddable":true,"href":"https:\/\/stoic-curie.212-227-153-4.plesk.page\/hr\/wp-json\/wp\/v2\/product_brand?post=741908"},{"taxonomy":"product_cat","embeddable":true,"href":"https:\/\/stoic-curie.212-227-153-4.plesk.page\/hr\/wp-json\/wp\/v2\/product_cat?post=741908"},{"taxonomy":"product_tag","embeddable":true,"href":"https:\/\/stoic-curie.212-227-153-4.plesk.page\/hr\/wp-json\/wp\/v2\/product_tag?post=741908"}],"curies":[{"name":"wp","href":"https:\/\/api.w.org\/{rel}","templated":true}]}}