{"id":741909,"date":"2025-03-03T18:17:59","date_gmt":"2025-03-03T17:17:59","guid":{"rendered":"https:\/\/stoic-curie.212-227-153-4.plesk.page\/producto\/minox-krmena-platforma-270x390-mm-s-nosacem-motora\/"},"modified":"2026-02-25T00:00:57","modified_gmt":"2026-02-25T00:00:57","slug":"minox-krmena-platforma-270x390-mm-s-nosacem-motora","status":"publish","type":"product","link":"https:\/\/stoic-curie.212-227-153-4.plesk.page\/hr\/product\/minox-krmena-platforma-270x390-mm-s-nosacem-motora\/","title":{"rendered":"Minox krmena platforma 270&#215;390 mm s nosacem motora"},"content":{"rendered":"<p>Minox krmena platforma 270&#215;390 mm s nosacem motora &#8211; <\/p>\n<p>Platforme za plivanje od nehr\u0111aju\u0107eg \u010delika s morskim drvenim daskama i nosa\u010dem za vanbrodski motor.<\/p>\n","protected":false},"excerpt":{"rendered":"<p>Minox krmena platforma 270&#215;390 mm s nosacem motora &#8211; Platforme za plivanje od nehr\u0111aju\u0107eg \u010delika s morskim drvenim daskama i<\/p>\n","protected":false},"featured_media":5943220,"comment_status":"open","ping_status":"closed","template":"","meta":[],"product_brand":[3491],"product_cat":[1694,1827,1614],"product_tag":[],"class_list":{"0":"post-741909","1":"product","2":"type-product","3":"status-publish","4":"has-post-thumbnail","6":"product_brand-trem-hr","7":"product_cat-brodske-krmene-platforme","8":"product_cat-dodatna-oprema-za-vanbrodske-motore","9":"product_cat-platforme-za-plivanje-na-brodu","11":"first","12":"instock","13":"shipping-taxable","14":"purchasable","15":"product-type-simple"},"_links":{"self":[{"href":"https:\/\/stoic-curie.212-227-153-4.plesk.page\/hr\/wp-json\/wp\/v2\/product\/741909","targetHints":{"allow":["GET"]}}],"collection":[{"href":"https:\/\/stoic-curie.212-227-153-4.plesk.page\/hr\/wp-json\/wp\/v2\/product"}],"about":[{"href":"https:\/\/stoic-curie.212-227-153-4.plesk.page\/hr\/wp-json\/wp\/v2\/types\/product"}],"replies":[{"embeddable":true,"href":"https:\/\/stoic-curie.212-227-153-4.plesk.page\/hr\/wp-json\/wp\/v2\/comments?post=741909"}],"version-history":[{"count":0,"href":"https:\/\/stoic-curie.212-227-153-4.plesk.page\/hr\/wp-json\/wp\/v2\/product\/741909\/revisions"}],"wp:featuredmedia":[{"embeddable":true,"href":"https:\/\/stoic-curie.212-227-153-4.plesk.page\/hr\/wp-json\/wp\/v2\/media\/5943220"}],"wp:attachment":[{"href":"https:\/\/stoic-curie.212-227-153-4.plesk.page\/hr\/wp-json\/wp\/v2\/media?parent=741909"}],"wp:term":[{"taxonomy":"product_brand","embeddable":true,"href":"https:\/\/stoic-curie.212-227-153-4.plesk.page\/hr\/wp-json\/wp\/v2\/product_brand?post=741909"},{"taxonomy":"product_cat","embeddable":true,"href":"https:\/\/stoic-curie.212-227-153-4.plesk.page\/hr\/wp-json\/wp\/v2\/product_cat?post=741909"},{"taxonomy":"product_tag","embeddable":true,"href":"https:\/\/stoic-curie.212-227-153-4.plesk.page\/hr\/wp-json\/wp\/v2\/product_tag?post=741909"}],"curies":[{"name":"wp","href":"https:\/\/api.w.org\/{rel}","templated":true}]}}